{"id":9718,"date":"2024-12-31T10:01:10","date_gmt":"2024-12-31T08:01:10","guid":{"rendered":"https:\/\/www.myfitness.lv\/gruppovoe-obuchenie\/body-mind\/verve\/"},"modified":"2025-05-28T16:04:23","modified_gmt":"2025-05-28T13:04:23","slug":"verve","status":"publish","type":"page","link":"https:\/\/www.myfitness.lv\/ru\/gruppovoe-obuchenie\/body-mind\/verve\/","title":{"rendered":"VERVE"},"content":{"rendered":"\t\t<div data-elementor-type=\"wp-page\" data-elementor-id=\"9718\" class=\"elementor elementor-9718 elementor-3521\" data-elementor-post-type=\"page\">\n\t\t\t\t<div class=\"elementor-element elementor-element-23399f2 e-flex e-con-boxed e-con e-parent\" data-id=\"23399f2\" data-element_type=\"container\" data-e-type=\"container\" data-settings=\"{&quot;background_background&quot;:&quot;classic&quot;}\">\n\t\t\t\t\t<div class=\"e-con-inner\">\n\t\t<div class=\"elementor-element elementor-element-0017431 e-con-full e-flex e-con e-child\" data-id=\"0017431\" data-element_type=\"container\" data-e-type=\"container\" data-settings=\"{&quot;background_background&quot;:&quot;classic&quot;}\">\n\t\t\t\t<div class=\"elementor-element elementor-element-a26e3a3 elementor-widget elementor-widget-heading\" data-id=\"a26e3a3\" data-element_type=\"widget\" data-e-type=\"widget\" data-widget_type=\"heading.default\">\n\t\t\t\t<div class=\"elementor-widget-container\">\n\t\t\t\t\t<h1 class=\"elementor-heading-title elementor-size-default\">VERVE<\/h1>\t\t\t\t<\/div>\n\t\t\t\t<\/div>\n\t\t\t\t<div class=\"elementor-element elementor-element-52ca8a5 elementor-widget elementor-widget-text-editor\" data-id=\"52ca8a5\" data-element_type=\"widget\" data-e-type=\"widget\" data-widget_type=\"text-editor.default\">\n\t\t\t\t<div class=\"elementor-widget-container\">\n\t\t\t\t\t\t\t\t\t<p>\u0422\u0440\u0435\u043d\u0438\u0440\u043e\u0432\u043a\u0430 \u0434\u043b\u044f \u0442\u0435\u043b\u0430 \u0438 \u0434\u0443\u0445\u0430, \u043e\u0431\u044a\u0435\u0434\u0438\u043d\u044f\u044e\u0449\u0430\u044f \u044d\u043b\u0435\u043c\u0435\u043d\u0442\u044b \u0439\u043e\u0433\u0438 \u0438 \u043f\u0438\u043b\u0430\u0442\u0435\u0441\u0430 \u0438 \u0432\u043a\u043b\u044e\u0447\u0430\u044e\u0449\u0430\u044f \u0440\u0430\u0441\u0441\u043b\u0430\u0431\u043b\u044f\u044e\u0449\u0438\u0435 \u0440\u0430\u0441\u0442\u044f\u0436\u043a\u0438 \u0438 \u043f\u0440\u043e\u0440\u0430\u0431\u043e\u0442\u043a\u0443 \u043c\u044b\u0448\u0446. \u0423\u043f\u0440\u0430\u0436\u043d\u0435\u043d\u0438\u044f \u043d\u0430\u043f\u0440\u0430\u0432\u043b\u0435\u043d\u044b \u043d\u0430 \u043f\u043e\u0434\u0432\u0438\u0436\u043d\u043e\u0441\u0442\u044c \u043f\u043b\u0435\u0447 \u0438 \u0442\u0430\u0437\u043e\u0431\u0435\u0434\u0440\u0435\u043d\u043d\u044b\u0445 \u0441\u0443\u0441\u0442\u0430\u0432\u043e\u0432, \u043f\u043e\u043c\u043e\u0433\u0430\u044f \u0441\u043d\u044f\u0442\u044c \u043d\u0430\u043f\u0440\u044f\u0436\u0435\u043d\u0438\u0435 \u0432 \u0441\u043f\u0438\u043d\u0435 \u0438 \u0440\u0430\u0437\u0433\u0440\u0443\u0437\u0438\u0442\u044c \u0433\u043e\u043b\u043e\u0432\u0443. \u041f\u043e\u0441\u043b\u0435 \u0442\u0440\u0435\u043d\u0438\u0440\u043e\u0432\u043a\u0438 VERVE \u0432\u044b \u043f\u043e\u0447\u0443\u0432\u0441\u0442\u0432\u0443\u0435\u0442\u0435 \u043f\u0440\u0438\u043b\u0438\u0432 \u0441\u0438\u043b, \u0431\u0443\u0434\u0442\u043e \u043f\u043e\u0441\u043b\u0435 \u043e\u0442\u0434\u044b\u0445\u0430.<\/p>\n\t\t\t\t\t\t\t\t<\/div>\n\t\t\t\t<\/div>\n\t\t\t\t<div class=\"elementor-element elementor-element-7b2aa9a elementor-widget elementor-widget-button\" data-id=\"7b2aa9a\" data-element_type=\"widget\" data-e-type=\"widget\" data-widget_type=\"button.default\">\n\t\t\t\t<div class=\"elementor-widget-container\">\n\t\t\t\t\t\t\t\t\t<div class=\"elementor-button-wrapper\">\n\t\t\t\t\t<a class=\"elementor-button elementor-button-link elementor-size-sm\" href=\"https:\/\/www.myfitness.lv\/ru\/raspisanie-treningi\/\">\n\t\t\t\t\t\t<span class=\"elementor-button-content-wrapper\">\n\t\t\t\t\t\t\t\t\t<span class=\"elementor-button-text\">\u0417\u0430\u0431\u0440\u043e\u043d\u0438\u0440\u043e\u0432\u0430\u0442\u044c<\/span>\n\t\t\t\t\t<\/span>\n\t\t\t\t\t<\/a>\n\t\t\t\t<\/div>\n\t\t\t\t\t\t\t\t<\/div>\n\t\t\t\t<\/div>\n\t\t\t\t<\/div>\n\t\t\t\t\t<\/div>\n\t\t\t\t<\/div>\n\t\t\t\t<\/div>\n\t\t","protected":false},"excerpt":{"rendered":"<p>\u0422\u0440\u0435\u043d\u0438\u0440\u043e\u0432\u043a\u0430 \u0434\u043b\u044f \u0442\u0435\u043b\u0430 \u0438 \u0434\u0443\u0445\u0430, \u043e\u0431\u044a\u0435\u0434\u0438\u043d\u044f\u044e\u0449\u0430\u044f \u044d\u043b\u0435\u043c\u0435\u043d\u0442\u044b \u0439\u043e\u0433\u0438 \u0438 \u043f\u0438\u043b\u0430\u0442\u0435\u0441\u0430 \u0438 \u0432\u043a\u043b\u044e\u0447\u0430\u044e\u0449\u0430\u044f \u0440\u0430\u0441\u0441\u043b\u0430\u0431\u043b\u044f\u044e\u0449\u0438\u0435 \u0440\u0430\u0441\u0442\u044f\u0436\u043a\u0438 \u0438 \u043f\u0440\u043e\u0440\u0430\u0431\u043e\u0442\u043a\u0443 \u043c\u044b\u0448\u0446. \u0423\u043f\u0440\u0430\u0436\u043d\u0435\u043d\u0438\u044f \u043d\u0430\u043f\u0440\u0430\u0432\u043b\u0435\u043d\u044b \u043d\u0430 \u043f\u043e\u0434\u0432\u0438\u0436\u043d\u043e\u0441\u0442\u044c \u043f\u043b\u0435\u0447 \u0438 \u0442\u0430\u0437\u043e\u0431\u0435\u0434\u0440\u0435\u043d\u043d\u044b\u0445 \u0441\u0443\u0441\u0442\u0430\u0432\u043e\u0432, \u043f\u043e\u043c\u043e\u0433\u0430\u044f \u0441\u043d\u044f\u0442\u044c \u043d\u0430\u043f\u0440\u044f\u0436\u0435\u043d\u0438\u0435 \u0432 \u0441\u043f\u0438\u043d\u0435 \u0438 \u0440\u0430\u0437\u0433\u0440\u0443\u0437\u0438\u0442\u044c \u0433\u043e\u043b\u043e\u0432\u0443. \u041f\u043e\u0441\u043b\u0435 \u0442\u0440\u0435\u043d\u0438\u0440\u043e\u0432\u043a\u0438 VERVE \u0432\u044b \u043f\u043e\u0447\u0443\u0432\u0441\u0442\u0432\u0443\u0435\u0442\u0435 \u043f\u0440\u0438\u043b\u0438\u0432 \u0441\u0438\u043b, \u0431\u0443\u0434\u0442\u043e \u043f\u043e\u0441\u043b\u0435 \u043e\u0442\u0434\u044b\u0445\u0430. \u0417\u0430\u0431\u0440\u043e\u043d\u0438\u0440\u043e\u0432\u0430\u0442\u044c<\/p>\n","protected":false},"author":1,"featured_media":17342,"parent":9525,"menu_order":10,"comment_status":"closed","ping_status":"closed","template":"","meta":{"_acf_changed":false,"footnotes":""},"training_feature":[],"class_list":["post-9718","page","type-page","status-publish","has-post-thumbnail","hentry"],"acf":[],"yoast_head":"<!-- This site is optimized with the Yoast SEO plugin v27.4 - https:\/\/yoast.com\/product\/yoast-seo-wordpress\/ -->\n<title>VERVE - MyFitness sports club<\/title>\n<meta name=\"robots\" content=\"index, follow, max-snippet:-1, max-image-preview:large, max-video-preview:-1\" \/>\n<link rel=\"canonical\" href=\"https:\/\/www.myfitness.lv\/ru\/gruppovoe-obuchenie\/body-mind\/verve\/\" \/>\n<meta property=\"og:locale\" content=\"ru_RU\" \/>\n<meta property=\"og:type\" content=\"article\" \/>\n<meta property=\"og:title\" content=\"VERVE - MyFitness sports club\" \/>\n<meta property=\"og:description\" content=\"\u0422\u0440\u0435\u043d\u0438\u0440\u043e\u0432\u043a\u0430 \u0434\u043b\u044f \u0442\u0435\u043b\u0430 \u0438 \u0434\u0443\u0445\u0430, \u043e\u0431\u044a\u0435\u0434\u0438\u043d\u044f\u044e\u0449\u0430\u044f \u044d\u043b\u0435\u043c\u0435\u043d\u0442\u044b \u0439\u043e\u0433\u0438 \u0438 \u043f\u0438\u043b\u0430\u0442\u0435\u0441\u0430 \u0438 \u0432\u043a\u043b\u044e\u0447\u0430\u044e\u0449\u0430\u044f \u0440\u0430\u0441\u0441\u043b\u0430\u0431\u043b\u044f\u044e\u0449\u0438\u0435 \u0440\u0430\u0441\u0442\u044f\u0436\u043a\u0438 \u0438 \u043f\u0440\u043e\u0440\u0430\u0431\u043e\u0442\u043a\u0443 \u043c\u044b\u0448\u0446. \u0423\u043f\u0440\u0430\u0436\u043d\u0435\u043d\u0438\u044f \u043d\u0430\u043f\u0440\u0430\u0432\u043b\u0435\u043d\u044b \u043d\u0430 \u043f\u043e\u0434\u0432\u0438\u0436\u043d\u043e\u0441\u0442\u044c \u043f\u043b\u0435\u0447 \u0438 \u0442\u0430\u0437\u043e\u0431\u0435\u0434\u0440\u0435\u043d\u043d\u044b\u0445 \u0441\u0443\u0441\u0442\u0430\u0432\u043e\u0432, \u043f\u043e\u043c\u043e\u0433\u0430\u044f \u0441\u043d\u044f\u0442\u044c \u043d\u0430\u043f\u0440\u044f\u0436\u0435\u043d\u0438\u0435 \u0432 \u0441\u043f\u0438\u043d\u0435 \u0438 \u0440\u0430\u0437\u0433\u0440\u0443\u0437\u0438\u0442\u044c \u0433\u043e\u043b\u043e\u0432\u0443. \u041f\u043e\u0441\u043b\u0435 \u0442\u0440\u0435\u043d\u0438\u0440\u043e\u0432\u043a\u0438 VERVE \u0432\u044b \u043f\u043e\u0447\u0443\u0432\u0441\u0442\u0432\u0443\u0435\u0442\u0435 \u043f\u0440\u0438\u043b\u0438\u0432 \u0441\u0438\u043b, \u0431\u0443\u0434\u0442\u043e \u043f\u043e\u0441\u043b\u0435 \u043e\u0442\u0434\u044b\u0445\u0430. \u0417\u0430\u0431\u0440\u043e\u043d\u0438\u0440\u043e\u0432\u0430\u0442\u044c\" \/>\n<meta property=\"og:url\" content=\"https:\/\/www.myfitness.lv\/ru\/gruppovoe-obuchenie\/body-mind\/verve\/\" \/>\n<meta property=\"og:site_name\" content=\"MyFitness sports club\" \/>\n<meta property=\"article:publisher\" content=\"https:\/\/www.facebook.com\/MyFitness\/\" \/>\n<meta property=\"article:modified_time\" content=\"2025-05-28T13:04:23+00:00\" \/>\n<meta property=\"og:image\" content=\"https:\/\/myf-lv.webme.ee\/wp-content\/uploads\/2025\/05\/dsc_4302.jpg\" \/>\n\t<meta property=\"og:image:width\" content=\"1920\" \/>\n\t<meta property=\"og:image:height\" content=\"1278\" \/>\n\t<meta property=\"og:image:type\" content=\"image\/jpeg\" \/>\n<meta name=\"twitter:card\" content=\"summary_large_image\" \/>\n<script type=\"application\/ld+json\" class=\"yoast-schema-graph\">{\"@context\":\"https:\\\/\\\/schema.org\",\"@graph\":[{\"@type\":\"WebPage\",\"@id\":\"https:\\\/\\\/www.myfitness.lv\\\/ru\\\/gruppovoe-obuchenie\\\/body-mind\\\/verve\\\/\",\"url\":\"https:\\\/\\\/www.myfitness.lv\\\/ru\\\/gruppovoe-obuchenie\\\/body-mind\\\/verve\\\/\",\"name\":\"VERVE - MyFitness sports club\",\"isPartOf\":{\"@id\":\"https:\\\/\\\/www.myfitness.ee\\\/#website\"},\"primaryImageOfPage\":{\"@id\":\"https:\\\/\\\/www.myfitness.lv\\\/ru\\\/gruppovoe-obuchenie\\\/body-mind\\\/verve\\\/#primaryimage\"},\"image\":{\"@id\":\"https:\\\/\\\/www.myfitness.lv\\\/ru\\\/gruppovoe-obuchenie\\\/body-mind\\\/verve\\\/#primaryimage\"},\"thumbnailUrl\":\"https:\\\/\\\/www.myfitness.lv\\\/wp-content\\\/uploads\\\/2025\\\/05\\\/dsc_4302.jpg\",\"datePublished\":\"2024-12-31T08:01:10+00:00\",\"dateModified\":\"2025-05-28T13:04:23+00:00\",\"breadcrumb\":{\"@id\":\"https:\\\/\\\/www.myfitness.lv\\\/ru\\\/gruppovoe-obuchenie\\\/body-mind\\\/verve\\\/#breadcrumb\"},\"inLanguage\":\"ru-RU\",\"potentialAction\":[{\"@type\":\"ReadAction\",\"target\":[\"https:\\\/\\\/www.myfitness.lv\\\/ru\\\/gruppovoe-obuchenie\\\/body-mind\\\/verve\\\/\"]}]},{\"@type\":\"ImageObject\",\"inLanguage\":\"ru-RU\",\"@id\":\"https:\\\/\\\/www.myfitness.lv\\\/ru\\\/gruppovoe-obuchenie\\\/body-mind\\\/verve\\\/#primaryimage\",\"url\":\"https:\\\/\\\/www.myfitness.lv\\\/wp-content\\\/uploads\\\/2025\\\/05\\\/dsc_4302.jpg\",\"contentUrl\":\"https:\\\/\\\/www.myfitness.lv\\\/wp-content\\\/uploads\\\/2025\\\/05\\\/dsc_4302.jpg\",\"width\":1920,\"height\":1278},{\"@type\":\"BreadcrumbList\",\"@id\":\"https:\\\/\\\/www.myfitness.lv\\\/ru\\\/gruppovoe-obuchenie\\\/body-mind\\\/verve\\\/#breadcrumb\",\"itemListElement\":[{\"@type\":\"ListItem\",\"position\":1,\"name\":\"Home\",\"item\":\"https:\\\/\\\/www.myfitness.lv\\\/ru\\\/\"},{\"@type\":\"ListItem\",\"position\":2,\"name\":\"\u0413\u0440\u0443\u043f\u043f\u043e\u0432\u043e\u0435 \u043e\u0431\u0443\u0447\u0435\u043d\u0438\u0435\",\"item\":\"https:\\\/\\\/www.myfitness.lv\\\/ru\\\/grupu-nodarbibas\\\/\"},{\"@type\":\"ListItem\",\"position\":3,\"name\":\"Body &amp; Mind\",\"item\":\"https:\\\/\\\/www.myfitness.lv\\\/ru\\\/grupu-nodarbibas\\\/body-mind\\\/\"},{\"@type\":\"ListItem\",\"position\":4,\"name\":\"VERVE\"}]},{\"@type\":\"WebSite\",\"@id\":\"https:\\\/\\\/www.myfitness.ee\\\/#website\",\"url\":\"https:\\\/\\\/www.myfitness.ee\\\/\",\"name\":\"MyFitness sports club\",\"description\":\"Ieguld\u012bjums vesel\u012bb\u0101\",\"publisher\":{\"@id\":\"https:\\\/\\\/www.myfitness.ee\\\/#organization\"},\"potentialAction\":[{\"@type\":\"SearchAction\",\"target\":{\"@type\":\"EntryPoint\",\"urlTemplate\":\"https:\\\/\\\/www.myfitness.ee\\\/?s={search_term_string}\"},\"query-input\":{\"@type\":\"PropertyValueSpecification\",\"valueRequired\":true,\"valueName\":\"search_term_string\"}}],\"inLanguage\":\"ru-RU\"},{\"@type\":\"Organization\",\"@id\":\"https:\\\/\\\/www.myfitness.ee\\\/#organization\",\"name\":\"MyFitness spordiklubi\",\"url\":\"https:\\\/\\\/www.myfitness.ee\\\/\",\"logo\":{\"@type\":\"ImageObject\",\"inLanguage\":\"ru-RU\",\"@id\":\"https:\\\/\\\/www.myfitness.ee\\\/#\\\/schema\\\/logo\\\/image\\\/\",\"url\":\"https:\\\/\\\/www.myfitness.lv\\\/wp-content\\\/uploads\\\/2024\\\/09\\\/logo-myfitness-white.svg\",\"contentUrl\":\"https:\\\/\\\/www.myfitness.lv\\\/wp-content\\\/uploads\\\/2024\\\/09\\\/logo-myfitness-white.svg\",\"width\":172,\"height\":49,\"caption\":\"MyFitness spordiklubi\"},\"image\":{\"@id\":\"https:\\\/\\\/www.myfitness.ee\\\/#\\\/schema\\\/logo\\\/image\\\/\"},\"sameAs\":[\"https:\\\/\\\/www.facebook.com\\\/MyFitness\\\/\",\"https:\\\/\\\/www.instagram.com\\\/myfitnesseesti\\\/\",\"https:\\\/\\\/ee.linkedin.com\\\/company\\\/myfitness-group\"]}]}<\/script>\n<!-- \/ Yoast SEO plugin. -->","yoast_head_json":{"title":"VERVE - MyFitness sports club","robots":{"index":"index","follow":"follow","max-snippet":"max-snippet:-1","max-image-preview":"max-image-preview:large","max-video-preview":"max-video-preview:-1"},"canonical":"https:\/\/www.myfitness.lv\/ru\/gruppovoe-obuchenie\/body-mind\/verve\/","og_locale":"ru_RU","og_type":"article","og_title":"VERVE - MyFitness sports club","og_description":"\u0422\u0440\u0435\u043d\u0438\u0440\u043e\u0432\u043a\u0430 \u0434\u043b\u044f \u0442\u0435\u043b\u0430 \u0438 \u0434\u0443\u0445\u0430, \u043e\u0431\u044a\u0435\u0434\u0438\u043d\u044f\u044e\u0449\u0430\u044f \u044d\u043b\u0435\u043c\u0435\u043d\u0442\u044b \u0439\u043e\u0433\u0438 \u0438 \u043f\u0438\u043b\u0430\u0442\u0435\u0441\u0430 \u0438 \u0432\u043a\u043b\u044e\u0447\u0430\u044e\u0449\u0430\u044f \u0440\u0430\u0441\u0441\u043b\u0430\u0431\u043b\u044f\u044e\u0449\u0438\u0435 \u0440\u0430\u0441\u0442\u044f\u0436\u043a\u0438 \u0438 \u043f\u0440\u043e\u0440\u0430\u0431\u043e\u0442\u043a\u0443 \u043c\u044b\u0448\u0446. \u0423\u043f\u0440\u0430\u0436\u043d\u0435\u043d\u0438\u044f \u043d\u0430\u043f\u0440\u0430\u0432\u043b\u0435\u043d\u044b \u043d\u0430 \u043f\u043e\u0434\u0432\u0438\u0436\u043d\u043e\u0441\u0442\u044c \u043f\u043b\u0435\u0447 \u0438 \u0442\u0430\u0437\u043e\u0431\u0435\u0434\u0440\u0435\u043d\u043d\u044b\u0445 \u0441\u0443\u0441\u0442\u0430\u0432\u043e\u0432, \u043f\u043e\u043c\u043e\u0433\u0430\u044f \u0441\u043d\u044f\u0442\u044c \u043d\u0430\u043f\u0440\u044f\u0436\u0435\u043d\u0438\u0435 \u0432 \u0441\u043f\u0438\u043d\u0435 \u0438 \u0440\u0430\u0437\u0433\u0440\u0443\u0437\u0438\u0442\u044c \u0433\u043e\u043b\u043e\u0432\u0443. \u041f\u043e\u0441\u043b\u0435 \u0442\u0440\u0435\u043d\u0438\u0440\u043e\u0432\u043a\u0438 VERVE \u0432\u044b \u043f\u043e\u0447\u0443\u0432\u0441\u0442\u0432\u0443\u0435\u0442\u0435 \u043f\u0440\u0438\u043b\u0438\u0432 \u0441\u0438\u043b, \u0431\u0443\u0434\u0442\u043e \u043f\u043e\u0441\u043b\u0435 \u043e\u0442\u0434\u044b\u0445\u0430. \u0417\u0430\u0431\u0440\u043e\u043d\u0438\u0440\u043e\u0432\u0430\u0442\u044c","og_url":"https:\/\/www.myfitness.lv\/ru\/gruppovoe-obuchenie\/body-mind\/verve\/","og_site_name":"MyFitness sports club","article_publisher":"https:\/\/www.facebook.com\/MyFitness\/","article_modified_time":"2025-05-28T13:04:23+00:00","og_image":[{"width":1920,"height":1278,"url":"https:\/\/myf-lv.webme.ee\/wp-content\/uploads\/2025\/05\/dsc_4302.jpg","type":"image\/jpeg"}],"twitter_card":"summary_large_image","schema":{"@context":"https:\/\/schema.org","@graph":[{"@type":"WebPage","@id":"https:\/\/www.myfitness.lv\/ru\/gruppovoe-obuchenie\/body-mind\/verve\/","url":"https:\/\/www.myfitness.lv\/ru\/gruppovoe-obuchenie\/body-mind\/verve\/","name":"VERVE - MyFitness sports club","isPartOf":{"@id":"https:\/\/www.myfitness.ee\/#website"},"primaryImageOfPage":{"@id":"https:\/\/www.myfitness.lv\/ru\/gruppovoe-obuchenie\/body-mind\/verve\/#primaryimage"},"image":{"@id":"https:\/\/www.myfitness.lv\/ru\/gruppovoe-obuchenie\/body-mind\/verve\/#primaryimage"},"thumbnailUrl":"https:\/\/www.myfitness.lv\/wp-content\/uploads\/2025\/05\/dsc_4302.jpg","datePublished":"2024-12-31T08:01:10+00:00","dateModified":"2025-05-28T13:04:23+00:00","breadcrumb":{"@id":"https:\/\/www.myfitness.lv\/ru\/gruppovoe-obuchenie\/body-mind\/verve\/#breadcrumb"},"inLanguage":"ru-RU","potentialAction":[{"@type":"ReadAction","target":["https:\/\/www.myfitness.lv\/ru\/gruppovoe-obuchenie\/body-mind\/verve\/"]}]},{"@type":"ImageObject","inLanguage":"ru-RU","@id":"https:\/\/www.myfitness.lv\/ru\/gruppovoe-obuchenie\/body-mind\/verve\/#primaryimage","url":"https:\/\/www.myfitness.lv\/wp-content\/uploads\/2025\/05\/dsc_4302.jpg","contentUrl":"https:\/\/www.myfitness.lv\/wp-content\/uploads\/2025\/05\/dsc_4302.jpg","width":1920,"height":1278},{"@type":"BreadcrumbList","@id":"https:\/\/www.myfitness.lv\/ru\/gruppovoe-obuchenie\/body-mind\/verve\/#breadcrumb","itemListElement":[{"@type":"ListItem","position":1,"name":"Home","item":"https:\/\/www.myfitness.lv\/ru\/"},{"@type":"ListItem","position":2,"name":"\u0413\u0440\u0443\u043f\u043f\u043e\u0432\u043e\u0435 \u043e\u0431\u0443\u0447\u0435\u043d\u0438\u0435","item":"https:\/\/www.myfitness.lv\/ru\/grupu-nodarbibas\/"},{"@type":"ListItem","position":3,"name":"Body &amp; Mind","item":"https:\/\/www.myfitness.lv\/ru\/grupu-nodarbibas\/body-mind\/"},{"@type":"ListItem","position":4,"name":"VERVE"}]},{"@type":"WebSite","@id":"https:\/\/www.myfitness.ee\/#website","url":"https:\/\/www.myfitness.ee\/","name":"MyFitness sports club","description":"Ieguld\u012bjums vesel\u012bb\u0101","publisher":{"@id":"https:\/\/www.myfitness.ee\/#organization"},"potentialAction":[{"@type":"SearchAction","target":{"@type":"EntryPoint","urlTemplate":"https:\/\/www.myfitness.ee\/?s={search_term_string}"},"query-input":{"@type":"PropertyValueSpecification","valueRequired":true,"valueName":"search_term_string"}}],"inLanguage":"ru-RU"},{"@type":"Organization","@id":"https:\/\/www.myfitness.ee\/#organization","name":"MyFitness spordiklubi","url":"https:\/\/www.myfitness.ee\/","logo":{"@type":"ImageObject","inLanguage":"ru-RU","@id":"https:\/\/www.myfitness.ee\/#\/schema\/logo\/image\/","url":"https:\/\/www.myfitness.lv\/wp-content\/uploads\/2024\/09\/logo-myfitness-white.svg","contentUrl":"https:\/\/www.myfitness.lv\/wp-content\/uploads\/2024\/09\/logo-myfitness-white.svg","width":172,"height":49,"caption":"MyFitness spordiklubi"},"image":{"@id":"https:\/\/www.myfitness.ee\/#\/schema\/logo\/image\/"},"sameAs":["https:\/\/www.facebook.com\/MyFitness\/","https:\/\/www.instagram.com\/myfitnesseesti\/","https:\/\/ee.linkedin.com\/company\/myfitness-group"]}]}},"_links":{"self":[{"href":"https:\/\/www.myfitness.lv\/ru\/wp-json\/wp\/v2\/pages\/9718","targetHints":{"allow":["GET"]}}],"collection":[{"href":"https:\/\/www.myfitness.lv\/ru\/wp-json\/wp\/v2\/pages"}],"about":[{"href":"https:\/\/www.myfitness.lv\/ru\/wp-json\/wp\/v2\/types\/page"}],"author":[{"embeddable":true,"href":"https:\/\/www.myfitness.lv\/ru\/wp-json\/wp\/v2\/users\/1"}],"replies":[{"embeddable":true,"href":"https:\/\/www.myfitness.lv\/ru\/wp-json\/wp\/v2\/comments?post=9718"}],"version-history":[{"count":2,"href":"https:\/\/www.myfitness.lv\/ru\/wp-json\/wp\/v2\/pages\/9718\/revisions"}],"predecessor-version":[{"id":16283,"href":"https:\/\/www.myfitness.lv\/ru\/wp-json\/wp\/v2\/pages\/9718\/revisions\/16283"}],"up":[{"embeddable":true,"href":"https:\/\/www.myfitness.lv\/ru\/wp-json\/wp\/v2\/pages\/9525"}],"wp:featuredmedia":[{"embeddable":true,"href":"https:\/\/www.myfitness.lv\/ru\/wp-json\/wp\/v2\/media\/17342"}],"wp:attachment":[{"href":"https:\/\/www.myfitness.lv\/ru\/wp-json\/wp\/v2\/media?parent=9718"}],"wp:term":[{"taxonomy":"training_feature","embeddable":true,"href":"https:\/\/www.myfitness.lv\/ru\/wp-json\/wp\/v2\/training_feature?post=9718"}],"curies":[{"name":"wp","href":"https:\/\/api.w.org\/{rel}","templated":true}]}}