{"id":9595,"date":"2024-12-31T09:30:22","date_gmt":"2024-12-31T07:30:22","guid":{"rendered":"https:\/\/www.myfitness.lv\/gruppovoe-obuchenie\/cardio\/bodycombat\/"},"modified":"2025-05-28T15:50:01","modified_gmt":"2025-05-28T12:50:01","slug":"super-core","status":"publish","type":"page","link":"https:\/\/www.myfitness.lv\/ru\/gruppovoe-obuchenie\/cardio\/super-core\/","title":{"rendered":"Super Core"},"content":{"rendered":"\t\t<div data-elementor-type=\"wp-page\" data-elementor-id=\"9595\" class=\"elementor elementor-9595 elementor-3400\" data-elementor-post-type=\"page\">\n\t\t\t\t<div class=\"elementor-element elementor-element-23399f2 e-flex e-con-boxed e-con e-parent\" data-id=\"23399f2\" data-element_type=\"container\" data-e-type=\"container\" data-settings=\"{&quot;background_background&quot;:&quot;classic&quot;}\">\n\t\t\t\t\t<div class=\"e-con-inner\">\n\t\t<div class=\"elementor-element elementor-element-0017431 e-con-full e-flex e-con e-child\" data-id=\"0017431\" data-element_type=\"container\" data-e-type=\"container\" data-settings=\"{&quot;background_background&quot;:&quot;classic&quot;}\">\n\t\t\t\t<div class=\"elementor-element elementor-element-a26e3a3 elementor-widget elementor-widget-heading\" data-id=\"a26e3a3\" data-element_type=\"widget\" data-e-type=\"widget\" data-widget_type=\"heading.default\">\n\t\t\t\t<div class=\"elementor-widget-container\">\n\t\t\t\t\t<h1 class=\"elementor-heading-title elementor-size-default\">Super Core<\/h1>\t\t\t\t<\/div>\n\t\t\t\t<\/div>\n\t\t\t\t<div class=\"elementor-element elementor-element-52ca8a5 elementor-widget elementor-widget-text-editor\" data-id=\"52ca8a5\" data-element_type=\"widget\" data-e-type=\"widget\" data-widget_type=\"text-editor.default\">\n\t\t\t\t<div class=\"elementor-widget-container\">\n\t\t\t\t\t\t\t\t\t<p>Super Core \u2014 \u044d\u0442\u043e \u0442\u0440\u0435\u043d\u0438\u0440\u043e\u0432\u043a\u0430, \u043f\u0440\u0438\u0437\u0432\u0430\u043d\u043d\u0430\u044f \u043f\u043e\u043c\u043e\u0447\u044c \u0432\u0430\u043c \u043e\u0431\u0440\u0435\u0441\u0442\u0438 \u0436\u0435\u043b\u0430\u0435\u043c\u0443\u044e \u0444\u043e\u0440\u043c\u0443 \u0442\u0435\u043b\u0430 \u0438 \u043f\u043e\u0434\u0434\u0435\u0440\u0436\u0438\u0432\u0430\u0442\u044c \u0435\u0435 \u0432 \u0442\u0435\u0447\u0435\u043d\u0438\u0435 \u0432\u0441\u0435\u0433\u043e \u0433\u043e\u0434\u0430, \u0430 \u0441\u043f\u0435\u0446\u0438\u0444\u0438\u043a\u0430 \u0437\u0430\u043d\u044f\u0442\u0438\u0439 \u0441\u043f\u043e\u0441\u043e\u0431\u0441\u0442\u0432\u0443\u0435\u0442 \u0441\u0436\u0438\u0433\u0430\u043d\u0438\u044e \u043a\u0430\u043b\u043e\u0440\u0438\u0439 \u0438 \u0440\u0435\u043b\u044c\u0435\u0444\u0443 \u043c\u044b\u0448\u0446. \u0422\u0440\u0435\u043d\u0438\u0440\u043e\u0432\u043a\u0430 \u0434\u043b\u044f \u0432\u0441\u0435\u0433\u043e \u0442\u0435\u043b\u0430, \u043d\u0430\u043f\u0440\u0430\u0432\u043b\u0435\u043d\u043d\u0430\u044f \u043d\u0430 \u0443\u043a\u0440\u0435\u043f\u043b\u0435\u043d\u0438\u0435 \u043c\u044b\u0448\u0446 \u043a\u043e\u0440\u043f\u0443\u0441\u0430, \u044f\u0433\u043e\u0434\u0438\u0446 \u0438 \u0441\u043f\u0438\u043d\u044b. \u0412\u0441\u0435 \u0443\u043f\u0440\u0430\u0436\u043d\u0435\u043d\u0438\u044f \u043b\u0435\u0433\u043a\u043e \u0430\u0434\u0430\u043f\u0442\u0438\u0440\u0443\u044e\u0442\u0441\u044f \u043a \u0440\u0430\u0437\u043d\u044b\u043c \u0443\u0440\u043e\u0432\u043d\u044f\u043c \u0444\u0438\u0437\u0438\u0447\u0435\u0441\u043a\u043e\u0439 \u043f\u043e\u0434\u0433\u043e\u0442\u043e\u0432\u043a\u0438.<\/p>\n\t\t\t\t\t\t\t\t<\/div>\n\t\t\t\t<\/div>\n\t\t\t\t<div class=\"elementor-element elementor-element-7b2aa9a elementor-widget elementor-widget-button\" data-id=\"7b2aa9a\" data-element_type=\"widget\" data-e-type=\"widget\" data-widget_type=\"button.default\">\n\t\t\t\t<div class=\"elementor-widget-container\">\n\t\t\t\t\t\t\t\t\t<div class=\"elementor-button-wrapper\">\n\t\t\t\t\t<a class=\"elementor-button elementor-button-link elementor-size-sm\" href=\"https:\/\/www.myfitness.lv\/ru\/raspisanie-treningi\/\">\n\t\t\t\t\t\t<span class=\"elementor-button-content-wrapper\">\n\t\t\t\t\t\t\t\t\t<span class=\"elementor-button-text\">\u0417\u0430\u0431\u0440\u043e\u043d\u0438\u0440\u043e\u0432\u0430\u0442\u044c<\/span>\n\t\t\t\t\t<\/span>\n\t\t\t\t\t<\/a>\n\t\t\t\t<\/div>\n\t\t\t\t\t\t\t\t<\/div>\n\t\t\t\t<\/div>\n\t\t\t\t<\/div>\n\t\t\t\t\t<\/div>\n\t\t\t\t<\/div>\n\t\t\t\t<\/div>\n\t\t","protected":false},"excerpt":{"rendered":"<p>Super Core \u2014 \u044d\u0442\u043e \u0442\u0440\u0435\u043d\u0438\u0440\u043e\u0432\u043a\u0430, \u043f\u0440\u0438\u0437\u0432\u0430\u043d\u043d\u0430\u044f \u043f\u043e\u043c\u043e\u0447\u044c \u0432\u0430\u043c \u043e\u0431\u0440\u0435\u0441\u0442\u0438 \u0436\u0435\u043b\u0430\u0435\u043c\u0443\u044e \u0444\u043e\u0440\u043c\u0443 \u0442\u0435\u043b\u0430 \u0438 \u043f\u043e\u0434\u0434\u0435\u0440\u0436\u0438\u0432\u0430\u0442\u044c \u0435\u0435 \u0432 \u0442\u0435\u0447\u0435\u043d\u0438\u0435 \u0432\u0441\u0435\u0433\u043e \u0433\u043e\u0434\u0430, \u0430 \u0441\u043f\u0435\u0446\u0438\u0444\u0438\u043a\u0430 \u0437\u0430\u043d\u044f\u0442\u0438\u0439 \u0441\u043f\u043e\u0441\u043e\u0431\u0441\u0442\u0432\u0443\u0435\u0442 \u0441\u0436\u0438\u0433\u0430\u043d\u0438\u044e \u043a\u0430\u043b\u043e\u0440\u0438\u0439 \u0438 \u0440\u0435\u043b\u044c\u0435\u0444\u0443 \u043c\u044b\u0448\u0446. \u0422\u0440\u0435\u043d\u0438\u0440\u043e\u0432\u043a\u0430 \u0434\u043b\u044f \u0432\u0441\u0435\u0433\u043e \u0442\u0435\u043b\u0430, \u043d\u0430\u043f\u0440\u0430\u0432\u043b\u0435\u043d\u043d\u0430\u044f \u043d\u0430 \u0443\u043a\u0440\u0435\u043f\u043b\u0435\u043d\u0438\u0435 \u043c\u044b\u0448\u0446 \u043a\u043e\u0440\u043f\u0443\u0441\u0430, \u044f\u0433\u043e\u0434\u0438\u0446 \u0438 \u0441\u043f\u0438\u043d\u044b. \u0412\u0441\u0435 \u0443\u043f\u0440\u0430\u0436\u043d\u0435\u043d\u0438\u044f \u043b\u0435\u0433\u043a\u043e \u0430\u0434\u0430\u043f\u0442\u0438\u0440\u0443\u044e\u0442\u0441\u044f \u043a \u0440\u0430\u0437\u043d\u044b\u043c \u0443\u0440\u043e\u0432\u043d\u044f\u043c \u0444\u0438\u0437\u0438\u0447\u0435\u0441\u043a\u043e\u0439 \u043f\u043e\u0434\u0433\u043e\u0442\u043e\u0432\u043a\u0438. \u0417\u0430\u0431\u0440\u043e\u043d\u0438\u0440\u043e\u0432\u0430\u0442\u044c<\/p>\n","protected":false},"author":1,"featured_media":17312,"parent":9515,"menu_order":40,"comment_status":"closed","ping_status":"closed","template":"","meta":{"_acf_changed":false,"footnotes":""},"class_list":["post-9595","page","type-page","status-publish","has-post-thumbnail","hentry"],"acf":[],"yoast_head":"<!-- This site is optimized with the Yoast SEO plugin v27.2 - https:\/\/yoast.com\/product\/yoast-seo-wordpress\/ -->\n<title>Super Core - MyFitness sports club<\/title>\n<meta name=\"robots\" content=\"index, follow, max-snippet:-1, max-image-preview:large, max-video-preview:-1\" \/>\n<link rel=\"canonical\" href=\"https:\/\/www.myfitness.lv\/ru\/gruppovoe-obuchenie\/cardio\/super-core\/\" \/>\n<meta property=\"og:locale\" content=\"ru_RU\" \/>\n<meta property=\"og:type\" content=\"article\" \/>\n<meta property=\"og:title\" content=\"Super Core - MyFitness sports club\" \/>\n<meta property=\"og:description\" content=\"Super Core \u2014 \u044d\u0442\u043e \u0442\u0440\u0435\u043d\u0438\u0440\u043e\u0432\u043a\u0430, \u043f\u0440\u0438\u0437\u0432\u0430\u043d\u043d\u0430\u044f \u043f\u043e\u043c\u043e\u0447\u044c \u0432\u0430\u043c \u043e\u0431\u0440\u0435\u0441\u0442\u0438 \u0436\u0435\u043b\u0430\u0435\u043c\u0443\u044e \u0444\u043e\u0440\u043c\u0443 \u0442\u0435\u043b\u0430 \u0438 \u043f\u043e\u0434\u0434\u0435\u0440\u0436\u0438\u0432\u0430\u0442\u044c \u0435\u0435 \u0432 \u0442\u0435\u0447\u0435\u043d\u0438\u0435 \u0432\u0441\u0435\u0433\u043e \u0433\u043e\u0434\u0430, \u0430 \u0441\u043f\u0435\u0446\u0438\u0444\u0438\u043a\u0430 \u0437\u0430\u043d\u044f\u0442\u0438\u0439 \u0441\u043f\u043e\u0441\u043e\u0431\u0441\u0442\u0432\u0443\u0435\u0442 \u0441\u0436\u0438\u0433\u0430\u043d\u0438\u044e \u043a\u0430\u043b\u043e\u0440\u0438\u0439 \u0438 \u0440\u0435\u043b\u044c\u0435\u0444\u0443 \u043c\u044b\u0448\u0446. \u0422\u0440\u0435\u043d\u0438\u0440\u043e\u0432\u043a\u0430 \u0434\u043b\u044f \u0432\u0441\u0435\u0433\u043e \u0442\u0435\u043b\u0430, \u043d\u0430\u043f\u0440\u0430\u0432\u043b\u0435\u043d\u043d\u0430\u044f \u043d\u0430 \u0443\u043a\u0440\u0435\u043f\u043b\u0435\u043d\u0438\u0435 \u043c\u044b\u0448\u0446 \u043a\u043e\u0440\u043f\u0443\u0441\u0430, \u044f\u0433\u043e\u0434\u0438\u0446 \u0438 \u0441\u043f\u0438\u043d\u044b. \u0412\u0441\u0435 \u0443\u043f\u0440\u0430\u0436\u043d\u0435\u043d\u0438\u044f \u043b\u0435\u0433\u043a\u043e \u0430\u0434\u0430\u043f\u0442\u0438\u0440\u0443\u044e\u0442\u0441\u044f \u043a \u0440\u0430\u0437\u043d\u044b\u043c \u0443\u0440\u043e\u0432\u043d\u044f\u043c \u0444\u0438\u0437\u0438\u0447\u0435\u0441\u043a\u043e\u0439 \u043f\u043e\u0434\u0433\u043e\u0442\u043e\u0432\u043a\u0438. \u0417\u0430\u0431\u0440\u043e\u043d\u0438\u0440\u043e\u0432\u0430\u0442\u044c\" \/>\n<meta property=\"og:url\" content=\"https:\/\/www.myfitness.lv\/ru\/gruppovoe-obuchenie\/cardio\/super-core\/\" \/>\n<meta property=\"og:site_name\" content=\"MyFitness sports club\" \/>\n<meta property=\"article:publisher\" content=\"https:\/\/www.facebook.com\/MyFitness\/\" \/>\n<meta property=\"article:modified_time\" content=\"2025-05-28T12:50:01+00:00\" \/>\n<meta property=\"og:image\" content=\"https:\/\/myf-lv.webme.ee\/wp-content\/uploads\/2025\/05\/klf3262.jpg\" \/>\n\t<meta property=\"og:image:width\" content=\"1920\" \/>\n\t<meta property=\"og:image:height\" content=\"1280\" \/>\n\t<meta property=\"og:image:type\" content=\"image\/jpeg\" \/>\n<meta name=\"twitter:card\" content=\"summary_large_image\" \/>\n<script type=\"application\/ld+json\" class=\"yoast-schema-graph\">{\"@context\":\"https:\/\/schema.org\",\"@graph\":[{\"@type\":\"WebPage\",\"@id\":\"https:\/\/www.myfitness.lv\/ru\/gruppovoe-obuchenie\/cardio\/super-core\/\",\"url\":\"https:\/\/www.myfitness.lv\/ru\/gruppovoe-obuchenie\/cardio\/super-core\/\",\"name\":\"Super Core - MyFitness sports club\",\"isPartOf\":{\"@id\":\"https:\/\/www.myfitness.ee\/#website\"},\"primaryImageOfPage\":{\"@id\":\"https:\/\/www.myfitness.lv\/ru\/gruppovoe-obuchenie\/cardio\/super-core\/#primaryimage\"},\"image\":{\"@id\":\"https:\/\/www.myfitness.lv\/ru\/gruppovoe-obuchenie\/cardio\/super-core\/#primaryimage\"},\"thumbnailUrl\":\"https:\/\/www.myfitness.lv\/wp-content\/uploads\/2025\/05\/klf3262.jpg\",\"datePublished\":\"2024-12-31T07:30:22+00:00\",\"dateModified\":\"2025-05-28T12:50:01+00:00\",\"breadcrumb\":{\"@id\":\"https:\/\/www.myfitness.lv\/ru\/gruppovoe-obuchenie\/cardio\/super-core\/#breadcrumb\"},\"inLanguage\":\"ru-RU\",\"potentialAction\":[{\"@type\":\"ReadAction\",\"target\":[\"https:\/\/www.myfitness.lv\/ru\/gruppovoe-obuchenie\/cardio\/super-core\/\"]}]},{\"@type\":\"ImageObject\",\"inLanguage\":\"ru-RU\",\"@id\":\"https:\/\/www.myfitness.lv\/ru\/gruppovoe-obuchenie\/cardio\/super-core\/#primaryimage\",\"url\":\"https:\/\/www.myfitness.lv\/wp-content\/uploads\/2025\/05\/klf3262.jpg\",\"contentUrl\":\"https:\/\/www.myfitness.lv\/wp-content\/uploads\/2025\/05\/klf3262.jpg\",\"width\":1920,\"height\":1280},{\"@type\":\"BreadcrumbList\",\"@id\":\"https:\/\/www.myfitness.lv\/ru\/gruppovoe-obuchenie\/cardio\/super-core\/#breadcrumb\",\"itemListElement\":[{\"@type\":\"ListItem\",\"position\":1,\"name\":\"Home\",\"item\":\"https:\/\/www.myfitness.lv\/ru\/\"},{\"@type\":\"ListItem\",\"position\":2,\"name\":\"\u0413\u0440\u0443\u043f\u043f\u043e\u0432\u043e\u0435 \u043e\u0431\u0443\u0447\u0435\u043d\u0438\u0435\",\"item\":\"https:\/\/www.myfitness.lv\/ru\/grupu-nodarbibas\/\"},{\"@type\":\"ListItem\",\"position\":3,\"name\":\"Cardio\",\"item\":\"https:\/\/www.myfitness.lv\/ru\/grupu-nodarbibas\/cardio\/\"},{\"@type\":\"ListItem\",\"position\":4,\"name\":\"Super Core\"}]},{\"@type\":\"WebSite\",\"@id\":\"https:\/\/www.myfitness.ee\/#website\",\"url\":\"https:\/\/www.myfitness.ee\/\",\"name\":\"MyFitness sports club\",\"description\":\"Ieguld\u012bjums vesel\u012bb\u0101\",\"publisher\":{\"@id\":\"https:\/\/www.myfitness.ee\/#organization\"},\"potentialAction\":[{\"@type\":\"SearchAction\",\"target\":{\"@type\":\"EntryPoint\",\"urlTemplate\":\"https:\/\/www.myfitness.ee\/?s={search_term_string}\"},\"query-input\":{\"@type\":\"PropertyValueSpecification\",\"valueRequired\":true,\"valueName\":\"search_term_string\"}}],\"inLanguage\":\"ru-RU\"},{\"@type\":\"Organization\",\"@id\":\"https:\/\/www.myfitness.ee\/#organization\",\"name\":\"MyFitness spordiklubi\",\"url\":\"https:\/\/www.myfitness.ee\/\",\"logo\":{\"@type\":\"ImageObject\",\"inLanguage\":\"ru-RU\",\"@id\":\"https:\/\/www.myfitness.ee\/#\/schema\/logo\/image\/\",\"url\":\"https:\/\/www.myfitness.lv\/wp-content\/uploads\/2024\/09\/logo-myfitness-white.svg\",\"contentUrl\":\"https:\/\/www.myfitness.lv\/wp-content\/uploads\/2024\/09\/logo-myfitness-white.svg\",\"width\":172,\"height\":49,\"caption\":\"MyFitness spordiklubi\"},\"image\":{\"@id\":\"https:\/\/www.myfitness.ee\/#\/schema\/logo\/image\/\"},\"sameAs\":[\"https:\/\/www.facebook.com\/MyFitness\/\",\"https:\/\/www.instagram.com\/myfitnesseesti\/\",\"https:\/\/ee.linkedin.com\/company\/myfitness-group\"]}]}<\/script>\n<!-- \/ Yoast SEO plugin. -->","yoast_head_json":{"title":"Super Core - MyFitness sports club","robots":{"index":"index","follow":"follow","max-snippet":"max-snippet:-1","max-image-preview":"max-image-preview:large","max-video-preview":"max-video-preview:-1"},"canonical":"https:\/\/www.myfitness.lv\/ru\/gruppovoe-obuchenie\/cardio\/super-core\/","og_locale":"ru_RU","og_type":"article","og_title":"Super Core - MyFitness sports club","og_description":"Super Core \u2014 \u044d\u0442\u043e \u0442\u0440\u0435\u043d\u0438\u0440\u043e\u0432\u043a\u0430, \u043f\u0440\u0438\u0437\u0432\u0430\u043d\u043d\u0430\u044f \u043f\u043e\u043c\u043e\u0447\u044c \u0432\u0430\u043c \u043e\u0431\u0440\u0435\u0441\u0442\u0438 \u0436\u0435\u043b\u0430\u0435\u043c\u0443\u044e \u0444\u043e\u0440\u043c\u0443 \u0442\u0435\u043b\u0430 \u0438 \u043f\u043e\u0434\u0434\u0435\u0440\u0436\u0438\u0432\u0430\u0442\u044c \u0435\u0435 \u0432 \u0442\u0435\u0447\u0435\u043d\u0438\u0435 \u0432\u0441\u0435\u0433\u043e \u0433\u043e\u0434\u0430, \u0430 \u0441\u043f\u0435\u0446\u0438\u0444\u0438\u043a\u0430 \u0437\u0430\u043d\u044f\u0442\u0438\u0439 \u0441\u043f\u043e\u0441\u043e\u0431\u0441\u0442\u0432\u0443\u0435\u0442 \u0441\u0436\u0438\u0433\u0430\u043d\u0438\u044e \u043a\u0430\u043b\u043e\u0440\u0438\u0439 \u0438 \u0440\u0435\u043b\u044c\u0435\u0444\u0443 \u043c\u044b\u0448\u0446. \u0422\u0440\u0435\u043d\u0438\u0440\u043e\u0432\u043a\u0430 \u0434\u043b\u044f \u0432\u0441\u0435\u0433\u043e \u0442\u0435\u043b\u0430, \u043d\u0430\u043f\u0440\u0430\u0432\u043b\u0435\u043d\u043d\u0430\u044f \u043d\u0430 \u0443\u043a\u0440\u0435\u043f\u043b\u0435\u043d\u0438\u0435 \u043c\u044b\u0448\u0446 \u043a\u043e\u0440\u043f\u0443\u0441\u0430, \u044f\u0433\u043e\u0434\u0438\u0446 \u0438 \u0441\u043f\u0438\u043d\u044b. \u0412\u0441\u0435 \u0443\u043f\u0440\u0430\u0436\u043d\u0435\u043d\u0438\u044f \u043b\u0435\u0433\u043a\u043e \u0430\u0434\u0430\u043f\u0442\u0438\u0440\u0443\u044e\u0442\u0441\u044f \u043a \u0440\u0430\u0437\u043d\u044b\u043c \u0443\u0440\u043e\u0432\u043d\u044f\u043c \u0444\u0438\u0437\u0438\u0447\u0435\u0441\u043a\u043e\u0439 \u043f\u043e\u0434\u0433\u043e\u0442\u043e\u0432\u043a\u0438. \u0417\u0430\u0431\u0440\u043e\u043d\u0438\u0440\u043e\u0432\u0430\u0442\u044c","og_url":"https:\/\/www.myfitness.lv\/ru\/gruppovoe-obuchenie\/cardio\/super-core\/","og_site_name":"MyFitness sports club","article_publisher":"https:\/\/www.facebook.com\/MyFitness\/","article_modified_time":"2025-05-28T12:50:01+00:00","og_image":[{"width":1920,"height":1280,"url":"https:\/\/myf-lv.webme.ee\/wp-content\/uploads\/2025\/05\/klf3262.jpg","type":"image\/jpeg"}],"twitter_card":"summary_large_image","schema":{"@context":"https:\/\/schema.org","@graph":[{"@type":"WebPage","@id":"https:\/\/www.myfitness.lv\/ru\/gruppovoe-obuchenie\/cardio\/super-core\/","url":"https:\/\/www.myfitness.lv\/ru\/gruppovoe-obuchenie\/cardio\/super-core\/","name":"Super Core - MyFitness sports club","isPartOf":{"@id":"https:\/\/www.myfitness.ee\/#website"},"primaryImageOfPage":{"@id":"https:\/\/www.myfitness.lv\/ru\/gruppovoe-obuchenie\/cardio\/super-core\/#primaryimage"},"image":{"@id":"https:\/\/www.myfitness.lv\/ru\/gruppovoe-obuchenie\/cardio\/super-core\/#primaryimage"},"thumbnailUrl":"https:\/\/www.myfitness.lv\/wp-content\/uploads\/2025\/05\/klf3262.jpg","datePublished":"2024-12-31T07:30:22+00:00","dateModified":"2025-05-28T12:50:01+00:00","breadcrumb":{"@id":"https:\/\/www.myfitness.lv\/ru\/gruppovoe-obuchenie\/cardio\/super-core\/#breadcrumb"},"inLanguage":"ru-RU","potentialAction":[{"@type":"ReadAction","target":["https:\/\/www.myfitness.lv\/ru\/gruppovoe-obuchenie\/cardio\/super-core\/"]}]},{"@type":"ImageObject","inLanguage":"ru-RU","@id":"https:\/\/www.myfitness.lv\/ru\/gruppovoe-obuchenie\/cardio\/super-core\/#primaryimage","url":"https:\/\/www.myfitness.lv\/wp-content\/uploads\/2025\/05\/klf3262.jpg","contentUrl":"https:\/\/www.myfitness.lv\/wp-content\/uploads\/2025\/05\/klf3262.jpg","width":1920,"height":1280},{"@type":"BreadcrumbList","@id":"https:\/\/www.myfitness.lv\/ru\/gruppovoe-obuchenie\/cardio\/super-core\/#breadcrumb","itemListElement":[{"@type":"ListItem","position":1,"name":"Home","item":"https:\/\/www.myfitness.lv\/ru\/"},{"@type":"ListItem","position":2,"name":"\u0413\u0440\u0443\u043f\u043f\u043e\u0432\u043e\u0435 \u043e\u0431\u0443\u0447\u0435\u043d\u0438\u0435","item":"https:\/\/www.myfitness.lv\/ru\/grupu-nodarbibas\/"},{"@type":"ListItem","position":3,"name":"Cardio","item":"https:\/\/www.myfitness.lv\/ru\/grupu-nodarbibas\/cardio\/"},{"@type":"ListItem","position":4,"name":"Super Core"}]},{"@type":"WebSite","@id":"https:\/\/www.myfitness.ee\/#website","url":"https:\/\/www.myfitness.ee\/","name":"MyFitness sports club","description":"Ieguld\u012bjums vesel\u012bb\u0101","publisher":{"@id":"https:\/\/www.myfitness.ee\/#organization"},"potentialAction":[{"@type":"SearchAction","target":{"@type":"EntryPoint","urlTemplate":"https:\/\/www.myfitness.ee\/?s={search_term_string}"},"query-input":{"@type":"PropertyValueSpecification","valueRequired":true,"valueName":"search_term_string"}}],"inLanguage":"ru-RU"},{"@type":"Organization","@id":"https:\/\/www.myfitness.ee\/#organization","name":"MyFitness spordiklubi","url":"https:\/\/www.myfitness.ee\/","logo":{"@type":"ImageObject","inLanguage":"ru-RU","@id":"https:\/\/www.myfitness.ee\/#\/schema\/logo\/image\/","url":"https:\/\/www.myfitness.lv\/wp-content\/uploads\/2024\/09\/logo-myfitness-white.svg","contentUrl":"https:\/\/www.myfitness.lv\/wp-content\/uploads\/2024\/09\/logo-myfitness-white.svg","width":172,"height":49,"caption":"MyFitness spordiklubi"},"image":{"@id":"https:\/\/www.myfitness.ee\/#\/schema\/logo\/image\/"},"sameAs":["https:\/\/www.facebook.com\/MyFitness\/","https:\/\/www.instagram.com\/myfitnesseesti\/","https:\/\/ee.linkedin.com\/company\/myfitness-group"]}]}},"_links":{"self":[{"href":"https:\/\/www.myfitness.lv\/ru\/wp-json\/wp\/v2\/pages\/9595","targetHints":{"allow":["GET"]}}],"collection":[{"href":"https:\/\/www.myfitness.lv\/ru\/wp-json\/wp\/v2\/pages"}],"about":[{"href":"https:\/\/www.myfitness.lv\/ru\/wp-json\/wp\/v2\/types\/page"}],"author":[{"embeddable":true,"href":"https:\/\/www.myfitness.lv\/ru\/wp-json\/wp\/v2\/users\/1"}],"replies":[{"embeddable":true,"href":"https:\/\/www.myfitness.lv\/ru\/wp-json\/wp\/v2\/comments?post=9595"}],"version-history":[{"count":3,"href":"https:\/\/www.myfitness.lv\/ru\/wp-json\/wp\/v2\/pages\/9595\/revisions"}],"predecessor-version":[{"id":16154,"href":"https:\/\/www.myfitness.lv\/ru\/wp-json\/wp\/v2\/pages\/9595\/revisions\/16154"}],"up":[{"embeddable":true,"href":"https:\/\/www.myfitness.lv\/ru\/wp-json\/wp\/v2\/pages\/9515"}],"wp:featuredmedia":[{"embeddable":true,"href":"https:\/\/www.myfitness.lv\/ru\/wp-json\/wp\/v2\/media\/17312"}],"wp:attachment":[{"href":"https:\/\/www.myfitness.lv\/ru\/wp-json\/wp\/v2\/media?parent=9595"}],"curies":[{"name":"wp","href":"https:\/\/api.w.org\/{rel}","templated":true}]}}