{"id":9389,"date":"2024-10-09T09:01:03","date_gmt":"2024-10-09T06:01:03","guid":{"rendered":"https:\/\/www.myfitness.lv\/personalnye-trenirovki\/trenirovochnye-programmy\/"},"modified":"2025-05-09T14:52:46","modified_gmt":"2025-05-09T11:52:46","slug":"trenirovochnye-programmy","status":"publish","type":"page","link":"https:\/\/www.myfitness.lv\/ru\/personalnye-trenirovki\/trenirovochnye-programmy\/","title":{"rendered":"\u041f\u0440\u043e\u0433\u0440\u0430\u043c\u043c\u044b \u0443\u043f\u0440\u0430\u0436\u043d\u0435\u043d\u0438\u0439"},"content":{"rendered":"\t\t<div data-elementor-type=\"wp-page\" data-elementor-id=\"9389\" class=\"elementor elementor-9389 elementor-2553\" data-elementor-post-type=\"page\">\n\t\t\t\t<div class=\"elementor-element elementor-element-9f00971 mf-dark-bg e-flex e-con-boxed e-con e-parent\" data-id=\"9f00971\" data-element_type=\"container\" data-e-type=\"container\" data-settings=\"{&quot;background_background&quot;:&quot;classic&quot;}\">\n\t\t\t\t\t<div class=\"e-con-inner\">\n\t\t<div class=\"elementor-element elementor-element-6912968 e-con-full e-flex e-con e-child\" data-id=\"6912968\" data-element_type=\"container\" data-e-type=\"container\">\n\t\t\t\t<div class=\"elementor-element elementor-element-654e372 text-pretty elementor-widget elementor-widget-heading\" data-id=\"654e372\" data-element_type=\"widget\" data-e-type=\"widget\" data-widget_type=\"heading.default\">\n\t\t\t\t<div class=\"elementor-widget-container\">\n\t\t\t\t\t<h1 class=\"elementor-heading-title elementor-size-default\">\u041f\u0440\u043e\u0433\u0440\u0430\u043c\u043c\u044b \u0443\u043f\u0440\u0430\u0436\u043d\u0435\u043d\u0438\u0439<\/h1>\t\t\t\t<\/div>\n\t\t\t\t<\/div>\n\t\t\t\t<div class=\"elementor-element elementor-element-6ea87cc text-pretty elementor-widget elementor-widget-text-editor\" data-id=\"6ea87cc\" data-element_type=\"widget\" data-e-type=\"widget\" data-widget_type=\"text-editor.default\">\n\t\t\t\t<div class=\"elementor-widget-container\">\n\t\t\t\t\t\t\t\t\t<p><span class=\"_fadeIn_m1hgl_8\">\u0422\u044b <\/span><span class=\"_fadeIn_m1hgl_8\">\u043c\u043e\u0436\u0435\u0448\u044c <\/span><span class=\"_fadeIn_m1hgl_8\">\u0442\u0440\u0435\u043d\u0438\u0440\u043e\u0432\u0430\u0442\u044c\u0441\u044f <\/span><span class=\"_fadeIn_m1hgl_8\">\u0432 <\/span><span class=\"_fadeIn_m1hgl_8\">\u0433\u0440\u0443\u043f\u043f\u0435 <\/span><span class=\"_fadeIn_m1hgl_8\">\u0434\u043e <\/span><span class=\"_fadeIn_m1hgl_8\">\u0447\u0435\u0442\u044b\u0440\u0451\u0445 <\/span><span class=\"_fadeIn_m1hgl_8\">\u0447\u0435\u043b\u043e\u0432\u0435\u043a, <\/span><span class=\"_fadeIn_m1hgl_8\">\u0433\u0434\u0435 <\/span><span class=\"_fadeIn_m1hgl_8\">\u0443 <\/span><span class=\"_fadeIn_m1hgl_8\">\u0432\u0441\u0435\u0445 <\/span><span class=\"_fadeIn_m1hgl_8\">\u0441\u0445\u043e\u0436\u0438\u0435 <\/span><span class=\"_fadeIn_m1hgl_8\">\u0446\u0435\u043b\u0438 <\/span><span class=\"_fadeIn_m1hgl_8\">\u0438 <\/span><span class=\"_fadeIn_m1hgl_8\">\u0436\u0435\u043b\u0430\u043d\u0438\u044f.<\/span><\/p>\n\t\t\t\t\t\t\t\t<\/div>\n\t\t\t\t<\/div>\n\t\t\t\t<\/div>\n\t\t\t\t\t<\/div>\n\t\t\t\t<\/div>\n\t\t<div class=\"elementor-element elementor-element-06e2adc e-con-full e-flex e-con e-child\" data-id=\"06e2adc\" data-element_type=\"container\" data-e-type=\"container\">\n\t\t\t\t<\/div>\n\t\t<div class=\"elementor-element elementor-element-d72f72f e-flex e-con-boxed e-con e-parent\" data-id=\"d72f72f\" data-element_type=\"container\" data-e-type=\"container\">\n\t\t\t\t\t<div class=\"e-con-inner\">\n\t\t\t\t<div class=\"elementor-element elementor-element-ea65ffd elementor-grid-1 elementor-widget elementor-widget-loop-grid\" data-id=\"ea65ffd\" data-element_type=\"widget\" data-e-type=\"widget\" data-settings=\"{&quot;template_id&quot;:12267,&quot;columns&quot;:1,&quot;pagination_type&quot;:&quot;load_more_on_click&quot;,&quot;row_gap&quot;:{&quot;unit&quot;:&quot;custom&quot;,&quot;size&quot;:&quot;var(--mf-space)&quot;,&quot;sizes&quot;:[]},&quot;row_gap_tablet&quot;:{&quot;unit&quot;:&quot;rem&quot;,&quot;size&quot;:&quot;&quot;,&quot;sizes&quot;:[]},&quot;row_gap_mobile&quot;:{&quot;unit&quot;:&quot;rem&quot;,&quot;size&quot;:&quot;&quot;,&quot;sizes&quot;:[]},&quot;_skin&quot;:&quot;post&quot;,&quot;edit_handle_selector&quot;:&quot;[data-elementor-type=\\&quot;loop-item\\&quot;]&quot;,&quot;load_more_spinner&quot;:{&quot;value&quot;:&quot;fas fa-spinner&quot;,&quot;library&quot;:&quot;fa-solid&quot;}}\" data-widget_type=\"loop-grid.post\">\n\t\t\t\t<div class=\"elementor-widget-container\">\n\t\t\t\t\t\t\t<div class=\"e-loop-nothing-found-message\">\n\t\t<\/div>\n\t\t\t\t\t\t<\/div>\n\t\t\t\t<\/div>\n\t\t\t\t\t<\/div>\n\t\t\t\t<\/div>\n\t\t\t\t<\/div>\n\t\t","protected":false},"excerpt":{"rendered":"<p>\u0422\u044b \u043c\u043e\u0436\u0435\u0448\u044c \u0442\u0440\u0435\u043d\u0438\u0440\u043e\u0432\u0430\u0442\u044c\u0441\u044f \u0432 \u0433\u0440\u0443\u043f\u043f\u0435 \u0434\u043e \u0447\u0435\u0442\u044b\u0440\u0451\u0445 \u0447\u0435\u043b\u043e\u0432\u0435\u043a, \u0433\u0434\u0435 \u0443 \u0432\u0441\u0435\u0445 \u0441\u0445\u043e\u0436\u0438\u0435 \u0446\u0435\u043b\u0438 \u0438 \u0436\u0435\u043b\u0430\u043d\u0438\u044f. Kristiine Rocca al Mare Tartu Annelinn Tartu Kesklinn Tartu L\u00f5unakeskus \u00dclemiste City Viimsi \u0412\u0441\u0435 \u043a\u043b\u0443\u0431\u044b<\/p>\n","protected":false},"author":1,"featured_media":9383,"parent":9380,"menu_order":0,"comment_status":"closed","ping_status":"closed","template":"","meta":{"_acf_changed":false,"footnotes":""},"training_feature":[],"class_list":["post-9389","page","type-page","status-publish","has-post-thumbnail","hentry"],"acf":[],"yoast_head":"<!-- This site is optimized with the Yoast SEO plugin v27.4 - https:\/\/yoast.com\/product\/yoast-seo-wordpress\/ -->\n<title>\u041f\u0440\u043e\u0433\u0440\u0430\u043c\u043c\u044b \u0443\u043f\u0440\u0430\u0436\u043d\u0435\u043d\u0438\u0439 - MyFitness sports club<\/title>\n<meta name=\"description\" content=\"\u0421 \u043f\u043e\u043c\u043e\u0449\u044c\u044e \u043f\u0440\u043e\u0433\u0440\u0430\u043c\u043c\u044b \u0442\u0440\u0435\u043d\u0438\u0440\u043e\u0432\u043e\u043a MyFitness \u0432\u044b \u043c\u043e\u0436\u0435\u0442\u0435 \u0442\u0440\u0435\u043d\u0438\u0440\u043e\u0432\u0430\u0442\u044c\u0441\u044f \u0432 \u0433\u0440\u0443\u043f\u043f\u0435 \u0434\u043e \u0447\u0435\u0442\u044b\u0440\u0435\u0445 \u0447\u0435\u043b\u043e\u0432\u0435\u043a.\" \/>\n<meta name=\"robots\" content=\"index, follow, max-snippet:-1, max-image-preview:large, max-video-preview:-1\" \/>\n<link rel=\"canonical\" href=\"https:\/\/www.myfitness.lv\/ru\/personalnye-trenirovki\/trenirovochnye-programmy\/\" \/>\n<meta property=\"og:locale\" content=\"ru_RU\" \/>\n<meta property=\"og:type\" content=\"article\" \/>\n<meta property=\"og:title\" content=\"\u041f\u0440\u043e\u0433\u0440\u0430\u043c\u043c\u044b \u0443\u043f\u0440\u0430\u0436\u043d\u0435\u043d\u0438\u0439 - MyFitness sports club\" \/>\n<meta property=\"og:description\" content=\"\u0421 \u043f\u043e\u043c\u043e\u0449\u044c\u044e \u043f\u0440\u043e\u0433\u0440\u0430\u043c\u043c\u044b \u0442\u0440\u0435\u043d\u0438\u0440\u043e\u0432\u043e\u043a MyFitness \u0432\u044b \u043c\u043e\u0436\u0435\u0442\u0435 \u0442\u0440\u0435\u043d\u0438\u0440\u043e\u0432\u0430\u0442\u044c\u0441\u044f \u0432 \u0433\u0440\u0443\u043f\u043f\u0435 \u0434\u043e \u0447\u0435\u0442\u044b\u0440\u0435\u0445 \u0447\u0435\u043b\u043e\u0432\u0435\u043a.\" \/>\n<meta property=\"og:url\" content=\"https:\/\/www.myfitness.lv\/ru\/personalnye-trenirovki\/trenirovochnye-programmy\/\" \/>\n<meta property=\"og:site_name\" content=\"MyFitness sports club\" \/>\n<meta property=\"article:publisher\" content=\"https:\/\/www.facebook.com\/MyFitness\/\" \/>\n<meta property=\"article:modified_time\" content=\"2025-05-09T11:52:46+00:00\" \/>\n<meta property=\"og:image\" content=\"https:\/\/www.myfitness.ee\/wp-content\/uploads\/2025\/01\/cover_pt_program_low.jpg\" \/>\n\t<meta property=\"og:image:width\" content=\"1920\" \/>\n\t<meta property=\"og:image:height\" content=\"694\" \/>\n\t<meta property=\"og:image:type\" content=\"image\/jpeg\" \/>\n<meta name=\"twitter:card\" content=\"summary_large_image\" \/>\n<script type=\"application\/ld+json\" class=\"yoast-schema-graph\">{\"@context\":\"https:\\\/\\\/schema.org\",\"@graph\":[{\"@type\":\"WebPage\",\"@id\":\"https:\\\/\\\/www.myfitness.lv\\\/ru\\\/personalnye-trenirovki\\\/trenirovochnye-programmy\\\/\",\"url\":\"https:\\\/\\\/www.myfitness.lv\\\/ru\\\/personalnye-trenirovki\\\/trenirovochnye-programmy\\\/\",\"name\":\"\u041f\u0440\u043e\u0433\u0440\u0430\u043c\u043c\u044b \u0443\u043f\u0440\u0430\u0436\u043d\u0435\u043d\u0438\u0439 - MyFitness sports club\",\"isPartOf\":{\"@id\":\"https:\\\/\\\/www.myfitness.ee\\\/#website\"},\"primaryImageOfPage\":{\"@id\":\"https:\\\/\\\/www.myfitness.lv\\\/ru\\\/personalnye-trenirovki\\\/trenirovochnye-programmy\\\/#primaryimage\"},\"image\":{\"@id\":\"https:\\\/\\\/www.myfitness.lv\\\/ru\\\/personalnye-trenirovki\\\/trenirovochnye-programmy\\\/#primaryimage\"},\"thumbnailUrl\":\"https:\\\/\\\/www.myfitness.lv\\\/wp-content\\\/uploads\\\/2025\\\/01\\\/cover_pt_program_low.jpg\",\"datePublished\":\"2024-10-09T06:01:03+00:00\",\"dateModified\":\"2025-05-09T11:52:46+00:00\",\"description\":\"\u0421 \u043f\u043e\u043c\u043e\u0449\u044c\u044e \u043f\u0440\u043e\u0433\u0440\u0430\u043c\u043c\u044b \u0442\u0440\u0435\u043d\u0438\u0440\u043e\u0432\u043e\u043a MyFitness \u0432\u044b \u043c\u043e\u0436\u0435\u0442\u0435 \u0442\u0440\u0435\u043d\u0438\u0440\u043e\u0432\u0430\u0442\u044c\u0441\u044f \u0432 \u0433\u0440\u0443\u043f\u043f\u0435 \u0434\u043e \u0447\u0435\u0442\u044b\u0440\u0435\u0445 \u0447\u0435\u043b\u043e\u0432\u0435\u043a.\",\"breadcrumb\":{\"@id\":\"https:\\\/\\\/www.myfitness.lv\\\/ru\\\/personalnye-trenirovki\\\/trenirovochnye-programmy\\\/#breadcrumb\"},\"inLanguage\":\"ru-RU\",\"potentialAction\":[{\"@type\":\"ReadAction\",\"target\":[\"https:\\\/\\\/www.myfitness.lv\\\/ru\\\/personalnye-trenirovki\\\/trenirovochnye-programmy\\\/\"]}]},{\"@type\":\"ImageObject\",\"inLanguage\":\"ru-RU\",\"@id\":\"https:\\\/\\\/www.myfitness.lv\\\/ru\\\/personalnye-trenirovki\\\/trenirovochnye-programmy\\\/#primaryimage\",\"url\":\"https:\\\/\\\/www.myfitness.lv\\\/wp-content\\\/uploads\\\/2025\\\/01\\\/cover_pt_program_low.jpg\",\"contentUrl\":\"https:\\\/\\\/www.myfitness.lv\\\/wp-content\\\/uploads\\\/2025\\\/01\\\/cover_pt_program_low.jpg\",\"width\":1920,\"height\":694},{\"@type\":\"BreadcrumbList\",\"@id\":\"https:\\\/\\\/www.myfitness.lv\\\/ru\\\/personalnye-trenirovki\\\/trenirovochnye-programmy\\\/#breadcrumb\",\"itemListElement\":[{\"@type\":\"ListItem\",\"position\":1,\"name\":\"Home\",\"item\":\"https:\\\/\\\/www.myfitness.lv\\\/ru\\\/\"},{\"@type\":\"ListItem\",\"position\":2,\"name\":\"\u041f\u0435\u0440\u0441\u043e\u043d\u0430\u043b\u044c\u043d\u044b\u0435 \u0442\u0440\u0435\u043d\u0438\u0440\u043e\u0432\u043a\u0438\",\"item\":\"https:\\\/\\\/www.myfitness.lv\\\/ru\\\/privatie-trenini\\\/\"},{\"@type\":\"ListItem\",\"position\":3,\"name\":\"\u041f\u0440\u043e\u0433\u0440\u0430\u043c\u043c\u044b \u0443\u043f\u0440\u0430\u0436\u043d\u0435\u043d\u0438\u0439\"}]},{\"@type\":\"WebSite\",\"@id\":\"https:\\\/\\\/www.myfitness.ee\\\/#website\",\"url\":\"https:\\\/\\\/www.myfitness.ee\\\/\",\"name\":\"MyFitness sports club\",\"description\":\"Ieguld\u012bjums vesel\u012bb\u0101\",\"publisher\":{\"@id\":\"https:\\\/\\\/www.myfitness.ee\\\/#organization\"},\"potentialAction\":[{\"@type\":\"SearchAction\",\"target\":{\"@type\":\"EntryPoint\",\"urlTemplate\":\"https:\\\/\\\/www.myfitness.ee\\\/?s={search_term_string}\"},\"query-input\":{\"@type\":\"PropertyValueSpecification\",\"valueRequired\":true,\"valueName\":\"search_term_string\"}}],\"inLanguage\":\"ru-RU\"},{\"@type\":\"Organization\",\"@id\":\"https:\\\/\\\/www.myfitness.ee\\\/#organization\",\"name\":\"MyFitness spordiklubi\",\"url\":\"https:\\\/\\\/www.myfitness.ee\\\/\",\"logo\":{\"@type\":\"ImageObject\",\"inLanguage\":\"ru-RU\",\"@id\":\"https:\\\/\\\/www.myfitness.ee\\\/#\\\/schema\\\/logo\\\/image\\\/\",\"url\":\"https:\\\/\\\/www.myfitness.lv\\\/wp-content\\\/uploads\\\/2024\\\/09\\\/logo-myfitness-white.svg\",\"contentUrl\":\"https:\\\/\\\/www.myfitness.lv\\\/wp-content\\\/uploads\\\/2024\\\/09\\\/logo-myfitness-white.svg\",\"width\":172,\"height\":49,\"caption\":\"MyFitness spordiklubi\"},\"image\":{\"@id\":\"https:\\\/\\\/www.myfitness.ee\\\/#\\\/schema\\\/logo\\\/image\\\/\"},\"sameAs\":[\"https:\\\/\\\/www.facebook.com\\\/MyFitness\\\/\",\"https:\\\/\\\/www.instagram.com\\\/myfitnesseesti\\\/\",\"https:\\\/\\\/ee.linkedin.com\\\/company\\\/myfitness-group\"]}]}<\/script>\n<!-- \/ Yoast SEO plugin. -->","yoast_head_json":{"title":"\u041f\u0440\u043e\u0433\u0440\u0430\u043c\u043c\u044b \u0443\u043f\u0440\u0430\u0436\u043d\u0435\u043d\u0438\u0439 - MyFitness sports club","description":"\u0421 \u043f\u043e\u043c\u043e\u0449\u044c\u044e \u043f\u0440\u043e\u0433\u0440\u0430\u043c\u043c\u044b \u0442\u0440\u0435\u043d\u0438\u0440\u043e\u0432\u043e\u043a MyFitness \u0432\u044b \u043c\u043e\u0436\u0435\u0442\u0435 \u0442\u0440\u0435\u043d\u0438\u0440\u043e\u0432\u0430\u0442\u044c\u0441\u044f \u0432 \u0433\u0440\u0443\u043f\u043f\u0435 \u0434\u043e \u0447\u0435\u0442\u044b\u0440\u0435\u0445 \u0447\u0435\u043b\u043e\u0432\u0435\u043a.","robots":{"index":"index","follow":"follow","max-snippet":"max-snippet:-1","max-image-preview":"max-image-preview:large","max-video-preview":"max-video-preview:-1"},"canonical":"https:\/\/www.myfitness.lv\/ru\/personalnye-trenirovki\/trenirovochnye-programmy\/","og_locale":"ru_RU","og_type":"article","og_title":"\u041f\u0440\u043e\u0433\u0440\u0430\u043c\u043c\u044b \u0443\u043f\u0440\u0430\u0436\u043d\u0435\u043d\u0438\u0439 - MyFitness sports club","og_description":"\u0421 \u043f\u043e\u043c\u043e\u0449\u044c\u044e \u043f\u0440\u043e\u0433\u0440\u0430\u043c\u043c\u044b \u0442\u0440\u0435\u043d\u0438\u0440\u043e\u0432\u043e\u043a MyFitness \u0432\u044b \u043c\u043e\u0436\u0435\u0442\u0435 \u0442\u0440\u0435\u043d\u0438\u0440\u043e\u0432\u0430\u0442\u044c\u0441\u044f \u0432 \u0433\u0440\u0443\u043f\u043f\u0435 \u0434\u043e \u0447\u0435\u0442\u044b\u0440\u0435\u0445 \u0447\u0435\u043b\u043e\u0432\u0435\u043a.","og_url":"https:\/\/www.myfitness.lv\/ru\/personalnye-trenirovki\/trenirovochnye-programmy\/","og_site_name":"MyFitness sports club","article_publisher":"https:\/\/www.facebook.com\/MyFitness\/","article_modified_time":"2025-05-09T11:52:46+00:00","og_image":[{"width":1920,"height":694,"url":"https:\/\/www.myfitness.ee\/wp-content\/uploads\/2025\/01\/cover_pt_program_low.jpg","type":"image\/jpeg"}],"twitter_card":"summary_large_image","schema":{"@context":"https:\/\/schema.org","@graph":[{"@type":"WebPage","@id":"https:\/\/www.myfitness.lv\/ru\/personalnye-trenirovki\/trenirovochnye-programmy\/","url":"https:\/\/www.myfitness.lv\/ru\/personalnye-trenirovki\/trenirovochnye-programmy\/","name":"\u041f\u0440\u043e\u0433\u0440\u0430\u043c\u043c\u044b \u0443\u043f\u0440\u0430\u0436\u043d\u0435\u043d\u0438\u0439 - MyFitness sports club","isPartOf":{"@id":"https:\/\/www.myfitness.ee\/#website"},"primaryImageOfPage":{"@id":"https:\/\/www.myfitness.lv\/ru\/personalnye-trenirovki\/trenirovochnye-programmy\/#primaryimage"},"image":{"@id":"https:\/\/www.myfitness.lv\/ru\/personalnye-trenirovki\/trenirovochnye-programmy\/#primaryimage"},"thumbnailUrl":"https:\/\/www.myfitness.lv\/wp-content\/uploads\/2025\/01\/cover_pt_program_low.jpg","datePublished":"2024-10-09T06:01:03+00:00","dateModified":"2025-05-09T11:52:46+00:00","description":"\u0421 \u043f\u043e\u043c\u043e\u0449\u044c\u044e \u043f\u0440\u043e\u0433\u0440\u0430\u043c\u043c\u044b \u0442\u0440\u0435\u043d\u0438\u0440\u043e\u0432\u043e\u043a MyFitness \u0432\u044b \u043c\u043e\u0436\u0435\u0442\u0435 \u0442\u0440\u0435\u043d\u0438\u0440\u043e\u0432\u0430\u0442\u044c\u0441\u044f \u0432 \u0433\u0440\u0443\u043f\u043f\u0435 \u0434\u043e \u0447\u0435\u0442\u044b\u0440\u0435\u0445 \u0447\u0435\u043b\u043e\u0432\u0435\u043a.","breadcrumb":{"@id":"https:\/\/www.myfitness.lv\/ru\/personalnye-trenirovki\/trenirovochnye-programmy\/#breadcrumb"},"inLanguage":"ru-RU","potentialAction":[{"@type":"ReadAction","target":["https:\/\/www.myfitness.lv\/ru\/personalnye-trenirovki\/trenirovochnye-programmy\/"]}]},{"@type":"ImageObject","inLanguage":"ru-RU","@id":"https:\/\/www.myfitness.lv\/ru\/personalnye-trenirovki\/trenirovochnye-programmy\/#primaryimage","url":"https:\/\/www.myfitness.lv\/wp-content\/uploads\/2025\/01\/cover_pt_program_low.jpg","contentUrl":"https:\/\/www.myfitness.lv\/wp-content\/uploads\/2025\/01\/cover_pt_program_low.jpg","width":1920,"height":694},{"@type":"BreadcrumbList","@id":"https:\/\/www.myfitness.lv\/ru\/personalnye-trenirovki\/trenirovochnye-programmy\/#breadcrumb","itemListElement":[{"@type":"ListItem","position":1,"name":"Home","item":"https:\/\/www.myfitness.lv\/ru\/"},{"@type":"ListItem","position":2,"name":"\u041f\u0435\u0440\u0441\u043e\u043d\u0430\u043b\u044c\u043d\u044b\u0435 \u0442\u0440\u0435\u043d\u0438\u0440\u043e\u0432\u043a\u0438","item":"https:\/\/www.myfitness.lv\/ru\/privatie-trenini\/"},{"@type":"ListItem","position":3,"name":"\u041f\u0440\u043e\u0433\u0440\u0430\u043c\u043c\u044b \u0443\u043f\u0440\u0430\u0436\u043d\u0435\u043d\u0438\u0439"}]},{"@type":"WebSite","@id":"https:\/\/www.myfitness.ee\/#website","url":"https:\/\/www.myfitness.ee\/","name":"MyFitness sports club","description":"Ieguld\u012bjums vesel\u012bb\u0101","publisher":{"@id":"https:\/\/www.myfitness.ee\/#organization"},"potentialAction":[{"@type":"SearchAction","target":{"@type":"EntryPoint","urlTemplate":"https:\/\/www.myfitness.ee\/?s={search_term_string}"},"query-input":{"@type":"PropertyValueSpecification","valueRequired":true,"valueName":"search_term_string"}}],"inLanguage":"ru-RU"},{"@type":"Organization","@id":"https:\/\/www.myfitness.ee\/#organization","name":"MyFitness spordiklubi","url":"https:\/\/www.myfitness.ee\/","logo":{"@type":"ImageObject","inLanguage":"ru-RU","@id":"https:\/\/www.myfitness.ee\/#\/schema\/logo\/image\/","url":"https:\/\/www.myfitness.lv\/wp-content\/uploads\/2024\/09\/logo-myfitness-white.svg","contentUrl":"https:\/\/www.myfitness.lv\/wp-content\/uploads\/2024\/09\/logo-myfitness-white.svg","width":172,"height":49,"caption":"MyFitness spordiklubi"},"image":{"@id":"https:\/\/www.myfitness.ee\/#\/schema\/logo\/image\/"},"sameAs":["https:\/\/www.facebook.com\/MyFitness\/","https:\/\/www.instagram.com\/myfitnesseesti\/","https:\/\/ee.linkedin.com\/company\/myfitness-group"]}]}},"_links":{"self":[{"href":"https:\/\/www.myfitness.lv\/ru\/wp-json\/wp\/v2\/pages\/9389","targetHints":{"allow":["GET"]}}],"collection":[{"href":"https:\/\/www.myfitness.lv\/ru\/wp-json\/wp\/v2\/pages"}],"about":[{"href":"https:\/\/www.myfitness.lv\/ru\/wp-json\/wp\/v2\/types\/page"}],"author":[{"embeddable":true,"href":"https:\/\/www.myfitness.lv\/ru\/wp-json\/wp\/v2\/users\/1"}],"replies":[{"embeddable":true,"href":"https:\/\/www.myfitness.lv\/ru\/wp-json\/wp\/v2\/comments?post=9389"}],"version-history":[{"count":4,"href":"https:\/\/www.myfitness.lv\/ru\/wp-json\/wp\/v2\/pages\/9389\/revisions"}],"predecessor-version":[{"id":15113,"href":"https:\/\/www.myfitness.lv\/ru\/wp-json\/wp\/v2\/pages\/9389\/revisions\/15113"}],"up":[{"embeddable":true,"href":"https:\/\/www.myfitness.lv\/ru\/wp-json\/wp\/v2\/pages\/9380"}],"wp:featuredmedia":[{"embeddable":true,"href":"https:\/\/www.myfitness.lv\/ru\/wp-json\/wp\/v2\/media\/9383"}],"wp:attachment":[{"href":"https:\/\/www.myfitness.lv\/ru\/wp-json\/wp\/v2\/media?parent=9389"}],"wp:term":[{"taxonomy":"training_feature","embeddable":true,"href":"https:\/\/www.myfitness.lv\/ru\/wp-json\/wp\/v2\/training_feature?post=9389"}],"curies":[{"name":"wp","href":"https:\/\/api.w.org\/{rel}","templated":true}]}}