{"id":14877,"date":"2025-04-30T22:52:38","date_gmt":"2025-04-30T19:52:38","guid":{"rendered":"https:\/\/www.myfitness.lv\/probnaya-trenirovka\/"},"modified":"2025-05-29T11:33:31","modified_gmt":"2025-05-29T08:33:31","slug":"probnaya-trenirovka","status":"publish","type":"page","link":"https:\/\/www.myfitness.lv\/ru\/probnaya-trenirovka\/","title":{"rendered":"\u041f\u0440\u0438\u0445\u043e\u0434\u0438\u0442\u0435 \u043d\u0430 \u043f\u0440\u043e\u0431\u043d\u0443\u044e \u0442\u0440\u0435\u043d\u0438\u0440\u043e\u0432\u043a\u0443"},"content":{"rendered":"","protected":false},"excerpt":{"rendered":"","protected":false},"author":4,"featured_media":0,"parent":0,"menu_order":0,"comment_status":"closed","ping_status":"closed","template":"","meta":{"_acf_changed":false,"footnotes":""},"training_feature":[],"class_list":["post-14877","page","type-page","status-publish","hentry"],"acf":[],"yoast_head":"<!-- This site is optimized with the Yoast SEO plugin v27.4 - https:\/\/yoast.com\/product\/yoast-seo-wordpress\/ -->\n<title>\u041f\u0440\u0438\u0445\u043e\u0434\u0438\u0442\u0435 \u043d\u0430 \u043f\u0440\u043e\u0431\u043d\u0443\u044e \u0442\u0440\u0435\u043d\u0438\u0440\u043e\u0432\u043a\u0443 - MyFitness sports club<\/title>\n<meta name=\"robots\" content=\"index, follow, max-snippet:-1, max-image-preview:large, max-video-preview:-1\" \/>\n<link rel=\"canonical\" href=\"https:\/\/www.myfitness.lv\/ru\/probnaya-trenirovka\/\" \/>\n<meta property=\"og:locale\" content=\"ru_RU\" \/>\n<meta property=\"og:type\" content=\"article\" \/>\n<meta property=\"og:title\" content=\"\u041f\u0440\u0438\u0445\u043e\u0434\u0438\u0442\u0435 \u043d\u0430 \u043f\u0440\u043e\u0431\u043d\u0443\u044e \u0442\u0440\u0435\u043d\u0438\u0440\u043e\u0432\u043a\u0443 - MyFitness sports club\" \/>\n<meta property=\"og:url\" content=\"https:\/\/www.myfitness.lv\/ru\/probnaya-trenirovka\/\" \/>\n<meta property=\"og:site_name\" content=\"MyFitness sports club\" \/>\n<meta property=\"article:publisher\" content=\"https:\/\/www.facebook.com\/MyFitness\/\" \/>\n<meta property=\"article:modified_time\" content=\"2025-05-29T08:33:31+00:00\" \/>\n<meta name=\"twitter:card\" content=\"summary_large_image\" \/>\n<script type=\"application\/ld+json\" class=\"yoast-schema-graph\">{\"@context\":\"https:\\\/\\\/schema.org\",\"@graph\":[{\"@type\":\"WebPage\",\"@id\":\"https:\\\/\\\/www.myfitness.lv\\\/ru\\\/probnaya-trenirovka\\\/\",\"url\":\"https:\\\/\\\/www.myfitness.lv\\\/ru\\\/probnaya-trenirovka\\\/\",\"name\":\"\u041f\u0440\u0438\u0445\u043e\u0434\u0438\u0442\u0435 \u043d\u0430 \u043f\u0440\u043e\u0431\u043d\u0443\u044e \u0442\u0440\u0435\u043d\u0438\u0440\u043e\u0432\u043a\u0443 - MyFitness sports club\",\"isPartOf\":{\"@id\":\"https:\\\/\\\/www.myfitness.ee\\\/#website\"},\"datePublished\":\"2025-04-30T19:52:38+00:00\",\"dateModified\":\"2025-05-29T08:33:31+00:00\",\"breadcrumb\":{\"@id\":\"https:\\\/\\\/www.myfitness.lv\\\/ru\\\/probnaya-trenirovka\\\/#breadcrumb\"},\"inLanguage\":\"ru-RU\",\"potentialAction\":[{\"@type\":\"ReadAction\",\"target\":[\"https:\\\/\\\/www.myfitness.lv\\\/ru\\\/probnaya-trenirovka\\\/\"]}]},{\"@type\":\"BreadcrumbList\",\"@id\":\"https:\\\/\\\/www.myfitness.lv\\\/ru\\\/probnaya-trenirovka\\\/#breadcrumb\",\"itemListElement\":[{\"@type\":\"ListItem\",\"position\":1,\"name\":\"Home\",\"item\":\"https:\\\/\\\/www.myfitness.lv\\\/ru\\\/\"},{\"@type\":\"ListItem\",\"position\":2,\"name\":\"\u041f\u0440\u0438\u0445\u043e\u0434\u0438\u0442\u0435 \u043d\u0430 \u043f\u0440\u043e\u0431\u043d\u0443\u044e \u0442\u0440\u0435\u043d\u0438\u0440\u043e\u0432\u043a\u0443\"}]},{\"@type\":\"WebSite\",\"@id\":\"https:\\\/\\\/www.myfitness.ee\\\/#website\",\"url\":\"https:\\\/\\\/www.myfitness.ee\\\/\",\"name\":\"MyFitness sports club\",\"description\":\"Ieguld\u012bjums vesel\u012bb\u0101\",\"publisher\":{\"@id\":\"https:\\\/\\\/www.myfitness.ee\\\/#organization\"},\"potentialAction\":[{\"@type\":\"SearchAction\",\"target\":{\"@type\":\"EntryPoint\",\"urlTemplate\":\"https:\\\/\\\/www.myfitness.ee\\\/?s={search_term_string}\"},\"query-input\":{\"@type\":\"PropertyValueSpecification\",\"valueRequired\":true,\"valueName\":\"search_term_string\"}}],\"inLanguage\":\"ru-RU\"},{\"@type\":\"Organization\",\"@id\":\"https:\\\/\\\/www.myfitness.ee\\\/#organization\",\"name\":\"MyFitness spordiklubi\",\"url\":\"https:\\\/\\\/www.myfitness.ee\\\/\",\"logo\":{\"@type\":\"ImageObject\",\"inLanguage\":\"ru-RU\",\"@id\":\"https:\\\/\\\/www.myfitness.ee\\\/#\\\/schema\\\/logo\\\/image\\\/\",\"url\":\"https:\\\/\\\/www.myfitness.lv\\\/wp-content\\\/uploads\\\/2024\\\/09\\\/logo-myfitness-white.svg\",\"contentUrl\":\"https:\\\/\\\/www.myfitness.lv\\\/wp-content\\\/uploads\\\/2024\\\/09\\\/logo-myfitness-white.svg\",\"width\":172,\"height\":49,\"caption\":\"MyFitness spordiklubi\"},\"image\":{\"@id\":\"https:\\\/\\\/www.myfitness.ee\\\/#\\\/schema\\\/logo\\\/image\\\/\"},\"sameAs\":[\"https:\\\/\\\/www.facebook.com\\\/MyFitness\\\/\",\"https:\\\/\\\/www.instagram.com\\\/myfitnesseesti\\\/\",\"https:\\\/\\\/ee.linkedin.com\\\/company\\\/myfitness-group\"]}]}<\/script>\n<!-- \/ Yoast SEO plugin. -->","yoast_head_json":{"title":"\u041f\u0440\u0438\u0445\u043e\u0434\u0438\u0442\u0435 \u043d\u0430 \u043f\u0440\u043e\u0431\u043d\u0443\u044e \u0442\u0440\u0435\u043d\u0438\u0440\u043e\u0432\u043a\u0443 - MyFitness sports club","robots":{"index":"index","follow":"follow","max-snippet":"max-snippet:-1","max-image-preview":"max-image-preview:large","max-video-preview":"max-video-preview:-1"},"canonical":"https:\/\/www.myfitness.lv\/ru\/probnaya-trenirovka\/","og_locale":"ru_RU","og_type":"article","og_title":"\u041f\u0440\u0438\u0445\u043e\u0434\u0438\u0442\u0435 \u043d\u0430 \u043f\u0440\u043e\u0431\u043d\u0443\u044e \u0442\u0440\u0435\u043d\u0438\u0440\u043e\u0432\u043a\u0443 - MyFitness sports club","og_url":"https:\/\/www.myfitness.lv\/ru\/probnaya-trenirovka\/","og_site_name":"MyFitness sports club","article_publisher":"https:\/\/www.facebook.com\/MyFitness\/","article_modified_time":"2025-05-29T08:33:31+00:00","twitter_card":"summary_large_image","schema":{"@context":"https:\/\/schema.org","@graph":[{"@type":"WebPage","@id":"https:\/\/www.myfitness.lv\/ru\/probnaya-trenirovka\/","url":"https:\/\/www.myfitness.lv\/ru\/probnaya-trenirovka\/","name":"\u041f\u0440\u0438\u0445\u043e\u0434\u0438\u0442\u0435 \u043d\u0430 \u043f\u0440\u043e\u0431\u043d\u0443\u044e \u0442\u0440\u0435\u043d\u0438\u0440\u043e\u0432\u043a\u0443 - MyFitness sports club","isPartOf":{"@id":"https:\/\/www.myfitness.ee\/#website"},"datePublished":"2025-04-30T19:52:38+00:00","dateModified":"2025-05-29T08:33:31+00:00","breadcrumb":{"@id":"https:\/\/www.myfitness.lv\/ru\/probnaya-trenirovka\/#breadcrumb"},"inLanguage":"ru-RU","potentialAction":[{"@type":"ReadAction","target":["https:\/\/www.myfitness.lv\/ru\/probnaya-trenirovka\/"]}]},{"@type":"BreadcrumbList","@id":"https:\/\/www.myfitness.lv\/ru\/probnaya-trenirovka\/#breadcrumb","itemListElement":[{"@type":"ListItem","position":1,"name":"Home","item":"https:\/\/www.myfitness.lv\/ru\/"},{"@type":"ListItem","position":2,"name":"\u041f\u0440\u0438\u0445\u043e\u0434\u0438\u0442\u0435 \u043d\u0430 \u043f\u0440\u043e\u0431\u043d\u0443\u044e \u0442\u0440\u0435\u043d\u0438\u0440\u043e\u0432\u043a\u0443"}]},{"@type":"WebSite","@id":"https:\/\/www.myfitness.ee\/#website","url":"https:\/\/www.myfitness.ee\/","name":"MyFitness sports club","description":"Ieguld\u012bjums vesel\u012bb\u0101","publisher":{"@id":"https:\/\/www.myfitness.ee\/#organization"},"potentialAction":[{"@type":"SearchAction","target":{"@type":"EntryPoint","urlTemplate":"https:\/\/www.myfitness.ee\/?s={search_term_string}"},"query-input":{"@type":"PropertyValueSpecification","valueRequired":true,"valueName":"search_term_string"}}],"inLanguage":"ru-RU"},{"@type":"Organization","@id":"https:\/\/www.myfitness.ee\/#organization","name":"MyFitness spordiklubi","url":"https:\/\/www.myfitness.ee\/","logo":{"@type":"ImageObject","inLanguage":"ru-RU","@id":"https:\/\/www.myfitness.ee\/#\/schema\/logo\/image\/","url":"https:\/\/www.myfitness.lv\/wp-content\/uploads\/2024\/09\/logo-myfitness-white.svg","contentUrl":"https:\/\/www.myfitness.lv\/wp-content\/uploads\/2024\/09\/logo-myfitness-white.svg","width":172,"height":49,"caption":"MyFitness spordiklubi"},"image":{"@id":"https:\/\/www.myfitness.ee\/#\/schema\/logo\/image\/"},"sameAs":["https:\/\/www.facebook.com\/MyFitness\/","https:\/\/www.instagram.com\/myfitnesseesti\/","https:\/\/ee.linkedin.com\/company\/myfitness-group"]}]}},"_links":{"self":[{"href":"https:\/\/www.myfitness.lv\/ru\/wp-json\/wp\/v2\/pages\/14877","targetHints":{"allow":["GET"]}}],"collection":[{"href":"https:\/\/www.myfitness.lv\/ru\/wp-json\/wp\/v2\/pages"}],"about":[{"href":"https:\/\/www.myfitness.lv\/ru\/wp-json\/wp\/v2\/types\/page"}],"author":[{"embeddable":true,"href":"https:\/\/www.myfitness.lv\/ru\/wp-json\/wp\/v2\/users\/4"}],"replies":[{"embeddable":true,"href":"https:\/\/www.myfitness.lv\/ru\/wp-json\/wp\/v2\/comments?post=14877"}],"version-history":[{"count":2,"href":"https:\/\/www.myfitness.lv\/ru\/wp-json\/wp\/v2\/pages\/14877\/revisions"}],"predecessor-version":[{"id":17413,"href":"https:\/\/www.myfitness.lv\/ru\/wp-json\/wp\/v2\/pages\/14877\/revisions\/17413"}],"wp:attachment":[{"href":"https:\/\/www.myfitness.lv\/ru\/wp-json\/wp\/v2\/media?parent=14877"}],"wp:term":[{"taxonomy":"training_feature","embeddable":true,"href":"https:\/\/www.myfitness.lv\/ru\/wp-json\/wp\/v2\/training_feature?post=14877"}],"curies":[{"name":"wp","href":"https:\/\/api.w.org\/{rel}","templated":true}]}}