{"id":9730,"date":"2024-12-31T10:05:24","date_gmt":"2024-12-31T08:05:24","guid":{"rendered":"https:\/\/www.myfitness.lv\/group-trainings\/body-mind\/pilates\/"},"modified":"2025-05-28T16:06:03","modified_gmt":"2025-05-28T13:06:03","slug":"pilates","status":"publish","type":"page","link":"https:\/\/www.myfitness.lv\/en\/group-trainings\/body-mind\/pilates\/","title":{"rendered":"Pilates"},"content":{"rendered":"\t\t<div data-elementor-type=\"wp-page\" data-elementor-id=\"9730\" class=\"elementor elementor-9730 elementor-3536\" data-elementor-post-type=\"page\">\n\t\t\t\t<div class=\"elementor-element elementor-element-23399f2 e-flex e-con-boxed e-con e-parent\" data-id=\"23399f2\" data-element_type=\"container\" data-e-type=\"container\" data-settings=\"{&quot;background_background&quot;:&quot;classic&quot;}\">\n\t\t\t\t\t<div class=\"e-con-inner\">\n\t\t<div class=\"elementor-element elementor-element-0017431 e-con-full e-flex e-con e-child\" data-id=\"0017431\" data-element_type=\"container\" data-e-type=\"container\" data-settings=\"{&quot;background_background&quot;:&quot;classic&quot;}\">\n\t\t\t\t<div class=\"elementor-element elementor-element-a26e3a3 elementor-widget elementor-widget-heading\" data-id=\"a26e3a3\" data-element_type=\"widget\" data-e-type=\"widget\" data-widget_type=\"heading.default\">\n\t\t\t\t<div class=\"elementor-widget-container\">\n\t\t\t\t\t<h1 class=\"elementor-heading-title elementor-size-default\">Pilates<\/h1>\t\t\t\t<\/div>\n\t\t\t\t<\/div>\n\t\t\t\t<div class=\"elementor-element elementor-element-52ca8a5 elementor-widget elementor-widget-text-editor\" data-id=\"52ca8a5\" data-element_type=\"widget\" data-e-type=\"widget\" data-widget_type=\"text-editor.default\">\n\t\t\t\t<div class=\"elementor-widget-container\">\n\t\t\t\t\t\t\t\t\t<p>A training programme that is designed for strengthening the deep and small muscles. It helps to improve posture and grace, makes the body more fit and slim, as well as rids the body and mind from stress and anxiety accumulated throughout the day. No prior training required.<\/p>\n\t\t\t\t\t\t\t\t<\/div>\n\t\t\t\t<\/div>\n\t\t\t\t<div class=\"elementor-element elementor-element-7b2aa9a elementor-widget elementor-widget-button\" data-id=\"7b2aa9a\" data-element_type=\"widget\" data-e-type=\"widget\" data-widget_type=\"button.default\">\n\t\t\t\t<div class=\"elementor-widget-container\">\n\t\t\t\t\t\t\t\t\t<div class=\"elementor-button-wrapper\">\n\t\t\t\t\t<a class=\"elementor-button elementor-button-link elementor-size-sm\" href=\"https:\/\/www.myfitness.lv\/en\/schedule-trainings\/\">\n\t\t\t\t\t\t<span class=\"elementor-button-content-wrapper\">\n\t\t\t\t\t\t\t\t\t<span class=\"elementor-button-text\">Book<\/span>\n\t\t\t\t\t<\/span>\n\t\t\t\t\t<\/a>\n\t\t\t\t<\/div>\n\t\t\t\t\t\t\t\t<\/div>\n\t\t\t\t<\/div>\n\t\t\t\t<\/div>\n\t\t\t\t\t<\/div>\n\t\t\t\t<\/div>\n\t\t\t\t<\/div>\n\t\t","protected":false},"excerpt":{"rendered":"<p>A training programme that is designed for strengthening the deep and small muscles. It helps to improve posture and grace, makes the body more fit and slim, as well as rids the body and mind from stress and anxiety accumulated throughout the day. No prior training required. Book<\/p>\n","protected":false},"author":1,"featured_media":17347,"parent":9522,"menu_order":30,"comment_status":"closed","ping_status":"closed","template":"","meta":{"_acf_changed":false,"footnotes":""},"training_feature":[],"class_list":["post-9730","page","type-page","status-publish","has-post-thumbnail","hentry"],"acf":[],"yoast_head":"<!-- This site is optimized with the Yoast SEO plugin v27.4 - https:\/\/yoast.com\/product\/yoast-seo-wordpress\/ -->\n<title>Pilates - MyFitness sports club<\/title>\n<meta name=\"robots\" content=\"index, follow, max-snippet:-1, max-image-preview:large, max-video-preview:-1\" \/>\n<link rel=\"canonical\" href=\"https:\/\/www.myfitness.lv\/en\/group-trainings\/body-mind\/pilates\/\" \/>\n<meta property=\"og:locale\" content=\"en_US\" \/>\n<meta property=\"og:type\" content=\"article\" \/>\n<meta property=\"og:title\" content=\"Pilates - MyFitness sports club\" \/>\n<meta property=\"og:description\" content=\"A training programme that is designed for strengthening the deep and small muscles. It helps to improve posture and grace, makes the body more fit and slim, as well as rids the body and mind from stress and anxiety accumulated throughout the day. No prior training required. Book\" \/>\n<meta property=\"og:url\" content=\"https:\/\/www.myfitness.lv\/en\/group-trainings\/body-mind\/pilates\/\" \/>\n<meta property=\"og:site_name\" content=\"MyFitness sports club\" \/>\n<meta property=\"article:publisher\" content=\"https:\/\/www.facebook.com\/MyFitness\/\" \/>\n<meta property=\"article:modified_time\" content=\"2025-05-28T13:06:03+00:00\" \/>\n<meta property=\"og:image\" content=\"https:\/\/myf-lv.webme.ee\/wp-content\/uploads\/2025\/05\/dsc_4436.jpg\" \/>\n\t<meta property=\"og:image:width\" content=\"1920\" \/>\n\t<meta property=\"og:image:height\" content=\"1319\" \/>\n\t<meta property=\"og:image:type\" content=\"image\/jpeg\" \/>\n<meta name=\"twitter:card\" content=\"summary_large_image\" \/>\n<script type=\"application\/ld+json\" class=\"yoast-schema-graph\">{\"@context\":\"https:\\\/\\\/schema.org\",\"@graph\":[{\"@type\":\"WebPage\",\"@id\":\"https:\\\/\\\/www.myfitness.lv\\\/en\\\/group-trainings\\\/body-mind\\\/pilates\\\/\",\"url\":\"https:\\\/\\\/www.myfitness.lv\\\/en\\\/group-trainings\\\/body-mind\\\/pilates\\\/\",\"name\":\"Pilates - MyFitness sports club\",\"isPartOf\":{\"@id\":\"https:\\\/\\\/www.myfitness.ee\\\/#website\"},\"primaryImageOfPage\":{\"@id\":\"https:\\\/\\\/www.myfitness.lv\\\/en\\\/group-trainings\\\/body-mind\\\/pilates\\\/#primaryimage\"},\"image\":{\"@id\":\"https:\\\/\\\/www.myfitness.lv\\\/en\\\/group-trainings\\\/body-mind\\\/pilates\\\/#primaryimage\"},\"thumbnailUrl\":\"https:\\\/\\\/www.myfitness.lv\\\/wp-content\\\/uploads\\\/2025\\\/05\\\/dsc_4436.jpg\",\"datePublished\":\"2024-12-31T08:05:24+00:00\",\"dateModified\":\"2025-05-28T13:06:03+00:00\",\"breadcrumb\":{\"@id\":\"https:\\\/\\\/www.myfitness.lv\\\/en\\\/group-trainings\\\/body-mind\\\/pilates\\\/#breadcrumb\"},\"inLanguage\":\"en-US\",\"potentialAction\":[{\"@type\":\"ReadAction\",\"target\":[\"https:\\\/\\\/www.myfitness.lv\\\/en\\\/group-trainings\\\/body-mind\\\/pilates\\\/\"]}]},{\"@type\":\"ImageObject\",\"inLanguage\":\"en-US\",\"@id\":\"https:\\\/\\\/www.myfitness.lv\\\/en\\\/group-trainings\\\/body-mind\\\/pilates\\\/#primaryimage\",\"url\":\"https:\\\/\\\/www.myfitness.lv\\\/wp-content\\\/uploads\\\/2025\\\/05\\\/dsc_4436.jpg\",\"contentUrl\":\"https:\\\/\\\/www.myfitness.lv\\\/wp-content\\\/uploads\\\/2025\\\/05\\\/dsc_4436.jpg\",\"width\":1920,\"height\":1319},{\"@type\":\"BreadcrumbList\",\"@id\":\"https:\\\/\\\/www.myfitness.lv\\\/en\\\/group-trainings\\\/body-mind\\\/pilates\\\/#breadcrumb\",\"itemListElement\":[{\"@type\":\"ListItem\",\"position\":1,\"name\":\"Home\",\"item\":\"https:\\\/\\\/www.myfitness.lv\\\/en\\\/\"},{\"@type\":\"ListItem\",\"position\":2,\"name\":\"Group Trainings\",\"item\":\"https:\\\/\\\/www.myfitness.lv\\\/en\\\/grupu-nodarbibas\\\/\"},{\"@type\":\"ListItem\",\"position\":3,\"name\":\"Body &amp; Mind\",\"item\":\"https:\\\/\\\/www.myfitness.lv\\\/en\\\/grupu-nodarbibas\\\/body-mind\\\/\"},{\"@type\":\"ListItem\",\"position\":4,\"name\":\"Pilates\"}]},{\"@type\":\"WebSite\",\"@id\":\"https:\\\/\\\/www.myfitness.ee\\\/#website\",\"url\":\"https:\\\/\\\/www.myfitness.ee\\\/\",\"name\":\"MyFitness sports club\",\"description\":\"Ieguld\u012bjums vesel\u012bb\u0101\",\"publisher\":{\"@id\":\"https:\\\/\\\/www.myfitness.ee\\\/#organization\"},\"potentialAction\":[{\"@type\":\"SearchAction\",\"target\":{\"@type\":\"EntryPoint\",\"urlTemplate\":\"https:\\\/\\\/www.myfitness.ee\\\/?s={search_term_string}\"},\"query-input\":{\"@type\":\"PropertyValueSpecification\",\"valueRequired\":true,\"valueName\":\"search_term_string\"}}],\"inLanguage\":\"en-US\"},{\"@type\":\"Organization\",\"@id\":\"https:\\\/\\\/www.myfitness.ee\\\/#organization\",\"name\":\"MyFitness spordiklubi\",\"url\":\"https:\\\/\\\/www.myfitness.ee\\\/\",\"logo\":{\"@type\":\"ImageObject\",\"inLanguage\":\"en-US\",\"@id\":\"https:\\\/\\\/www.myfitness.ee\\\/#\\\/schema\\\/logo\\\/image\\\/\",\"url\":\"https:\\\/\\\/www.myfitness.lv\\\/wp-content\\\/uploads\\\/2024\\\/09\\\/logo-myfitness-white.svg\",\"contentUrl\":\"https:\\\/\\\/www.myfitness.lv\\\/wp-content\\\/uploads\\\/2024\\\/09\\\/logo-myfitness-white.svg\",\"width\":172,\"height\":49,\"caption\":\"MyFitness spordiklubi\"},\"image\":{\"@id\":\"https:\\\/\\\/www.myfitness.ee\\\/#\\\/schema\\\/logo\\\/image\\\/\"},\"sameAs\":[\"https:\\\/\\\/www.facebook.com\\\/MyFitness\\\/\",\"https:\\\/\\\/www.instagram.com\\\/myfitnesseesti\\\/\",\"https:\\\/\\\/ee.linkedin.com\\\/company\\\/myfitness-group\"]}]}<\/script>\n<!-- \/ Yoast SEO plugin. -->","yoast_head_json":{"title":"Pilates - MyFitness sports club","robots":{"index":"index","follow":"follow","max-snippet":"max-snippet:-1","max-image-preview":"max-image-preview:large","max-video-preview":"max-video-preview:-1"},"canonical":"https:\/\/www.myfitness.lv\/en\/group-trainings\/body-mind\/pilates\/","og_locale":"en_US","og_type":"article","og_title":"Pilates - MyFitness sports club","og_description":"A training programme that is designed for strengthening the deep and small muscles. It helps to improve posture and grace, makes the body more fit and slim, as well as rids the body and mind from stress and anxiety accumulated throughout the day. No prior training required. Book","og_url":"https:\/\/www.myfitness.lv\/en\/group-trainings\/body-mind\/pilates\/","og_site_name":"MyFitness sports club","article_publisher":"https:\/\/www.facebook.com\/MyFitness\/","article_modified_time":"2025-05-28T13:06:03+00:00","og_image":[{"width":1920,"height":1319,"url":"https:\/\/myf-lv.webme.ee\/wp-content\/uploads\/2025\/05\/dsc_4436.jpg","type":"image\/jpeg"}],"twitter_card":"summary_large_image","schema":{"@context":"https:\/\/schema.org","@graph":[{"@type":"WebPage","@id":"https:\/\/www.myfitness.lv\/en\/group-trainings\/body-mind\/pilates\/","url":"https:\/\/www.myfitness.lv\/en\/group-trainings\/body-mind\/pilates\/","name":"Pilates - MyFitness sports club","isPartOf":{"@id":"https:\/\/www.myfitness.ee\/#website"},"primaryImageOfPage":{"@id":"https:\/\/www.myfitness.lv\/en\/group-trainings\/body-mind\/pilates\/#primaryimage"},"image":{"@id":"https:\/\/www.myfitness.lv\/en\/group-trainings\/body-mind\/pilates\/#primaryimage"},"thumbnailUrl":"https:\/\/www.myfitness.lv\/wp-content\/uploads\/2025\/05\/dsc_4436.jpg","datePublished":"2024-12-31T08:05:24+00:00","dateModified":"2025-05-28T13:06:03+00:00","breadcrumb":{"@id":"https:\/\/www.myfitness.lv\/en\/group-trainings\/body-mind\/pilates\/#breadcrumb"},"inLanguage":"en-US","potentialAction":[{"@type":"ReadAction","target":["https:\/\/www.myfitness.lv\/en\/group-trainings\/body-mind\/pilates\/"]}]},{"@type":"ImageObject","inLanguage":"en-US","@id":"https:\/\/www.myfitness.lv\/en\/group-trainings\/body-mind\/pilates\/#primaryimage","url":"https:\/\/www.myfitness.lv\/wp-content\/uploads\/2025\/05\/dsc_4436.jpg","contentUrl":"https:\/\/www.myfitness.lv\/wp-content\/uploads\/2025\/05\/dsc_4436.jpg","width":1920,"height":1319},{"@type":"BreadcrumbList","@id":"https:\/\/www.myfitness.lv\/en\/group-trainings\/body-mind\/pilates\/#breadcrumb","itemListElement":[{"@type":"ListItem","position":1,"name":"Home","item":"https:\/\/www.myfitness.lv\/en\/"},{"@type":"ListItem","position":2,"name":"Group Trainings","item":"https:\/\/www.myfitness.lv\/en\/grupu-nodarbibas\/"},{"@type":"ListItem","position":3,"name":"Body &amp; Mind","item":"https:\/\/www.myfitness.lv\/en\/grupu-nodarbibas\/body-mind\/"},{"@type":"ListItem","position":4,"name":"Pilates"}]},{"@type":"WebSite","@id":"https:\/\/www.myfitness.ee\/#website","url":"https:\/\/www.myfitness.ee\/","name":"MyFitness sports club","description":"Ieguld\u012bjums vesel\u012bb\u0101","publisher":{"@id":"https:\/\/www.myfitness.ee\/#organization"},"potentialAction":[{"@type":"SearchAction","target":{"@type":"EntryPoint","urlTemplate":"https:\/\/www.myfitness.ee\/?s={search_term_string}"},"query-input":{"@type":"PropertyValueSpecification","valueRequired":true,"valueName":"search_term_string"}}],"inLanguage":"en-US"},{"@type":"Organization","@id":"https:\/\/www.myfitness.ee\/#organization","name":"MyFitness spordiklubi","url":"https:\/\/www.myfitness.ee\/","logo":{"@type":"ImageObject","inLanguage":"en-US","@id":"https:\/\/www.myfitness.ee\/#\/schema\/logo\/image\/","url":"https:\/\/www.myfitness.lv\/wp-content\/uploads\/2024\/09\/logo-myfitness-white.svg","contentUrl":"https:\/\/www.myfitness.lv\/wp-content\/uploads\/2024\/09\/logo-myfitness-white.svg","width":172,"height":49,"caption":"MyFitness spordiklubi"},"image":{"@id":"https:\/\/www.myfitness.ee\/#\/schema\/logo\/image\/"},"sameAs":["https:\/\/www.facebook.com\/MyFitness\/","https:\/\/www.instagram.com\/myfitnesseesti\/","https:\/\/ee.linkedin.com\/company\/myfitness-group"]}]}},"_links":{"self":[{"href":"https:\/\/www.myfitness.lv\/en\/wp-json\/wp\/v2\/pages\/9730","targetHints":{"allow":["GET"]}}],"collection":[{"href":"https:\/\/www.myfitness.lv\/en\/wp-json\/wp\/v2\/pages"}],"about":[{"href":"https:\/\/www.myfitness.lv\/en\/wp-json\/wp\/v2\/types\/page"}],"author":[{"embeddable":true,"href":"https:\/\/www.myfitness.lv\/en\/wp-json\/wp\/v2\/users\/1"}],"replies":[{"embeddable":true,"href":"https:\/\/www.myfitness.lv\/en\/wp-json\/wp\/v2\/comments?post=9730"}],"version-history":[{"count":2,"href":"https:\/\/www.myfitness.lv\/en\/wp-json\/wp\/v2\/pages\/9730\/revisions"}],"predecessor-version":[{"id":16296,"href":"https:\/\/www.myfitness.lv\/en\/wp-json\/wp\/v2\/pages\/9730\/revisions\/16296"}],"up":[{"embeddable":true,"href":"https:\/\/www.myfitness.lv\/en\/wp-json\/wp\/v2\/pages\/9522"}],"wp:featuredmedia":[{"embeddable":true,"href":"https:\/\/www.myfitness.lv\/en\/wp-json\/wp\/v2\/media\/17347"}],"wp:attachment":[{"href":"https:\/\/www.myfitness.lv\/en\/wp-json\/wp\/v2\/media?parent=9730"}],"wp:term":[{"taxonomy":"training_feature","embeddable":true,"href":"https:\/\/www.myfitness.lv\/en\/wp-json\/wp\/v2\/training_feature?post=9730"}],"curies":[{"name":"wp","href":"https:\/\/api.w.org\/{rel}","templated":true}]}}