{"id":29646,"date":"2025-07-22T13:53:08","date_gmt":"2025-07-22T10:53:08","guid":{"rendered":"https:\/\/www.myfitness.lv\/relaxations\/solarijs\/"},"modified":"2026-01-26T13:46:26","modified_gmt":"2026-01-26T11:46:26","slug":"solarijs","status":"publish","type":"page","link":"https:\/\/www.myfitness.lv\/en\/relaxations\/solarijs\/","title":{"rendered":"Solarium"},"content":{"rendered":"\t\t<div data-elementor-type=\"wp-page\" data-elementor-id=\"29646\" class=\"elementor elementor-29646 elementor-24985\" data-elementor-post-type=\"page\">\n\t\t\t\t<div class=\"elementor-element elementor-element-45186ff mf-dark-bg e-flex e-con-boxed e-con e-parent\" data-id=\"45186ff\" data-element_type=\"container\" data-e-type=\"container\" data-settings=\"{&quot;background_background&quot;:&quot;classic&quot;}\">\n\t\t\t\t\t<div class=\"e-con-inner\">\n\t\t<div class=\"elementor-element elementor-element-d34f7db e-con-full e-flex e-con e-child\" data-id=\"d34f7db\" data-element_type=\"container\" data-e-type=\"container\">\n\t\t\t\t<div class=\"elementor-element elementor-element-f33642c text-pretty elementor-widget elementor-widget-heading\" data-id=\"f33642c\" data-element_type=\"widget\" data-e-type=\"widget\" data-widget_type=\"heading.default\">\n\t\t\t\t<div class=\"elementor-widget-container\">\n\t\t\t\t\t<h1 class=\"elementor-heading-title elementor-size-default\">Solarium<\/h1>\t\t\t\t<\/div>\n\t\t\t\t<\/div>\n\t\t\t\t<div class=\"elementor-element elementor-element-3742d02 text-pretty elementor-widget elementor-widget-text-editor\" data-id=\"3742d02\" data-element_type=\"widget\" data-e-type=\"widget\" data-widget_type=\"text-editor.default\">\n\t\t\t\t<div class=\"elementor-widget-container\">\n\t\t\t\t\t\t\t\t\t<p data-start=\"18\" data-end=\"62\">Enjoy the sun in any weather!<\/p>\n\t\t\t\t\t\t\t\t<\/div>\n\t\t\t\t<\/div>\n\t\t\t\t<\/div>\n\t\t\t\t\t<\/div>\n\t\t\t\t<\/div>\n\t\t<div class=\"elementor-element elementor-element-bba1cd3 e-flex e-con-boxed e-con e-parent\" data-id=\"bba1cd3\" data-element_type=\"container\" data-e-type=\"container\">\n\t\t\t\t\t<div class=\"e-con-inner\">\n\t\t<div class=\"elementor-element elementor-element-1696ca8 e-con-full e-flex e-con e-child\" data-id=\"1696ca8\" data-element_type=\"container\" data-e-type=\"container\">\n\t\t\t\t<div class=\"elementor-element elementor-element-a83bda0 elementor-widget elementor-widget-heading\" data-id=\"a83bda0\" data-element_type=\"widget\" data-e-type=\"widget\" data-widget_type=\"heading.default\">\n\t\t\t\t<div class=\"elementor-widget-container\">\n\t\t\t\t\t<h2 class=\"elementor-heading-title elementor-size-default\">Solarium at MyFitness sports clubs<\/h2>\t\t\t\t<\/div>\n\t\t\t\t<\/div>\n\t\t\t\t<div class=\"elementor-element elementor-element-1c5eb34 elementor-widget elementor-widget-text-editor\" data-id=\"1c5eb34\" data-element_type=\"widget\" data-e-type=\"widget\" data-widget_type=\"text-editor.default\">\n\t\t\t\t<div class=\"elementor-widget-container\">\n\t\t\t\t\t\t\t\t\t<p data-start=\"115\" data-end=\"289\">With MyFitness solariums, enjoy an even and attractive tan all year round \u2013 it beautifully enhances muscle definition and body shape.<\/p>\n\t\t\t\t\t\t\t\t<\/div>\n\t\t\t\t<\/div>\n\t\t\t\t<\/div>\n\t\t<div class=\"elementor-element elementor-element-b97bcc1 e-con-full elementor-hidden-mobile e-flex e-con e-child\" data-id=\"b97bcc1\" data-element_type=\"container\" data-e-type=\"container\">\n\t\t\t\t<\/div>\n\t\t\t\t\t<\/div>\n\t\t\t\t<\/div>\n\t\t<div class=\"elementor-element elementor-element-2a0a591 e-con-full e-flex e-con e-parent\" data-id=\"2a0a591\" data-element_type=\"container\" data-e-type=\"container\">\n\t\t<div class=\"elementor-element elementor-element-7f45f89 e-con-full cb-row e-flex e-con e-child\" data-id=\"7f45f89\" data-element_type=\"container\" data-e-type=\"container\">\n\t\t<div class=\"elementor-element elementor-element-56d4c40 e-con-full cb-column cb-column--content e-flex e-con e-child\" data-id=\"56d4c40\" data-element_type=\"container\" data-e-type=\"container\">\n\t\t<div class=\"elementor-element elementor-element-3ddc782 e-con-full cb-column--content__container e-flex e-con e-child\" data-id=\"3ddc782\" data-element_type=\"container\" data-e-type=\"container\">\n\t\t\t\t<div class=\"elementor-element elementor-element-02f4b0d elementor-widget elementor-widget-heading\" data-id=\"02f4b0d\" data-element_type=\"widget\" data-e-type=\"widget\" data-widget_type=\"heading.default\">\n\t\t\t\t<div class=\"elementor-widget-container\">\n\t\t\t\t\t<h2 class=\"elementor-heading-title elementor-size-default\">Tan responsibly<\/h2>\t\t\t\t<\/div>\n\t\t\t\t<\/div>\n\t\t\t\t<div class=\"elementor-element elementor-element-fb9cf38 elementor-widget elementor-widget-text-editor\" data-id=\"fb9cf38\" data-element_type=\"widget\" data-e-type=\"widget\" data-widget_type=\"text-editor.default\">\n\t\t\t\t<div class=\"elementor-widget-container\">\n\t\t\t\t\t\t\t\t\t<p data-start=\"291\" data-end=\"518\">To make your solarium experience pleasant and safe, follow our recommendations and choose a routine that best suits your skin type. Enjoy a beautiful tan by using the solarium thoughtfully and responsibly!<\/p>\n\t\t\t\t\t\t\t\t<\/div>\n\t\t\t\t<\/div>\n\t\t\t\t<\/div>\n\t\t\t\t<\/div>\n\t\t<div class=\"elementor-element elementor-element-ec0ac82 e-con-full cb-column cb-column--media e-flex e-con e-child\" data-id=\"ec0ac82\" data-element_type=\"container\" data-e-type=\"container\">\n\t\t\t\t<div class=\"elementor-element elementor-element-443eeea elementor-widget__width-inherit cb-column--media__image elementor-widget elementor-widget-image\" data-id=\"443eeea\" data-element_type=\"widget\" data-e-type=\"widget\" data-widget_type=\"image.default\">\n\t\t\t\t<div class=\"elementor-widget-container\">\n\t\t\t\t\t\t\t\t\t\t\t\t\t\t\t<img fetchpriority=\"high\" decoding=\"async\" width=\"800\" height=\"450\" src=\"https:\/\/www.myfitness.lv\/wp-content\/uploads\/2025\/07\/solaarium-1024x576.png\" class=\"attachment-large size-large wp-image-24996\" alt=\"\" srcset=\"https:\/\/www.myfitness.lv\/wp-content\/uploads\/2025\/07\/solaarium-1024x576.png 1024w, https:\/\/www.myfitness.lv\/wp-content\/uploads\/2025\/07\/solaarium-300x169.png 300w, https:\/\/www.myfitness.lv\/wp-content\/uploads\/2025\/07\/solaarium-768x432.png 768w, https:\/\/www.myfitness.lv\/wp-content\/uploads\/2025\/07\/solaarium-600x338.png 600w, https:\/\/www.myfitness.lv\/wp-content\/uploads\/2025\/07\/solaarium.png 1200w\" sizes=\"(max-width: 800px) 100vw, 800px\" \/>\t\t\t\t\t\t\t\t\t\t\t\t\t\t\t<\/div>\n\t\t\t\t<\/div>\n\t\t\t\t<\/div>\n\t\t\t\t<\/div>\n\t\t<div class=\"elementor-element elementor-element-5260a7f e-con-full cb-row e-flex e-con e-child\" data-id=\"5260a7f\" data-element_type=\"container\" data-e-type=\"container\">\n\t\t<div class=\"elementor-element elementor-element-9663c70 e-con-full cb-column cb-column--content e-flex e-con e-child\" data-id=\"9663c70\" data-element_type=\"container\" data-e-type=\"container\">\n\t\t<div class=\"elementor-element elementor-element-c81e9e1 e-con-full cb-column--content__container e-flex e-con e-child\" data-id=\"c81e9e1\" data-element_type=\"container\" data-e-type=\"container\">\n\t\t\t\t<div class=\"elementor-element elementor-element-fa76794 elementor-widget elementor-widget-heading\" data-id=\"fa76794\" data-element_type=\"widget\" data-e-type=\"widget\" data-widget_type=\"heading.default\">\n\t\t\t\t<div class=\"elementor-widget-container\">\n\t\t\t\t\t<h2 class=\"elementor-heading-title elementor-size-default\">Even Skin Tone<\/h2>\t\t\t\t<\/div>\n\t\t\t\t<\/div>\n\t\t\t\t<div class=\"elementor-element elementor-element-1871b45 elementor-widget elementor-widget-text-editor\" data-id=\"1871b45\" data-element_type=\"widget\" data-e-type=\"widget\" data-widget_type=\"text-editor.default\">\n\t\t\t\t<div class=\"elementor-widget-container\">\n\t\t\t\t\t\t\t\t\t<p data-start=\"31\" data-end=\"213\">Visiting a solarium can help maintain a sun-kissed skin tone throughout the year and create a brighter, more energetic mood, especially during the darker months.<\/p>\n\t\t\t\t\t\t\t\t<\/div>\n\t\t\t\t<\/div>\n\t\t\t\t<\/div>\n\t\t\t\t<\/div>\n\t\t<div class=\"elementor-element elementor-element-3e6149b e-con-full cb-column cb-column--media e-flex e-con e-child\" data-id=\"3e6149b\" data-element_type=\"container\" data-e-type=\"container\">\n\t\t\t\t<div class=\"elementor-element elementor-element-7df402b elementor-widget__width-inherit cb-column--media__image elementor-widget elementor-widget-image\" data-id=\"7df402b\" data-element_type=\"widget\" data-e-type=\"widget\" data-widget_type=\"image.default\">\n\t\t\t\t<div class=\"elementor-widget-container\">\n\t\t\t\t\t\t\t\t\t\t\t\t\t\t\t<img decoding=\"async\" width=\"800\" height=\"600\" src=\"https:\/\/www.myfitness.lv\/wp-content\/uploads\/2025\/07\/d-vitamiin-1024x768.jpg\" class=\"attachment-large size-large wp-image-24999\" alt=\"\" srcset=\"https:\/\/www.myfitness.lv\/wp-content\/uploads\/2025\/07\/d-vitamiin-1024x768.jpg 1024w, https:\/\/www.myfitness.lv\/wp-content\/uploads\/2025\/07\/d-vitamiin-300x225.jpg 300w, https:\/\/www.myfitness.lv\/wp-content\/uploads\/2025\/07\/d-vitamiin-768x576.jpg 768w, https:\/\/www.myfitness.lv\/wp-content\/uploads\/2025\/07\/d-vitamiin-600x450.jpg 600w, https:\/\/www.myfitness.lv\/wp-content\/uploads\/2025\/07\/d-vitamiin.jpg 1080w\" sizes=\"(max-width: 800px) 100vw, 800px\" \/>\t\t\t\t\t\t\t\t\t\t\t\t\t\t\t<\/div>\n\t\t\t\t<\/div>\n\t\t\t\t<\/div>\n\t\t\t\t<\/div>\n\t\t<div class=\"elementor-element elementor-element-a2fd45c e-con-full cb-row e-flex e-con e-child\" data-id=\"a2fd45c\" data-element_type=\"container\" data-e-type=\"container\">\n\t\t<div class=\"elementor-element elementor-element-6b88f56 e-con-full cb-column cb-column--content e-flex e-con e-child\" data-id=\"6b88f56\" data-element_type=\"container\" data-e-type=\"container\">\n\t\t<div class=\"elementor-element elementor-element-b5653af e-con-full cb-column--content__container e-flex e-con e-child\" data-id=\"b5653af\" data-element_type=\"container\" data-e-type=\"container\">\n\t\t\t\t<div class=\"elementor-element elementor-element-e0b6067 elementor-widget elementor-widget-heading\" data-id=\"e0b6067\" data-element_type=\"widget\" data-e-type=\"widget\" data-widget_type=\"heading.default\">\n\t\t\t\t<div class=\"elementor-widget-container\">\n\t\t\t\t\t<h2 class=\"elementor-heading-title elementor-size-default\">Solariums in MyFitness sports clubs<\/h2>\t\t\t\t<\/div>\n\t\t\t\t<\/div>\n\t\t\t\t<div class=\"elementor-element elementor-element-9c740b9 elementor-widget elementor-widget-text-editor\" data-id=\"9c740b9\" data-element_type=\"widget\" data-e-type=\"widget\" data-widget_type=\"text-editor.default\">\n\t\t\t\t<div class=\"elementor-widget-container\">\n\t\t\t\t\t\t\t\t\t<p data-start=\"712\" data-end=\"858\">The solarium is available at MyFitness P\u013cavnieki, Galleria Riga, and MyFitness Teika Plaza sports clubs.<\/p>\n\t\t\t\t\t\t\t\t<\/div>\n\t\t\t\t<\/div>\n\t\t\t\t<div class=\"elementor-element elementor-element-968d23d elementor-widget elementor-widget-button\" data-id=\"968d23d\" data-element_type=\"widget\" data-e-type=\"widget\" data-widget_type=\"button.default\">\n\t\t\t\t<div class=\"elementor-widget-container\">\n\t\t\t\t\t\t\t\t\t<div class=\"elementor-button-wrapper\">\n\t\t\t\t\t<a class=\"elementor-button elementor-button-link elementor-size-sm\" href=\"https:\/\/www.myfitness.lv\/en\/documents\/solarium-package-service-terms\/\">\n\t\t\t\t\t\t<span class=\"elementor-button-content-wrapper\">\n\t\t\t\t\t\t\t\t\t<span class=\"elementor-button-text\">Solarium membership terms<\/span>\n\t\t\t\t\t<\/span>\n\t\t\t\t\t<\/a>\n\t\t\t\t<\/div>\n\t\t\t\t\t\t\t\t<\/div>\n\t\t\t\t<\/div>\n\t\t\t\t<\/div>\n\t\t\t\t<\/div>\n\t\t<div class=\"elementor-element elementor-element-b9f7436 e-con-full cb-column cb-column--media e-flex e-con e-child\" data-id=\"b9f7436\" data-element_type=\"container\" data-e-type=\"container\">\n\t\t\t\t<div class=\"elementor-element elementor-element-b3a3293 elementor-widget__width-inherit cb-column--media__image elementor-widget elementor-widget-image\" data-id=\"b3a3293\" data-element_type=\"widget\" data-e-type=\"widget\" data-widget_type=\"image.default\">\n\t\t\t\t<div class=\"elementor-widget-container\">\n\t\t\t\t\t\t\t\t\t\t\t\t\t\t\t<img decoding=\"async\" width=\"800\" height=\"534\" src=\"https:\/\/www.myfitness.lv\/wp-content\/uploads\/2025\/07\/solaarium_kus_ja_kuidas-1024x683.jpg\" class=\"attachment-large size-large wp-image-25002\" alt=\"\" srcset=\"https:\/\/www.myfitness.lv\/wp-content\/uploads\/2025\/07\/solaarium_kus_ja_kuidas-1024x683.jpg 1024w, https:\/\/www.myfitness.lv\/wp-content\/uploads\/2025\/07\/solaarium_kus_ja_kuidas-300x200.jpg 300w, https:\/\/www.myfitness.lv\/wp-content\/uploads\/2025\/07\/solaarium_kus_ja_kuidas-768x512.jpg 768w, https:\/\/www.myfitness.lv\/wp-content\/uploads\/2025\/07\/solaarium_kus_ja_kuidas-1536x1025.jpg 1536w, https:\/\/www.myfitness.lv\/wp-content\/uploads\/2025\/07\/solaarium_kus_ja_kuidas-600x400.jpg 600w, https:\/\/www.myfitness.lv\/wp-content\/uploads\/2025\/07\/solaarium_kus_ja_kuidas.jpg 1800w\" sizes=\"(max-width: 800px) 100vw, 800px\" \/>\t\t\t\t\t\t\t\t\t\t\t\t\t\t\t<\/div>\n\t\t\t\t<\/div>\n\t\t\t\t<\/div>\n\t\t\t\t<\/div>\n\t\t\t\t<\/div>\n\t\t\t\t<\/div>\n\t\t","protected":false},"excerpt":{"rendered":"<p>Enjoy the sun in any weather! Solarium at MyFitness sports clubs With MyFitness solariums, enjoy an even and attractive tan all year round \u2013 it beautifully enhances muscle definition and body shape. Tan responsibly To make your solarium experience pleasant and safe, follow our recommendations and choose a routine that best suits your skin type. [&hellip;]<\/p>\n","protected":false},"author":7400,"featured_media":24992,"parent":9423,"menu_order":0,"comment_status":"closed","ping_status":"closed","template":"","meta":{"_acf_changed":false,"footnotes":""},"training_feature":[],"class_list":["post-29646","page","type-page","status-publish","has-post-thumbnail","hentry"],"acf":[],"yoast_head":"<!-- This site is optimized with the Yoast SEO plugin v27.4 - https:\/\/yoast.com\/product\/yoast-seo-wordpress\/ -->\n<title>Solarium - MyFitness sports club<\/title>\n<meta name=\"robots\" content=\"index, follow, max-snippet:-1, max-image-preview:large, max-video-preview:-1\" \/>\n<link rel=\"canonical\" href=\"https:\/\/www.myfitness.lv\/en\/relaxations\/solarijs\/\" \/>\n<meta property=\"og:locale\" content=\"en_US\" \/>\n<meta property=\"og:type\" content=\"article\" \/>\n<meta property=\"og:title\" content=\"Solarium - MyFitness sports club\" \/>\n<meta property=\"og:description\" content=\"Enjoy the sun in any weather! Solarium at MyFitness sports clubs With MyFitness solariums, enjoy an even and attractive tan all year round \u2013 it beautifully enhances muscle definition and body shape. Tan responsibly To make your solarium experience pleasant and safe, follow our recommendations and choose a routine that best suits your skin type. [&hellip;]\" \/>\n<meta property=\"og:url\" content=\"https:\/\/www.myfitness.lv\/en\/relaxations\/solarijs\/\" \/>\n<meta property=\"og:site_name\" content=\"MyFitness sports club\" \/>\n<meta property=\"article:publisher\" content=\"https:\/\/www.facebook.com\/MyFitness\/\" \/>\n<meta property=\"article:modified_time\" content=\"2026-01-26T11:46:26+00:00\" \/>\n<meta property=\"og:image\" content=\"https:\/\/www.myfitness.lv\/wp-content\/uploads\/2025\/07\/cover_solarium.jpg\" \/>\n\t<meta property=\"og:image:width\" content=\"1920\" \/>\n\t<meta property=\"og:image:height\" content=\"985\" \/>\n\t<meta property=\"og:image:type\" content=\"image\/jpeg\" \/>\n<meta name=\"twitter:card\" content=\"summary_large_image\" \/>\n<meta name=\"twitter:label1\" content=\"Est. reading time\" \/>\n\t<meta name=\"twitter:data1\" content=\"1 minute\" \/>\n<script type=\"application\/ld+json\" class=\"yoast-schema-graph\">{\"@context\":\"https:\\\/\\\/schema.org\",\"@graph\":[{\"@type\":\"WebPage\",\"@id\":\"https:\\\/\\\/www.myfitness.lv\\\/en\\\/relaxations\\\/solarijs\\\/\",\"url\":\"https:\\\/\\\/www.myfitness.lv\\\/en\\\/relaxations\\\/solarijs\\\/\",\"name\":\"Solarium - MyFitness sports club\",\"isPartOf\":{\"@id\":\"https:\\\/\\\/www.myfitness.ee\\\/#website\"},\"primaryImageOfPage\":{\"@id\":\"https:\\\/\\\/www.myfitness.lv\\\/en\\\/relaxations\\\/solarijs\\\/#primaryimage\"},\"image\":{\"@id\":\"https:\\\/\\\/www.myfitness.lv\\\/en\\\/relaxations\\\/solarijs\\\/#primaryimage\"},\"thumbnailUrl\":\"https:\\\/\\\/www.myfitness.lv\\\/wp-content\\\/uploads\\\/2025\\\/07\\\/cover_solarium.jpg\",\"datePublished\":\"2025-07-22T10:53:08+00:00\",\"dateModified\":\"2026-01-26T11:46:26+00:00\",\"breadcrumb\":{\"@id\":\"https:\\\/\\\/www.myfitness.lv\\\/en\\\/relaxations\\\/solarijs\\\/#breadcrumb\"},\"inLanguage\":\"en-US\",\"potentialAction\":[{\"@type\":\"ReadAction\",\"target\":[\"https:\\\/\\\/www.myfitness.lv\\\/en\\\/relaxations\\\/solarijs\\\/\"]}]},{\"@type\":\"ImageObject\",\"inLanguage\":\"en-US\",\"@id\":\"https:\\\/\\\/www.myfitness.lv\\\/en\\\/relaxations\\\/solarijs\\\/#primaryimage\",\"url\":\"https:\\\/\\\/www.myfitness.lv\\\/wp-content\\\/uploads\\\/2025\\\/07\\\/cover_solarium.jpg\",\"contentUrl\":\"https:\\\/\\\/www.myfitness.lv\\\/wp-content\\\/uploads\\\/2025\\\/07\\\/cover_solarium.jpg\",\"width\":1920,\"height\":985},{\"@type\":\"BreadcrumbList\",\"@id\":\"https:\\\/\\\/www.myfitness.lv\\\/en\\\/relaxations\\\/solarijs\\\/#breadcrumb\",\"itemListElement\":[{\"@type\":\"ListItem\",\"position\":1,\"name\":\"Home\",\"item\":\"https:\\\/\\\/www.myfitness.lv\\\/en\\\/\"},{\"@type\":\"ListItem\",\"position\":2,\"name\":\"Relaxations\",\"item\":\"https:\\\/\\\/www.myfitness.lv\\\/en\\\/relaksacijas\\\/\"},{\"@type\":\"ListItem\",\"position\":3,\"name\":\"Solarium\"}]},{\"@type\":\"WebSite\",\"@id\":\"https:\\\/\\\/www.myfitness.ee\\\/#website\",\"url\":\"https:\\\/\\\/www.myfitness.ee\\\/\",\"name\":\"MyFitness sports club\",\"description\":\"Ieguld\u012bjums vesel\u012bb\u0101\",\"publisher\":{\"@id\":\"https:\\\/\\\/www.myfitness.ee\\\/#organization\"},\"potentialAction\":[{\"@type\":\"SearchAction\",\"target\":{\"@type\":\"EntryPoint\",\"urlTemplate\":\"https:\\\/\\\/www.myfitness.ee\\\/?s={search_term_string}\"},\"query-input\":{\"@type\":\"PropertyValueSpecification\",\"valueRequired\":true,\"valueName\":\"search_term_string\"}}],\"inLanguage\":\"en-US\"},{\"@type\":\"Organization\",\"@id\":\"https:\\\/\\\/www.myfitness.ee\\\/#organization\",\"name\":\"MyFitness spordiklubi\",\"url\":\"https:\\\/\\\/www.myfitness.ee\\\/\",\"logo\":{\"@type\":\"ImageObject\",\"inLanguage\":\"en-US\",\"@id\":\"https:\\\/\\\/www.myfitness.ee\\\/#\\\/schema\\\/logo\\\/image\\\/\",\"url\":\"https:\\\/\\\/www.myfitness.lv\\\/wp-content\\\/uploads\\\/2024\\\/09\\\/logo-myfitness-white.svg\",\"contentUrl\":\"https:\\\/\\\/www.myfitness.lv\\\/wp-content\\\/uploads\\\/2024\\\/09\\\/logo-myfitness-white.svg\",\"width\":172,\"height\":49,\"caption\":\"MyFitness spordiklubi\"},\"image\":{\"@id\":\"https:\\\/\\\/www.myfitness.ee\\\/#\\\/schema\\\/logo\\\/image\\\/\"},\"sameAs\":[\"https:\\\/\\\/www.facebook.com\\\/MyFitness\\\/\",\"https:\\\/\\\/www.instagram.com\\\/myfitnesseesti\\\/\",\"https:\\\/\\\/ee.linkedin.com\\\/company\\\/myfitness-group\"]}]}<\/script>\n<!-- \/ Yoast SEO plugin. -->","yoast_head_json":{"title":"Solarium - MyFitness sports club","robots":{"index":"index","follow":"follow","max-snippet":"max-snippet:-1","max-image-preview":"max-image-preview:large","max-video-preview":"max-video-preview:-1"},"canonical":"https:\/\/www.myfitness.lv\/en\/relaxations\/solarijs\/","og_locale":"en_US","og_type":"article","og_title":"Solarium - MyFitness sports club","og_description":"Enjoy the sun in any weather! Solarium at MyFitness sports clubs With MyFitness solariums, enjoy an even and attractive tan all year round \u2013 it beautifully enhances muscle definition and body shape. Tan responsibly To make your solarium experience pleasant and safe, follow our recommendations and choose a routine that best suits your skin type. [&hellip;]","og_url":"https:\/\/www.myfitness.lv\/en\/relaxations\/solarijs\/","og_site_name":"MyFitness sports club","article_publisher":"https:\/\/www.facebook.com\/MyFitness\/","article_modified_time":"2026-01-26T11:46:26+00:00","og_image":[{"width":1920,"height":985,"url":"https:\/\/www.myfitness.lv\/wp-content\/uploads\/2025\/07\/cover_solarium.jpg","type":"image\/jpeg"}],"twitter_card":"summary_large_image","twitter_misc":{"Est. reading time":"1 minute"},"schema":{"@context":"https:\/\/schema.org","@graph":[{"@type":"WebPage","@id":"https:\/\/www.myfitness.lv\/en\/relaxations\/solarijs\/","url":"https:\/\/www.myfitness.lv\/en\/relaxations\/solarijs\/","name":"Solarium - MyFitness sports club","isPartOf":{"@id":"https:\/\/www.myfitness.ee\/#website"},"primaryImageOfPage":{"@id":"https:\/\/www.myfitness.lv\/en\/relaxations\/solarijs\/#primaryimage"},"image":{"@id":"https:\/\/www.myfitness.lv\/en\/relaxations\/solarijs\/#primaryimage"},"thumbnailUrl":"https:\/\/www.myfitness.lv\/wp-content\/uploads\/2025\/07\/cover_solarium.jpg","datePublished":"2025-07-22T10:53:08+00:00","dateModified":"2026-01-26T11:46:26+00:00","breadcrumb":{"@id":"https:\/\/www.myfitness.lv\/en\/relaxations\/solarijs\/#breadcrumb"},"inLanguage":"en-US","potentialAction":[{"@type":"ReadAction","target":["https:\/\/www.myfitness.lv\/en\/relaxations\/solarijs\/"]}]},{"@type":"ImageObject","inLanguage":"en-US","@id":"https:\/\/www.myfitness.lv\/en\/relaxations\/solarijs\/#primaryimage","url":"https:\/\/www.myfitness.lv\/wp-content\/uploads\/2025\/07\/cover_solarium.jpg","contentUrl":"https:\/\/www.myfitness.lv\/wp-content\/uploads\/2025\/07\/cover_solarium.jpg","width":1920,"height":985},{"@type":"BreadcrumbList","@id":"https:\/\/www.myfitness.lv\/en\/relaxations\/solarijs\/#breadcrumb","itemListElement":[{"@type":"ListItem","position":1,"name":"Home","item":"https:\/\/www.myfitness.lv\/en\/"},{"@type":"ListItem","position":2,"name":"Relaxations","item":"https:\/\/www.myfitness.lv\/en\/relaksacijas\/"},{"@type":"ListItem","position":3,"name":"Solarium"}]},{"@type":"WebSite","@id":"https:\/\/www.myfitness.ee\/#website","url":"https:\/\/www.myfitness.ee\/","name":"MyFitness sports club","description":"Ieguld\u012bjums vesel\u012bb\u0101","publisher":{"@id":"https:\/\/www.myfitness.ee\/#organization"},"potentialAction":[{"@type":"SearchAction","target":{"@type":"EntryPoint","urlTemplate":"https:\/\/www.myfitness.ee\/?s={search_term_string}"},"query-input":{"@type":"PropertyValueSpecification","valueRequired":true,"valueName":"search_term_string"}}],"inLanguage":"en-US"},{"@type":"Organization","@id":"https:\/\/www.myfitness.ee\/#organization","name":"MyFitness spordiklubi","url":"https:\/\/www.myfitness.ee\/","logo":{"@type":"ImageObject","inLanguage":"en-US","@id":"https:\/\/www.myfitness.ee\/#\/schema\/logo\/image\/","url":"https:\/\/www.myfitness.lv\/wp-content\/uploads\/2024\/09\/logo-myfitness-white.svg","contentUrl":"https:\/\/www.myfitness.lv\/wp-content\/uploads\/2024\/09\/logo-myfitness-white.svg","width":172,"height":49,"caption":"MyFitness spordiklubi"},"image":{"@id":"https:\/\/www.myfitness.ee\/#\/schema\/logo\/image\/"},"sameAs":["https:\/\/www.facebook.com\/MyFitness\/","https:\/\/www.instagram.com\/myfitnesseesti\/","https:\/\/ee.linkedin.com\/company\/myfitness-group"]}]}},"_links":{"self":[{"href":"https:\/\/www.myfitness.lv\/en\/wp-json\/wp\/v2\/pages\/29646","targetHints":{"allow":["GET"]}}],"collection":[{"href":"https:\/\/www.myfitness.lv\/en\/wp-json\/wp\/v2\/pages"}],"about":[{"href":"https:\/\/www.myfitness.lv\/en\/wp-json\/wp\/v2\/types\/page"}],"author":[{"embeddable":true,"href":"https:\/\/www.myfitness.lv\/en\/wp-json\/wp\/v2\/users\/7400"}],"replies":[{"embeddable":true,"href":"https:\/\/www.myfitness.lv\/en\/wp-json\/wp\/v2\/comments?post=29646"}],"version-history":[{"count":2,"href":"https:\/\/www.myfitness.lv\/en\/wp-json\/wp\/v2\/pages\/29646\/revisions"}],"predecessor-version":[{"id":31589,"href":"https:\/\/www.myfitness.lv\/en\/wp-json\/wp\/v2\/pages\/29646\/revisions\/31589"}],"up":[{"embeddable":true,"href":"https:\/\/www.myfitness.lv\/en\/wp-json\/wp\/v2\/pages\/9423"}],"wp:featuredmedia":[{"embeddable":true,"href":"https:\/\/www.myfitness.lv\/en\/wp-json\/wp\/v2\/media\/24992"}],"wp:attachment":[{"href":"https:\/\/www.myfitness.lv\/en\/wp-json\/wp\/v2\/media?parent=29646"}],"wp:term":[{"taxonomy":"training_feature","embeddable":true,"href":"https:\/\/www.myfitness.lv\/en\/wp-json\/wp\/v2\/training_feature?post=29646"}],"curies":[{"name":"wp","href":"https:\/\/api.w.org\/{rel}","templated":true}]}}