{"id":29158,"date":"2025-11-10T14:28:30","date_gmt":"2025-11-10T12:28:30","guid":{"rendered":"https:\/\/www.myfitness.lv\/joiningrequest\/"},"modified":"2025-11-10T15:54:30","modified_gmt":"2025-11-10T13:54:30","slug":"joiningrequest","status":"publish","type":"page","link":"https:\/\/www.myfitness.lv\/en\/joiningrequest\/","title":{"rendered":"joiningrequest"},"content":{"rendered":"\t\t<div data-elementor-type=\"wp-page\" data-elementor-id=\"29158\" class=\"elementor elementor-29158 elementor-29120\" data-elementor-post-type=\"page\">\n\t\t\t\t<div class=\"elementor-element elementor-element-a55f9e0 mf-dark-bg e-flex e-con-boxed e-con e-parent\" data-id=\"a55f9e0\" data-element_type=\"container\" data-e-type=\"container\" data-settings=\"{&quot;background_background&quot;:&quot;classic&quot;}\">\n\t\t\t\t\t<div class=\"e-con-inner\">\n\t\t<div class=\"elementor-element elementor-element-1ebf6f5 e-con-full e-flex e-con e-child\" data-id=\"1ebf6f5\" data-element_type=\"container\" data-e-type=\"container\">\n\t\t\t\t<div class=\"elementor-element elementor-element-15943b5 text-pretty elementor-widget elementor-widget-heading\" data-id=\"15943b5\" data-element_type=\"widget\" data-e-type=\"widget\" data-widget_type=\"heading.default\">\n\t\t\t\t<div class=\"elementor-widget-container\">\n\t\t\t\t\t<h1 class=\"elementor-heading-title elementor-size-default\">MyTeam Challenge<\/h1>\t\t\t\t<\/div>\n\t\t\t\t<\/div>\n\t\t\t\t<\/div>\n\t\t\t\t\t<\/div>\n\t\t\t\t<\/div>\n\t\t<div class=\"elementor-element elementor-element-116984c e-flex e-con-boxed e-con e-parent\" data-id=\"116984c\" data-element_type=\"container\" data-e-type=\"container\">\n\t\t\t\t\t<div class=\"e-con-inner\">\n\t\t<div class=\"elementor-element elementor-element-cbdd135 e-con-full e-flex e-con e-child\" data-id=\"cbdd135\" data-element_type=\"container\" data-e-type=\"container\">\n\t\t<div class=\"elementor-element elementor-element-8aed76a e-con-full e-flex e-con e-child\" data-id=\"8aed76a\" data-element_type=\"container\" data-e-type=\"container\">\n\t\t\t\t<div class=\"elementor-element elementor-element-51a5502 text-pretty elementor-widget elementor-widget-heading\" data-id=\"51a5502\" data-element_type=\"widget\" data-e-type=\"widget\" data-widget_type=\"heading.default\">\n\t\t\t\t<div class=\"elementor-widget-container\">\n\t\t\t\t\t<h1 class=\"elementor-heading-title elementor-size-default\">Invitation to join a team!<\/h1>\t\t\t\t<\/div>\n\t\t\t\t<\/div>\n\t\t\t\t<\/div>\n\t\t\t\t<div class=\"elementor-element elementor-element-fd5c3a9 elementor-widget elementor-widget-mf_sc_joiningrequest\" data-id=\"fd5c3a9\" data-element_type=\"widget\" data-e-type=\"widget\" data-widget_type=\"mf_sc_joiningrequest.default\">\n\t\t\t\t<div class=\"elementor-widget-container\">\n\t\t\t\t\t<div class=\"sc-wrap\">\n      <div class=\"elementor-widget-container\">\n      <h2 class=\"elementor-heading-title elementor-size-default sc-join-card__title\">Invalid or expired invitation link.<\/h2>\n    <\/div>\n  <\/div>\n\t\t\t\t<\/div>\n\t\t\t\t<\/div>\n\t\t\t\t<div class=\"elementor-element elementor-element-388bac4 text-pretty elementor-widget elementor-widget-text-editor\" data-id=\"388bac4\" data-element_type=\"widget\" data-e-type=\"widget\" data-widget_type=\"text-editor.default\">\n\t\t\t\t<div class=\"elementor-widget-container\">\n\t\t\t\t\t\t\t\t\t<p><span data-sheets-root=\"1\">If you wish, you can create your own team in the\u00a0<a href=\"https:\/\/www.myfitness.ee\/?post_type=nd_self_service&amp;p=29452\">self-service<\/a>.<\/span><\/p>\n<p>More details and rules about the MYTEAM CHALLENGE.<\/p>\n\t\t\t\t\t\t\t\t<\/div>\n\t\t\t\t<\/div>\n\t\t\t\t<div class=\"elementor-element elementor-element-e6d1264 elementor-align-justify elementor-widget__width-initial elementor-widget elementor-widget-button\" data-id=\"e6d1264\" data-element_type=\"widget\" data-e-type=\"widget\" data-widget_type=\"button.default\">\n\t\t\t\t<div class=\"elementor-widget-container\">\n\t\t\t\t\t\t\t\t\t<div class=\"elementor-button-wrapper\">\n\t\t\t\t\t<a class=\"elementor-button elementor-button-link elementor-size-sm\" href=\"#\">\n\t\t\t\t\t\t<span class=\"elementor-button-content-wrapper\">\n\t\t\t\t\t\t\t\t\t<span class=\"elementor-button-text\"> <\/span>\n\t\t\t\t\t<\/span>\n\t\t\t\t\t<\/a>\n\t\t\t\t<\/div>\n\t\t\t\t\t\t\t\t<\/div>\n\t\t\t\t<\/div>\n\t\t\t\t<\/div>\n\t\t\t\t\t<\/div>\n\t\t\t\t<\/div>\n\t\t\t\t<\/div>\n\t\t","protected":false},"excerpt":{"rendered":"<p>MyTeam Challenge Invitation to join a team! Neder\u012bga saite vai beidzies uzaicin\u0101juma saites termi\u0146\u0161. If you wish, you can create your own team in the\u00a0self-service. More details and rules about the MYTEAM CHALLENGE.<\/p>\n","protected":false},"author":7400,"featured_media":0,"parent":0,"menu_order":0,"comment_status":"closed","ping_status":"closed","template":"","meta":{"_acf_changed":false,"footnotes":""},"class_list":["post-29158","page","type-page","status-publish","hentry"],"acf":[],"yoast_head":"<!-- This site is optimized with the Yoast SEO plugin v27.2 - https:\/\/yoast.com\/product\/yoast-seo-wordpress\/ -->\n<title>joiningrequest - MyFitness sports club<\/title>\n<meta name=\"robots\" content=\"index, nofollow, max-snippet:-1, max-image-preview:large, max-video-preview:-1\" \/>\n<link rel=\"canonical\" href=\"https:\/\/www.myfitness.lv\/en\/joiningrequest\/\" \/>\n<meta property=\"og:locale\" content=\"en_US\" \/>\n<meta property=\"og:type\" content=\"article\" \/>\n<meta property=\"og:title\" content=\"joiningrequest - MyFitness sports club\" \/>\n<meta property=\"og:description\" content=\"MyTeam Challenge Invitation to join a team! Neder\u012bga saite vai beidzies uzaicin\u0101juma saites termi\u0146\u0161. If you wish, you can create your own team in the\u00a0self-service. More details and rules about the MYTEAM CHALLENGE.\" \/>\n<meta property=\"og:url\" content=\"https:\/\/www.myfitness.lv\/en\/joiningrequest\/\" \/>\n<meta property=\"og:site_name\" content=\"MyFitness sports club\" \/>\n<meta property=\"article:publisher\" content=\"https:\/\/www.facebook.com\/MyFitness\/\" \/>\n<meta property=\"article:modified_time\" content=\"2025-11-10T13:54:30+00:00\" \/>\n<meta name=\"twitter:card\" content=\"summary_large_image\" \/>\n<script type=\"application\/ld+json\" class=\"yoast-schema-graph\">{\"@context\":\"https:\/\/schema.org\",\"@graph\":[{\"@type\":\"WebPage\",\"@id\":\"https:\/\/www.myfitness.lv\/en\/joiningrequest\/\",\"url\":\"https:\/\/www.myfitness.lv\/en\/joiningrequest\/\",\"name\":\"joiningrequest - MyFitness sports club\",\"isPartOf\":{\"@id\":\"https:\/\/www.myfitness.ee\/#website\"},\"datePublished\":\"2025-11-10T12:28:30+00:00\",\"dateModified\":\"2025-11-10T13:54:30+00:00\",\"breadcrumb\":{\"@id\":\"https:\/\/www.myfitness.lv\/en\/joiningrequest\/#breadcrumb\"},\"inLanguage\":\"en-US\",\"potentialAction\":[{\"@type\":\"ReadAction\",\"target\":[\"https:\/\/www.myfitness.lv\/en\/joiningrequest\/\"]}]},{\"@type\":\"BreadcrumbList\",\"@id\":\"https:\/\/www.myfitness.lv\/en\/joiningrequest\/#breadcrumb\",\"itemListElement\":[{\"@type\":\"ListItem\",\"position\":1,\"name\":\"Home\",\"item\":\"https:\/\/www.myfitness.lv\/en\/\"},{\"@type\":\"ListItem\",\"position\":2,\"name\":\"joiningrequest\"}]},{\"@type\":\"WebSite\",\"@id\":\"https:\/\/www.myfitness.ee\/#website\",\"url\":\"https:\/\/www.myfitness.ee\/\",\"name\":\"MyFitness sports club\",\"description\":\"Ieguld\u012bjums vesel\u012bb\u0101\",\"publisher\":{\"@id\":\"https:\/\/www.myfitness.ee\/#organization\"},\"potentialAction\":[{\"@type\":\"SearchAction\",\"target\":{\"@type\":\"EntryPoint\",\"urlTemplate\":\"https:\/\/www.myfitness.ee\/?s={search_term_string}\"},\"query-input\":{\"@type\":\"PropertyValueSpecification\",\"valueRequired\":true,\"valueName\":\"search_term_string\"}}],\"inLanguage\":\"en-US\"},{\"@type\":\"Organization\",\"@id\":\"https:\/\/www.myfitness.ee\/#organization\",\"name\":\"MyFitness spordiklubi\",\"url\":\"https:\/\/www.myfitness.ee\/\",\"logo\":{\"@type\":\"ImageObject\",\"inLanguage\":\"en-US\",\"@id\":\"https:\/\/www.myfitness.ee\/#\/schema\/logo\/image\/\",\"url\":\"https:\/\/www.myfitness.lv\/wp-content\/uploads\/2024\/09\/logo-myfitness-white.svg\",\"contentUrl\":\"https:\/\/www.myfitness.lv\/wp-content\/uploads\/2024\/09\/logo-myfitness-white.svg\",\"width\":172,\"height\":49,\"caption\":\"MyFitness spordiklubi\"},\"image\":{\"@id\":\"https:\/\/www.myfitness.ee\/#\/schema\/logo\/image\/\"},\"sameAs\":[\"https:\/\/www.facebook.com\/MyFitness\/\",\"https:\/\/www.instagram.com\/myfitnesseesti\/\",\"https:\/\/ee.linkedin.com\/company\/myfitness-group\"]}]}<\/script>\n<!-- \/ Yoast SEO plugin. -->","yoast_head_json":{"title":"joiningrequest - MyFitness sports club","robots":{"index":"index","follow":"nofollow","max-snippet":"max-snippet:-1","max-image-preview":"max-image-preview:large","max-video-preview":"max-video-preview:-1"},"canonical":"https:\/\/www.myfitness.lv\/en\/joiningrequest\/","og_locale":"en_US","og_type":"article","og_title":"joiningrequest - MyFitness sports club","og_description":"MyTeam Challenge Invitation to join a team! Neder\u012bga saite vai beidzies uzaicin\u0101juma saites termi\u0146\u0161. If you wish, you can create your own team in the\u00a0self-service. More details and rules about the MYTEAM CHALLENGE.","og_url":"https:\/\/www.myfitness.lv\/en\/joiningrequest\/","og_site_name":"MyFitness sports club","article_publisher":"https:\/\/www.facebook.com\/MyFitness\/","article_modified_time":"2025-11-10T13:54:30+00:00","twitter_card":"summary_large_image","schema":{"@context":"https:\/\/schema.org","@graph":[{"@type":"WebPage","@id":"https:\/\/www.myfitness.lv\/en\/joiningrequest\/","url":"https:\/\/www.myfitness.lv\/en\/joiningrequest\/","name":"joiningrequest - MyFitness sports club","isPartOf":{"@id":"https:\/\/www.myfitness.ee\/#website"},"datePublished":"2025-11-10T12:28:30+00:00","dateModified":"2025-11-10T13:54:30+00:00","breadcrumb":{"@id":"https:\/\/www.myfitness.lv\/en\/joiningrequest\/#breadcrumb"},"inLanguage":"en-US","potentialAction":[{"@type":"ReadAction","target":["https:\/\/www.myfitness.lv\/en\/joiningrequest\/"]}]},{"@type":"BreadcrumbList","@id":"https:\/\/www.myfitness.lv\/en\/joiningrequest\/#breadcrumb","itemListElement":[{"@type":"ListItem","position":1,"name":"Home","item":"https:\/\/www.myfitness.lv\/en\/"},{"@type":"ListItem","position":2,"name":"joiningrequest"}]},{"@type":"WebSite","@id":"https:\/\/www.myfitness.ee\/#website","url":"https:\/\/www.myfitness.ee\/","name":"MyFitness sports club","description":"Ieguld\u012bjums vesel\u012bb\u0101","publisher":{"@id":"https:\/\/www.myfitness.ee\/#organization"},"potentialAction":[{"@type":"SearchAction","target":{"@type":"EntryPoint","urlTemplate":"https:\/\/www.myfitness.ee\/?s={search_term_string}"},"query-input":{"@type":"PropertyValueSpecification","valueRequired":true,"valueName":"search_term_string"}}],"inLanguage":"en-US"},{"@type":"Organization","@id":"https:\/\/www.myfitness.ee\/#organization","name":"MyFitness spordiklubi","url":"https:\/\/www.myfitness.ee\/","logo":{"@type":"ImageObject","inLanguage":"en-US","@id":"https:\/\/www.myfitness.ee\/#\/schema\/logo\/image\/","url":"https:\/\/www.myfitness.lv\/wp-content\/uploads\/2024\/09\/logo-myfitness-white.svg","contentUrl":"https:\/\/www.myfitness.lv\/wp-content\/uploads\/2024\/09\/logo-myfitness-white.svg","width":172,"height":49,"caption":"MyFitness spordiklubi"},"image":{"@id":"https:\/\/www.myfitness.ee\/#\/schema\/logo\/image\/"},"sameAs":["https:\/\/www.facebook.com\/MyFitness\/","https:\/\/www.instagram.com\/myfitnesseesti\/","https:\/\/ee.linkedin.com\/company\/myfitness-group"]}]}},"_links":{"self":[{"href":"https:\/\/www.myfitness.lv\/en\/wp-json\/wp\/v2\/pages\/29158","targetHints":{"allow":["GET"]}}],"collection":[{"href":"https:\/\/www.myfitness.lv\/en\/wp-json\/wp\/v2\/pages"}],"about":[{"href":"https:\/\/www.myfitness.lv\/en\/wp-json\/wp\/v2\/types\/page"}],"author":[{"embeddable":true,"href":"https:\/\/www.myfitness.lv\/en\/wp-json\/wp\/v2\/users\/7400"}],"replies":[{"embeddable":true,"href":"https:\/\/www.myfitness.lv\/en\/wp-json\/wp\/v2\/comments?post=29158"}],"version-history":[{"count":1,"href":"https:\/\/www.myfitness.lv\/en\/wp-json\/wp\/v2\/pages\/29158\/revisions"}],"predecessor-version":[{"id":29159,"href":"https:\/\/www.myfitness.lv\/en\/wp-json\/wp\/v2\/pages\/29158\/revisions\/29159"}],"wp:attachment":[{"href":"https:\/\/www.myfitness.lv\/en\/wp-json\/wp\/v2\/media?parent=29158"}],"curies":[{"name":"wp","href":"https:\/\/api.w.org\/{rel}","templated":true}]}}