{"id":25642,"date":"2025-08-13T15:54:46","date_gmt":"2025-08-13T12:54:46","guid":{"rendered":"https:\/\/www.myfitness.lv\/find-your-trainer\/"},"modified":"2025-10-08T15:30:33","modified_gmt":"2025-10-08T12:30:33","slug":"find-your-trainer","status":"publish","type":"page","link":"https:\/\/www.myfitness.lv\/en\/find-your-trainer\/","title":{"rendered":"Find your trainer"},"content":{"rendered":"\t\t<div data-elementor-type=\"wp-page\" data-elementor-id=\"25642\" class=\"elementor elementor-25642 elementor-25630\" data-elementor-post-type=\"page\">\n\t\t\t\t<div class=\"elementor-element elementor-element-f93632d e-con-full e-flex e-con e-parent\" data-id=\"f93632d\" data-element_type=\"container\" data-e-type=\"container\">\n\t\t<div class=\"elementor-element elementor-element-1762d8f e-con-full e-flex e-con e-child\" data-id=\"1762d8f\" data-element_type=\"container\" data-e-type=\"container\">\n\t\t<div class=\"elementor-element elementor-element-7cc50f2 e-con-full e-flex e-con e-child\" data-id=\"7cc50f2\" data-element_type=\"container\" data-e-type=\"container\">\n\t\t\t\t<div class=\"elementor-element elementor-element-ec4a930 text-balance elementor-widget elementor-widget-heading\" data-id=\"ec4a930\" data-element_type=\"widget\" data-e-type=\"widget\" data-widget_type=\"heading.default\">\n\t\t\t\t<div class=\"elementor-widget-container\">\n\t\t\t\t\t<h2 class=\"elementor-heading-title elementor-size-default\">Let us help you find the right trainer for you!<\/h2>\t\t\t\t<\/div>\n\t\t\t\t<\/div>\n\t\t\t\t<div class=\"elementor-element elementor-element-d707b08 text-pretty elementor-widget elementor-widget-text-editor\" data-id=\"d707b08\" data-element_type=\"widget\" data-e-type=\"widget\" data-widget_type=\"text-editor.default\">\n\t\t\t\t<div class=\"elementor-widget-container\">\n\t\t\t\t\t\t\t\t\t<p data-start=\"0\" data-end=\"212\">Fill out the form, and we will find the most suitable MyFitness personal trainer for you, taking into account your fitness goals and preferences.<\/p>\n\t\t\t\t\t\t\t\t<\/div>\n\t\t\t\t<\/div>\n\t\t\t\t<div class=\"elementor-element elementor-element-6739 elementor-widget elementor-widget-global elementor-global-11579 elementor-global-6739 elementor-widget-form\" data-id=\"6739\" data-element_type=\"widget\" data-e-type=\"widget\" data-settings=\"{&quot;step_type&quot;:&quot;none&quot;,&quot;step_icon_shape&quot;:&quot;none&quot;,&quot;button_width&quot;:&quot;100&quot;}\" data-widget_type=\"form.default\">\n\t\t\t\t<div class=\"elementor-widget-container\">\n\t\t\t\t\t\t\t<form class=\"elementor-form\" method=\"post\" name=\"Personal trainer search form\" aria-label=\"Personal trainer search form\">\n\t\t\t<input type=\"hidden\" name=\"post_id\" value=\"25642\"\/>\n\t\t\t<input type=\"hidden\" name=\"form_id\" value=\"6739\"\/>\n\t\t\t<input type=\"hidden\" name=\"referer_title\" value=\"MyFitness sports club\" \/>\n\n\t\t\t\n\t\t\t<div class=\"elementor-form-fields-wrapper elementor-labels-\">\n\t\t\t\t\t\t\t\t<div class=\"elementor-field-type-text elementor-field-group elementor-column elementor-field-group-first_name elementor-col-50 elementor-field-required\">\n\t\t\t\t\t\t\t\t\t\t\t\t<label for=\"form-field-first_name\" class=\"elementor-field-label elementor-screen-only\">\n\t\t\t\t\t\t\t\tFirst name\t\t\t\t\t\t\t<\/label>\n\t\t\t\t\t\t\t\t\t\t\t\t\t\t<input size=\"1\" type=\"text\" name=\"form_fields[first_name]\" id=\"form-field-first_name\" class=\"elementor-field elementor-size-sm  elementor-field-textual\" placeholder=\"First name\" required=\"required\">\n\t\t\t\t\t\t\t\t\t\t\t<\/div>\n\t\t\t\t\t\t\t\t<div class=\"elementor-field-type-text elementor-field-group elementor-column elementor-field-group-last_name elementor-col-50 elementor-field-required\">\n\t\t\t\t\t\t\t\t\t\t\t\t<label for=\"form-field-last_name\" class=\"elementor-field-label elementor-screen-only\">\n\t\t\t\t\t\t\t\tLast name\t\t\t\t\t\t\t<\/label>\n\t\t\t\t\t\t\t\t\t\t\t\t\t\t<input size=\"1\" type=\"text\" name=\"form_fields[last_name]\" id=\"form-field-last_name\" class=\"elementor-field elementor-size-sm  elementor-field-textual\" placeholder=\"Last name\" required=\"required\">\n\t\t\t\t\t\t\t\t\t\t\t<\/div>\n\t\t\t\t\t\t\t\t<div class=\"elementor-field-type-email elementor-field-group elementor-column elementor-field-group-email elementor-col-100 elementor-field-required\">\n\t\t\t\t\t\t\t\t\t\t\t\t<label for=\"form-field-email\" class=\"elementor-field-label elementor-screen-only\">\n\t\t\t\t\t\t\t\tE-mail\t\t\t\t\t\t\t<\/label>\n\t\t\t\t\t\t\t\t\t\t\t\t\t\t<input size=\"1\" type=\"email\" name=\"form_fields[email]\" id=\"form-field-email\" class=\"elementor-field elementor-size-sm  elementor-field-textual\" placeholder=\"E-mail\" required=\"required\">\n\t\t\t\t\t\t\t\t\t\t\t<\/div>\n\t\t\t\t\t\t\t\t<div class=\"elementor-field-type-tel elementor-field-group elementor-column elementor-field-group-phone elementor-col-100\">\n\t\t\t\t\t\t\t\t\t\t\t\t<label for=\"form-field-phone\" class=\"elementor-field-label elementor-screen-only\">\n\t\t\t\t\t\t\t\tPhone\t\t\t\t\t\t\t<\/label>\n\t\t\t\t\t\t\t\t<input size=\"1\" type=\"tel\" name=\"form_fields[phone]\" id=\"form-field-phone\" class=\"elementor-field elementor-size-sm  elementor-field-textual\" placeholder=\"Phone\" pattern=\"[0-9()#&amp;+*-=.]+\" title=\"Only numbers and phone characters (#, -, *, etc) are accepted.\">\n\n\t\t\t\t\t\t<\/div>\n\t\t\t\t\t\t\t\t<div class=\"elementor-field-type-select elementor-field-group elementor-column elementor-field-group-trainer_gender elementor-col-100\">\n\t\t\t\t\t\t\t\t\t\t\t\t<label for=\"form-field-trainer_gender\" class=\"elementor-field-label elementor-screen-only\">\n\t\t\t\t\t\t\t\tGender\t\t\t\t\t\t\t<\/label>\n\t\t\t\t\t\t\t\t<div class=\"elementor-field elementor-select-wrapper remove-before \">\n\t\t\t<div class=\"select-caret-down-wrapper\">\n\t\t\t\t<svg aria-hidden=\"true\" class=\"e-font-icon-svg e-eicon-caret-down\" viewBox=\"0 0 571.4 571.4\" xmlns=\"http:\/\/www.w3.org\/2000\/svg\"><path d=\"M571 393Q571 407 561 418L311 668Q300 679 286 679T261 668L11 418Q0 407 0 393T11 368 36 357H536Q550 357 561 368T571 393Z\"><\/path><\/svg>\t\t\t<\/div>\n\t\t\t<select name=\"form_fields[trainer_gender]\" id=\"form-field-trainer_gender\" class=\"elementor-field-textual elementor-size-sm\">\n\t\t\t\t\t\t\t\t\t<option value=\"Preferred trainer gender\">Preferred trainer gender<\/option>\n\t\t\t\t\t\t\t\t\t<option value=\"Female trainer\">Female trainer<\/option>\n\t\t\t\t\t\t\t\t\t<option value=\"Male trainer\">Male trainer<\/option>\n\t\t\t\t\t\t\t<\/select>\n\t\t<\/div>\n\t\t\t\t\t\t<\/div>\n\t\t\t\t\t\t\t\t<div class=\"elementor-field-type-select elementor-field-group elementor-column elementor-field-group-trainer_competence elementor-col-100\">\n\t\t\t\t\t\t\t\t\t\t\t\t<label for=\"form-field-trainer_competence\" class=\"elementor-field-label elementor-screen-only\">\n\t\t\t\t\t\t\t\tCompetence\t\t\t\t\t\t\t<\/label>\n\t\t\t\t\t\t\t\t<div class=\"elementor-field elementor-select-wrapper remove-before \">\n\t\t\t<div class=\"select-caret-down-wrapper\">\n\t\t\t\t<svg aria-hidden=\"true\" class=\"e-font-icon-svg e-eicon-caret-down\" viewBox=\"0 0 571.4 571.4\" xmlns=\"http:\/\/www.w3.org\/2000\/svg\"><path d=\"M571 393Q571 407 561 418L311 668Q300 679 286 679T261 668L11 418Q0 407 0 393T11 368 36 357H536Q550 357 561 368T571 393Z\"><\/path><\/svg>\t\t\t<\/div>\n\t\t\t<select name=\"form_fields[trainer_competence]\" id=\"form-field-trainer_competence\" class=\"elementor-field-textual elementor-size-sm\">\n\t\t\t\t\t\t\t\t\t<option value=\"Your goals\">Your goals<\/option>\n\t\t\t\t\t\t\t\t\t<option value=\"Bodyweight workout\">Bodyweight workout<\/option>\n\t\t\t\t\t\t\t\t\t<option value=\"Fitness and bodybuilding\">Fitness and bodybuilding<\/option>\n\t\t\t\t\t\t\t\t\t<option value=\"General physical fitness\">General physical fitness<\/option>\n\t\t\t\t\t\t\t\t\t<option value=\"Nutrition\">Nutrition<\/option>\n\t\t\t\t\t\t\t\t\t<option value=\"Physical activity and nutrition suitable for teenagers\">Physical activity and nutrition suitable for teenagers<\/option>\n\t\t\t\t\t\t\t\t\t<option value=\"Posture and mobility improvement\">Posture and mobility improvement<\/option>\n\t\t\t\t\t\t\t\t\t<option value=\"Strength training\">Strength training<\/option>\n\t\t\t\t\t\t\t\t\t<option value=\"Training for beginners\">Training for beginners<\/option>\n\t\t\t\t\t\t\t\t\t<option value=\"Weight loss\">Weight loss<\/option>\n\t\t\t\t\t\t\t\t\t<option value=\"Workouts for pregnant women and women after childbirth\">Workouts for pregnant women and women after childbirth<\/option>\n\t\t\t\t\t\t\t<\/select>\n\t\t<\/div>\n\t\t\t\t\t\t<\/div>\n\t\t\t\t\t\t\t\t<div class=\"elementor-field-type-select elementor-field-group elementor-column elementor-field-group-club elementor-col-100\">\n\t\t\t\t\t\t\t\t\t\t\t\t<label for=\"form-field-club\" class=\"elementor-field-label elementor-screen-only\">\n\t\t\t\t\t\t\t\tClub\t\t\t\t\t\t\t<\/label>\n\t\t\t\t\t\t\t\t<div class=\"elementor-field elementor-select-wrapper remove-before \">\n\t\t\t<div class=\"select-caret-down-wrapper\">\n\t\t\t\t<svg aria-hidden=\"true\" class=\"e-font-icon-svg e-eicon-caret-down\" viewBox=\"0 0 571.4 571.4\" xmlns=\"http:\/\/www.w3.org\/2000\/svg\"><path d=\"M571 393Q571 407 561 418L311 668Q300 679 286 679T261 668L11 418Q0 407 0 393T11 368 36 357H536Q550 357 561 368T571 393Z\"><\/path><\/svg>\t\t\t<\/div>\n\t\t\t<select name=\"form_fields[club]\" id=\"form-field-club\" class=\"elementor-field-textual elementor-size-sm\">\n\t\t\t\t\t\t\t\t\t<option value=\"\">Choose a club<\/option>\n\t\t\t\t\t\t\t\t\t<option value=\"Sky &amp; More\">Sky &amp; More<\/option>\n\t\t\t\t\t\t\t\t\t<option value=\"Domina\">Domina<\/option>\n\t\t\t\t\t\t\t\t\t<option value=\"Mat\u012bss\">Mat\u012bss<\/option>\n\t\t\t\t\t\t\t\t\t<option value=\"Galleria R\u012bga\">Galleria R\u012bga<\/option>\n\t\t\t\t\t\t\t\t\t<option value=\"Imanta\">Imanta<\/option>\n\t\t\t\t\t\t\t\t\t<option value=\"Dzelzava\">Dzelzava<\/option>\n\t\t\t\t\t\t\t\t\t<option value=\"Alfa\">Alfa<\/option>\n\t\t\t\t\t\t\t\t\t<option value=\"Aleja\">Aleja<\/option>\n\t\t\t\t\t\t\t\t\t<option value=\"Up\u012btis\">Up\u012btis<\/option>\n\t\t\t\t\t\t\t\t\t<option value=\"Riga Plaza\">Riga Plaza<\/option>\n\t\t\t\t\t\t\t\t\t<option value=\"S\u0101ga\">S\u0101ga<\/option>\n\t\t\t\t\t\t\t\t\t<option value=\"Spice\">Spice<\/option>\n\t\t\t\t\t\t\t\t\t<option value=\"Galerija Centrs\">Galerija Centrs<\/option>\n\t\t\t\t\t\t\t\t\t<option value=\"P\u013cavnieki\">P\u013cavnieki<\/option>\n\t\t\t\t\t\t\t\t\t<option value=\"Teika Plaza\">Teika Plaza<\/option>\n\t\t\t\t\t\t\t<\/select>\n\t\t<\/div>\n\t\t\t\t\t\t<\/div>\n\t\t\t\t\t\t\t\t<div class=\"elementor-field-type-textarea elementor-field-group elementor-column elementor-field-group-trainer_message elementor-col-100\">\n\t\t\t\t\t\t\t\t\t\t\t\t<label for=\"form-field-trainer_message\" class=\"elementor-field-label elementor-screen-only\">\n\t\t\t\t\t\t\t\tMessage\t\t\t\t\t\t\t<\/label>\n\t\t\t\t\t\t<textarea class=\"elementor-field-textual elementor-field  elementor-size-sm\" name=\"form_fields[trainer_message]\" id=\"form-field-trainer_message\" rows=\"1\" placeholder=\"Want to add something? Write here.\"><\/textarea>\t\t\t\t<\/div>\n\t\t\t\t\t\t\t\t<div class=\"elementor-field-type-acceptance elementor-field-group elementor-column elementor-field-group-newsletter_signup elementor-col-100\">\n\t\t\t\t\t\t\t\t\t\t\t\t<label for=\"form-field-newsletter_signup\" class=\"elementor-field-label elementor-screen-only\">\n\t\t\t\t\t\t\t\tNewsletters\t\t\t\t\t\t\t<\/label>\n\t\t\t\t\t\t\t\t<div class=\"elementor-field-subgroup\">\n\t\t\t<span class=\"elementor-field-option\">\n\t\t\t\t<input type=\"checkbox\" name=\"form_fields[newsletter_signup]\" id=\"form-field-newsletter_signup\" class=\"elementor-field elementor-size-sm  elementor-acceptance-field\">\n\t\t\t\t<label for=\"form-field-newsletter_signup\">I agree to receive MyFitness newsletters to my email address.<br><a href=\"https:\/\/myf-lv.webme.ee\/en\/documents\/privacy-notice\/\" target=\"_blank\">Read the privacy policy<\/a>.<\/label>\t\t\t<\/span>\n\t\t<\/div>\n\t\t\t\t\t\t<\/div>\n\t\t\t\t\t\t\t\t<div class=\"elementor-field-group elementor-column elementor-field-type-submit elementor-col-100 e-form__buttons\">\n\t\t\t\t\t<button class=\"elementor-button elementor-size-sm\" type=\"submit\">\n\t\t\t\t\t\t<span class=\"elementor-button-content-wrapper\">\n\t\t\t\t\t\t\t\t\t\t\t\t\t\t\t\t\t\t\t\t\t\t<span class=\"elementor-button-text\">Send<\/span>\n\t\t\t\t\t\t\t\t\t\t\t\t\t<\/span>\n\t\t\t\t\t<\/button>\n\t\t\t\t<\/div>\n\t\t\t<\/div>\n\t\t<\/form>\n\t\t\t\t\t\t<\/div>\n\t\t\t\t<\/div>\n\t\t\t\t<\/div>\n\t\t\t\t<\/div>\n\t\t<div class=\"elementor-element elementor-element-26ce0ae e-con-full e-flex e-con e-child\" data-id=\"26ce0ae\" data-element_type=\"container\" data-e-type=\"container\">\n\t\t\t\t<div class=\"elementor-element elementor-element-0033a5b elementor-widget elementor-widget-image\" data-id=\"0033a5b\" data-element_type=\"widget\" data-e-type=\"widget\" data-widget_type=\"image.default\">\n\t\t\t\t<div class=\"elementor-widget-container\">\n\t\t\t\t\t\t\t\t\t\t\t\t\t\t\t<img fetchpriority=\"high\" decoding=\"async\" width=\"800\" height=\"570\" src=\"https:\/\/www.myfitness.lv\/wp-content\/uploads\/2025\/01\/personal_training_1-1024x730.jpg\" class=\"attachment-large size-large wp-image-7778\" alt=\"\" srcset=\"https:\/\/www.myfitness.lv\/wp-content\/uploads\/2025\/01\/personal_training_1-1024x730.jpg 1024w, https:\/\/www.myfitness.lv\/wp-content\/uploads\/2025\/01\/personal_training_1-300x214.jpg 300w, https:\/\/www.myfitness.lv\/wp-content\/uploads\/2025\/01\/personal_training_1-768x548.jpg 768w, https:\/\/www.myfitness.lv\/wp-content\/uploads\/2025\/01\/personal_training_1-1536x1096.jpg 1536w, https:\/\/www.myfitness.lv\/wp-content\/uploads\/2025\/01\/personal_training_1-600x428.jpg 600w, https:\/\/www.myfitness.lv\/wp-content\/uploads\/2025\/01\/personal_training_1.jpg 1800w\" sizes=\"(max-width: 800px) 100vw, 800px\" \/>\t\t\t\t\t\t\t\t\t\t\t\t\t\t\t<\/div>\n\t\t\t\t<\/div>\n\t\t\t\t<\/div>\n\t\t\t\t<\/div>\n\t\t\t\t<\/div>\n\t\t","protected":false},"excerpt":{"rendered":"<p>Let us help you find the right trainer for you! Fill out the form, and we will find the most suitable MyFitness personal trainer for you, taking into account your fitness goals and preferences.<\/p>\n","protected":false},"author":4,"featured_media":7784,"parent":0,"menu_order":0,"comment_status":"closed","ping_status":"closed","template":"","meta":{"_acf_changed":false,"footnotes":""},"training_feature":[],"class_list":["post-25642","page","type-page","status-publish","has-post-thumbnail","hentry"],"acf":[],"yoast_head":"<!-- This site is optimized with the Yoast SEO plugin v27.4 - https:\/\/yoast.com\/product\/yoast-seo-wordpress\/ -->\n<title>Find your trainer - MyFitness sports club<\/title>\n<meta name=\"description\" content=\"Choose the club where you want to train, and we\u2019ll help you find a suitable personal trainer.\" \/>\n<meta name=\"robots\" content=\"index, follow, max-snippet:-1, max-image-preview:large, max-video-preview:-1\" \/>\n<link rel=\"canonical\" href=\"https:\/\/www.myfitness.lv\/en\/find-your-trainer\/\" \/>\n<meta property=\"og:locale\" content=\"en_US\" \/>\n<meta property=\"og:type\" content=\"article\" \/>\n<meta property=\"og:title\" content=\"Find your trainer - MyFitness sports club\" \/>\n<meta property=\"og:description\" content=\"Choose the club where you want to train, and we\u2019ll help you find a suitable personal trainer.\" \/>\n<meta property=\"og:url\" content=\"https:\/\/www.myfitness.lv\/en\/find-your-trainer\/\" \/>\n<meta property=\"og:site_name\" content=\"MyFitness sports club\" \/>\n<meta property=\"article:publisher\" content=\"https:\/\/www.facebook.com\/MyFitness\/\" \/>\n<meta property=\"article:modified_time\" content=\"2025-10-08T12:30:33+00:00\" \/>\n<meta property=\"og:image\" content=\"https:\/\/www.myfitness.lv\/wp-content\/uploads\/2025\/01\/cover_pt.jpg\" \/>\n\t<meta property=\"og:image:width\" content=\"1920\" \/>\n\t<meta property=\"og:image:height\" content=\"943\" \/>\n\t<meta property=\"og:image:type\" content=\"image\/jpeg\" \/>\n<meta name=\"twitter:card\" content=\"summary_large_image\" \/>\n<script type=\"application\/ld+json\" class=\"yoast-schema-graph\">{\"@context\":\"https:\\\/\\\/schema.org\",\"@graph\":[{\"@type\":\"WebPage\",\"@id\":\"https:\\\/\\\/www.myfitness.lv\\\/en\\\/find-your-trainer\\\/\",\"url\":\"https:\\\/\\\/www.myfitness.lv\\\/en\\\/find-your-trainer\\\/\",\"name\":\"Find your trainer - MyFitness sports club\",\"isPartOf\":{\"@id\":\"https:\\\/\\\/www.myfitness.ee\\\/#website\"},\"primaryImageOfPage\":{\"@id\":\"https:\\\/\\\/www.myfitness.lv\\\/en\\\/find-your-trainer\\\/#primaryimage\"},\"image\":{\"@id\":\"https:\\\/\\\/www.myfitness.lv\\\/en\\\/find-your-trainer\\\/#primaryimage\"},\"thumbnailUrl\":\"https:\\\/\\\/www.myfitness.lv\\\/wp-content\\\/uploads\\\/2025\\\/01\\\/cover_pt.jpg\",\"datePublished\":\"2025-08-13T12:54:46+00:00\",\"dateModified\":\"2025-10-08T12:30:33+00:00\",\"description\":\"Choose the club where you want to train, and we\u2019ll help you find a suitable personal trainer.\",\"breadcrumb\":{\"@id\":\"https:\\\/\\\/www.myfitness.lv\\\/en\\\/find-your-trainer\\\/#breadcrumb\"},\"inLanguage\":\"en-US\",\"potentialAction\":[{\"@type\":\"ReadAction\",\"target\":[\"https:\\\/\\\/www.myfitness.lv\\\/en\\\/find-your-trainer\\\/\"]}]},{\"@type\":\"ImageObject\",\"inLanguage\":\"en-US\",\"@id\":\"https:\\\/\\\/www.myfitness.lv\\\/en\\\/find-your-trainer\\\/#primaryimage\",\"url\":\"https:\\\/\\\/www.myfitness.lv\\\/wp-content\\\/uploads\\\/2025\\\/01\\\/cover_pt.jpg\",\"contentUrl\":\"https:\\\/\\\/www.myfitness.lv\\\/wp-content\\\/uploads\\\/2025\\\/01\\\/cover_pt.jpg\",\"width\":1920,\"height\":943},{\"@type\":\"BreadcrumbList\",\"@id\":\"https:\\\/\\\/www.myfitness.lv\\\/en\\\/find-your-trainer\\\/#breadcrumb\",\"itemListElement\":[{\"@type\":\"ListItem\",\"position\":1,\"name\":\"Home\",\"item\":\"https:\\\/\\\/www.myfitness.lv\\\/en\\\/\"},{\"@type\":\"ListItem\",\"position\":2,\"name\":\"Find your trainer\"}]},{\"@type\":\"WebSite\",\"@id\":\"https:\\\/\\\/www.myfitness.ee\\\/#website\",\"url\":\"https:\\\/\\\/www.myfitness.ee\\\/\",\"name\":\"MyFitness sports club\",\"description\":\"Ieguld\u012bjums vesel\u012bb\u0101\",\"publisher\":{\"@id\":\"https:\\\/\\\/www.myfitness.ee\\\/#organization\"},\"potentialAction\":[{\"@type\":\"SearchAction\",\"target\":{\"@type\":\"EntryPoint\",\"urlTemplate\":\"https:\\\/\\\/www.myfitness.ee\\\/?s={search_term_string}\"},\"query-input\":{\"@type\":\"PropertyValueSpecification\",\"valueRequired\":true,\"valueName\":\"search_term_string\"}}],\"inLanguage\":\"en-US\"},{\"@type\":\"Organization\",\"@id\":\"https:\\\/\\\/www.myfitness.ee\\\/#organization\",\"name\":\"MyFitness spordiklubi\",\"url\":\"https:\\\/\\\/www.myfitness.ee\\\/\",\"logo\":{\"@type\":\"ImageObject\",\"inLanguage\":\"en-US\",\"@id\":\"https:\\\/\\\/www.myfitness.ee\\\/#\\\/schema\\\/logo\\\/image\\\/\",\"url\":\"https:\\\/\\\/www.myfitness.lv\\\/wp-content\\\/uploads\\\/2024\\\/09\\\/logo-myfitness-white.svg\",\"contentUrl\":\"https:\\\/\\\/www.myfitness.lv\\\/wp-content\\\/uploads\\\/2024\\\/09\\\/logo-myfitness-white.svg\",\"width\":172,\"height\":49,\"caption\":\"MyFitness spordiklubi\"},\"image\":{\"@id\":\"https:\\\/\\\/www.myfitness.ee\\\/#\\\/schema\\\/logo\\\/image\\\/\"},\"sameAs\":[\"https:\\\/\\\/www.facebook.com\\\/MyFitness\\\/\",\"https:\\\/\\\/www.instagram.com\\\/myfitnesseesti\\\/\",\"https:\\\/\\\/ee.linkedin.com\\\/company\\\/myfitness-group\"]}]}<\/script>\n<!-- \/ Yoast SEO plugin. -->","yoast_head_json":{"title":"Find your trainer - MyFitness sports club","description":"Choose the club where you want to train, and we\u2019ll help you find a suitable personal trainer.","robots":{"index":"index","follow":"follow","max-snippet":"max-snippet:-1","max-image-preview":"max-image-preview:large","max-video-preview":"max-video-preview:-1"},"canonical":"https:\/\/www.myfitness.lv\/en\/find-your-trainer\/","og_locale":"en_US","og_type":"article","og_title":"Find your trainer - MyFitness sports club","og_description":"Choose the club where you want to train, and we\u2019ll help you find a suitable personal trainer.","og_url":"https:\/\/www.myfitness.lv\/en\/find-your-trainer\/","og_site_name":"MyFitness sports club","article_publisher":"https:\/\/www.facebook.com\/MyFitness\/","article_modified_time":"2025-10-08T12:30:33+00:00","og_image":[{"width":1920,"height":943,"url":"https:\/\/www.myfitness.lv\/wp-content\/uploads\/2025\/01\/cover_pt.jpg","type":"image\/jpeg"}],"twitter_card":"summary_large_image","schema":{"@context":"https:\/\/schema.org","@graph":[{"@type":"WebPage","@id":"https:\/\/www.myfitness.lv\/en\/find-your-trainer\/","url":"https:\/\/www.myfitness.lv\/en\/find-your-trainer\/","name":"Find your trainer - MyFitness sports club","isPartOf":{"@id":"https:\/\/www.myfitness.ee\/#website"},"primaryImageOfPage":{"@id":"https:\/\/www.myfitness.lv\/en\/find-your-trainer\/#primaryimage"},"image":{"@id":"https:\/\/www.myfitness.lv\/en\/find-your-trainer\/#primaryimage"},"thumbnailUrl":"https:\/\/www.myfitness.lv\/wp-content\/uploads\/2025\/01\/cover_pt.jpg","datePublished":"2025-08-13T12:54:46+00:00","dateModified":"2025-10-08T12:30:33+00:00","description":"Choose the club where you want to train, and we\u2019ll help you find a suitable personal trainer.","breadcrumb":{"@id":"https:\/\/www.myfitness.lv\/en\/find-your-trainer\/#breadcrumb"},"inLanguage":"en-US","potentialAction":[{"@type":"ReadAction","target":["https:\/\/www.myfitness.lv\/en\/find-your-trainer\/"]}]},{"@type":"ImageObject","inLanguage":"en-US","@id":"https:\/\/www.myfitness.lv\/en\/find-your-trainer\/#primaryimage","url":"https:\/\/www.myfitness.lv\/wp-content\/uploads\/2025\/01\/cover_pt.jpg","contentUrl":"https:\/\/www.myfitness.lv\/wp-content\/uploads\/2025\/01\/cover_pt.jpg","width":1920,"height":943},{"@type":"BreadcrumbList","@id":"https:\/\/www.myfitness.lv\/en\/find-your-trainer\/#breadcrumb","itemListElement":[{"@type":"ListItem","position":1,"name":"Home","item":"https:\/\/www.myfitness.lv\/en\/"},{"@type":"ListItem","position":2,"name":"Find your trainer"}]},{"@type":"WebSite","@id":"https:\/\/www.myfitness.ee\/#website","url":"https:\/\/www.myfitness.ee\/","name":"MyFitness sports club","description":"Ieguld\u012bjums vesel\u012bb\u0101","publisher":{"@id":"https:\/\/www.myfitness.ee\/#organization"},"potentialAction":[{"@type":"SearchAction","target":{"@type":"EntryPoint","urlTemplate":"https:\/\/www.myfitness.ee\/?s={search_term_string}"},"query-input":{"@type":"PropertyValueSpecification","valueRequired":true,"valueName":"search_term_string"}}],"inLanguage":"en-US"},{"@type":"Organization","@id":"https:\/\/www.myfitness.ee\/#organization","name":"MyFitness spordiklubi","url":"https:\/\/www.myfitness.ee\/","logo":{"@type":"ImageObject","inLanguage":"en-US","@id":"https:\/\/www.myfitness.ee\/#\/schema\/logo\/image\/","url":"https:\/\/www.myfitness.lv\/wp-content\/uploads\/2024\/09\/logo-myfitness-white.svg","contentUrl":"https:\/\/www.myfitness.lv\/wp-content\/uploads\/2024\/09\/logo-myfitness-white.svg","width":172,"height":49,"caption":"MyFitness spordiklubi"},"image":{"@id":"https:\/\/www.myfitness.ee\/#\/schema\/logo\/image\/"},"sameAs":["https:\/\/www.facebook.com\/MyFitness\/","https:\/\/www.instagram.com\/myfitnesseesti\/","https:\/\/ee.linkedin.com\/company\/myfitness-group"]}]}},"_links":{"self":[{"href":"https:\/\/www.myfitness.lv\/en\/wp-json\/wp\/v2\/pages\/25642","targetHints":{"allow":["GET"]}}],"collection":[{"href":"https:\/\/www.myfitness.lv\/en\/wp-json\/wp\/v2\/pages"}],"about":[{"href":"https:\/\/www.myfitness.lv\/en\/wp-json\/wp\/v2\/types\/page"}],"author":[{"embeddable":true,"href":"https:\/\/www.myfitness.lv\/en\/wp-json\/wp\/v2\/users\/4"}],"replies":[{"embeddable":true,"href":"https:\/\/www.myfitness.lv\/en\/wp-json\/wp\/v2\/comments?post=25642"}],"version-history":[{"count":3,"href":"https:\/\/www.myfitness.lv\/en\/wp-json\/wp\/v2\/pages\/25642\/revisions"}],"predecessor-version":[{"id":27728,"href":"https:\/\/www.myfitness.lv\/en\/wp-json\/wp\/v2\/pages\/25642\/revisions\/27728"}],"wp:featuredmedia":[{"embeddable":true,"href":"https:\/\/www.myfitness.lv\/en\/wp-json\/wp\/v2\/media\/7784"}],"wp:attachment":[{"href":"https:\/\/www.myfitness.lv\/en\/wp-json\/wp\/v2\/media?parent=25642"}],"wp:term":[{"taxonomy":"training_feature","embeddable":true,"href":"https:\/\/www.myfitness.lv\/en\/wp-json\/wp\/v2\/training_feature?post=25642"}],"curies":[{"name":"wp","href":"https:\/\/api.w.org\/{rel}","templated":true}]}}