{"id":13331,"date":"2025-03-31T16:49:02","date_gmt":"2025-03-31T13:49:02","guid":{"rendered":"https:\/\/www.myfitness.lv\/events\/"},"modified":"2025-11-25T10:46:26","modified_gmt":"2025-11-25T08:46:26","slug":"events","status":"publish","type":"page","link":"https:\/\/www.myfitness.lv\/en\/events\/","title":{"rendered":"Events"},"content":{"rendered":"\t\t<div data-elementor-type=\"wp-page\" data-elementor-id=\"13331\" class=\"elementor elementor-13331 elementor-13317\" data-elementor-post-type=\"page\">\n\t\t\t\t<div class=\"elementor-element elementor-element-4229152 e-flex e-con-boxed e-con e-parent\" data-id=\"4229152\" data-element_type=\"container\" data-e-type=\"container\">\n\t\t\t\t\t<div class=\"e-con-inner\">\n\t\t<div class=\"elementor-element elementor-element-c5dbf90 e-con-full e-flex e-con e-child\" data-id=\"c5dbf90\" data-element_type=\"container\" data-e-type=\"container\">\n\t\t<div class=\"elementor-element elementor-element-f89008f e-con-full e-flex e-con e-child\" data-id=\"f89008f\" data-element_type=\"container\" data-e-type=\"container\">\n\t\t\t\t<\/div>\n\t\t\t\t<\/div>\n\t\t\t\t<div class=\"elementor-element elementor-element-8844a3f elementor-grid-3 elementor-grid-tablet-2 elementor-grid-mobile-1 elementor-widget elementor-widget-loop-grid\" data-id=\"8844a3f\" data-element_type=\"widget\" data-e-type=\"widget\" data-settings=\"{&quot;template_id&quot;:13327,&quot;pagination_type&quot;:&quot;load_more_infinite_scroll&quot;,&quot;row_gap&quot;:{&quot;unit&quot;:&quot;custom&quot;,&quot;size&quot;:&quot;var(--mf-space-s)&quot;,&quot;sizes&quot;:[]},&quot;row_gap_tablet&quot;:{&quot;unit&quot;:&quot;custom&quot;,&quot;size&quot;:&quot;&quot;,&quot;sizes&quot;:[]},&quot;row_gap_mobile&quot;:{&quot;unit&quot;:&quot;custom&quot;,&quot;size&quot;:&quot;&quot;,&quot;sizes&quot;:[]},&quot;_skin&quot;:&quot;post&quot;,&quot;columns&quot;:&quot;3&quot;,&quot;columns_tablet&quot;:&quot;2&quot;,&quot;columns_mobile&quot;:&quot;1&quot;,&quot;edit_handle_selector&quot;:&quot;[data-elementor-type=\\&quot;loop-item\\&quot;]&quot;,&quot;load_more_spinner&quot;:{&quot;value&quot;:&quot;fas fa-spinner&quot;,&quot;library&quot;:&quot;fa-solid&quot;}}\" data-widget_type=\"loop-grid.post\">\n\t\t\t\t<div class=\"elementor-widget-container\">\n\t\t\t\t\t\t\t<div class=\"e-loop-nothing-found-message\">\n\t\t\t\t\t<div class=\"e-loop-nothing-found-message__text\">\n\t\t\t\tIt seems we can't find what you're looking for.\t\t\t<\/div>\n\t\t\t<\/div>\n\t\t\t\t\t\t<\/div>\n\t\t\t\t<\/div>\n\t\t\t\t\t<\/div>\n\t\t\t\t<\/div>\n\t\t\t\t<\/div>\n\t\t","protected":false},"excerpt":{"rendered":"","protected":false},"author":1,"featured_media":0,"parent":0,"menu_order":0,"comment_status":"closed","ping_status":"closed","template":"","meta":{"_acf_changed":false,"footnotes":""},"training_feature":[],"class_list":["post-13331","page","type-page","status-publish","hentry"],"acf":[],"yoast_head":"<!-- This site is optimized with the Yoast SEO plugin v27.4 - https:\/\/yoast.com\/product\/yoast-seo-wordpress\/ -->\n<title>Events - MyFitness sports club<\/title>\n<meta name=\"robots\" content=\"index, follow, max-snippet:-1, max-image-preview:large, max-video-preview:-1\" \/>\n<link rel=\"canonical\" href=\"https:\/\/www.myfitness.lv\/en\/events\/\" \/>\n<meta property=\"og:locale\" content=\"en_US\" \/>\n<meta property=\"og:type\" content=\"article\" \/>\n<meta property=\"og:title\" content=\"Events - MyFitness sports club\" \/>\n<meta property=\"og:url\" content=\"https:\/\/www.myfitness.lv\/en\/events\/\" \/>\n<meta property=\"og:site_name\" content=\"MyFitness sports club\" \/>\n<meta property=\"article:publisher\" content=\"https:\/\/www.facebook.com\/MyFitness\/\" \/>\n<meta property=\"article:modified_time\" content=\"2025-11-25T08:46:26+00:00\" \/>\n<meta name=\"twitter:card\" content=\"summary_large_image\" \/>\n<script type=\"application\/ld+json\" class=\"yoast-schema-graph\">{\"@context\":\"https:\\\/\\\/schema.org\",\"@graph\":[{\"@type\":\"WebPage\",\"@id\":\"https:\\\/\\\/www.myfitness.lv\\\/en\\\/events\\\/\",\"url\":\"https:\\\/\\\/www.myfitness.lv\\\/en\\\/events\\\/\",\"name\":\"Events - MyFitness sports club\",\"isPartOf\":{\"@id\":\"https:\\\/\\\/www.myfitness.ee\\\/#website\"},\"datePublished\":\"2025-03-31T13:49:02+00:00\",\"dateModified\":\"2025-11-25T08:46:26+00:00\",\"breadcrumb\":{\"@id\":\"https:\\\/\\\/www.myfitness.lv\\\/en\\\/events\\\/#breadcrumb\"},\"inLanguage\":\"en-US\",\"potentialAction\":[{\"@type\":\"ReadAction\",\"target\":[\"https:\\\/\\\/www.myfitness.lv\\\/en\\\/events\\\/\"]}]},{\"@type\":\"BreadcrumbList\",\"@id\":\"https:\\\/\\\/www.myfitness.lv\\\/en\\\/events\\\/#breadcrumb\",\"itemListElement\":[{\"@type\":\"ListItem\",\"position\":1,\"name\":\"Home\",\"item\":\"https:\\\/\\\/www.myfitness.lv\\\/en\\\/\"},{\"@type\":\"ListItem\",\"position\":2,\"name\":\"Events\"}]},{\"@type\":\"WebSite\",\"@id\":\"https:\\\/\\\/www.myfitness.ee\\\/#website\",\"url\":\"https:\\\/\\\/www.myfitness.ee\\\/\",\"name\":\"MyFitness sports club\",\"description\":\"Ieguld\u012bjums vesel\u012bb\u0101\",\"publisher\":{\"@id\":\"https:\\\/\\\/www.myfitness.ee\\\/#organization\"},\"potentialAction\":[{\"@type\":\"SearchAction\",\"target\":{\"@type\":\"EntryPoint\",\"urlTemplate\":\"https:\\\/\\\/www.myfitness.ee\\\/?s={search_term_string}\"},\"query-input\":{\"@type\":\"PropertyValueSpecification\",\"valueRequired\":true,\"valueName\":\"search_term_string\"}}],\"inLanguage\":\"en-US\"},{\"@type\":\"Organization\",\"@id\":\"https:\\\/\\\/www.myfitness.ee\\\/#organization\",\"name\":\"MyFitness spordiklubi\",\"url\":\"https:\\\/\\\/www.myfitness.ee\\\/\",\"logo\":{\"@type\":\"ImageObject\",\"inLanguage\":\"en-US\",\"@id\":\"https:\\\/\\\/www.myfitness.ee\\\/#\\\/schema\\\/logo\\\/image\\\/\",\"url\":\"https:\\\/\\\/www.myfitness.lv\\\/wp-content\\\/uploads\\\/2024\\\/09\\\/logo-myfitness-white.svg\",\"contentUrl\":\"https:\\\/\\\/www.myfitness.lv\\\/wp-content\\\/uploads\\\/2024\\\/09\\\/logo-myfitness-white.svg\",\"width\":172,\"height\":49,\"caption\":\"MyFitness spordiklubi\"},\"image\":{\"@id\":\"https:\\\/\\\/www.myfitness.ee\\\/#\\\/schema\\\/logo\\\/image\\\/\"},\"sameAs\":[\"https:\\\/\\\/www.facebook.com\\\/MyFitness\\\/\",\"https:\\\/\\\/www.instagram.com\\\/myfitnesseesti\\\/\",\"https:\\\/\\\/ee.linkedin.com\\\/company\\\/myfitness-group\"]}]}<\/script>\n<!-- \/ Yoast SEO plugin. -->","yoast_head_json":{"title":"Events - MyFitness sports club","robots":{"index":"index","follow":"follow","max-snippet":"max-snippet:-1","max-image-preview":"max-image-preview:large","max-video-preview":"max-video-preview:-1"},"canonical":"https:\/\/www.myfitness.lv\/en\/events\/","og_locale":"en_US","og_type":"article","og_title":"Events - MyFitness sports club","og_url":"https:\/\/www.myfitness.lv\/en\/events\/","og_site_name":"MyFitness sports club","article_publisher":"https:\/\/www.facebook.com\/MyFitness\/","article_modified_time":"2025-11-25T08:46:26+00:00","twitter_card":"summary_large_image","schema":{"@context":"https:\/\/schema.org","@graph":[{"@type":"WebPage","@id":"https:\/\/www.myfitness.lv\/en\/events\/","url":"https:\/\/www.myfitness.lv\/en\/events\/","name":"Events - MyFitness sports club","isPartOf":{"@id":"https:\/\/www.myfitness.ee\/#website"},"datePublished":"2025-03-31T13:49:02+00:00","dateModified":"2025-11-25T08:46:26+00:00","breadcrumb":{"@id":"https:\/\/www.myfitness.lv\/en\/events\/#breadcrumb"},"inLanguage":"en-US","potentialAction":[{"@type":"ReadAction","target":["https:\/\/www.myfitness.lv\/en\/events\/"]}]},{"@type":"BreadcrumbList","@id":"https:\/\/www.myfitness.lv\/en\/events\/#breadcrumb","itemListElement":[{"@type":"ListItem","position":1,"name":"Home","item":"https:\/\/www.myfitness.lv\/en\/"},{"@type":"ListItem","position":2,"name":"Events"}]},{"@type":"WebSite","@id":"https:\/\/www.myfitness.ee\/#website","url":"https:\/\/www.myfitness.ee\/","name":"MyFitness sports club","description":"Ieguld\u012bjums vesel\u012bb\u0101","publisher":{"@id":"https:\/\/www.myfitness.ee\/#organization"},"potentialAction":[{"@type":"SearchAction","target":{"@type":"EntryPoint","urlTemplate":"https:\/\/www.myfitness.ee\/?s={search_term_string}"},"query-input":{"@type":"PropertyValueSpecification","valueRequired":true,"valueName":"search_term_string"}}],"inLanguage":"en-US"},{"@type":"Organization","@id":"https:\/\/www.myfitness.ee\/#organization","name":"MyFitness spordiklubi","url":"https:\/\/www.myfitness.ee\/","logo":{"@type":"ImageObject","inLanguage":"en-US","@id":"https:\/\/www.myfitness.ee\/#\/schema\/logo\/image\/","url":"https:\/\/www.myfitness.lv\/wp-content\/uploads\/2024\/09\/logo-myfitness-white.svg","contentUrl":"https:\/\/www.myfitness.lv\/wp-content\/uploads\/2024\/09\/logo-myfitness-white.svg","width":172,"height":49,"caption":"MyFitness spordiklubi"},"image":{"@id":"https:\/\/www.myfitness.ee\/#\/schema\/logo\/image\/"},"sameAs":["https:\/\/www.facebook.com\/MyFitness\/","https:\/\/www.instagram.com\/myfitnesseesti\/","https:\/\/ee.linkedin.com\/company\/myfitness-group"]}]}},"_links":{"self":[{"href":"https:\/\/www.myfitness.lv\/en\/wp-json\/wp\/v2\/pages\/13331","targetHints":{"allow":["GET"]}}],"collection":[{"href":"https:\/\/www.myfitness.lv\/en\/wp-json\/wp\/v2\/pages"}],"about":[{"href":"https:\/\/www.myfitness.lv\/en\/wp-json\/wp\/v2\/types\/page"}],"author":[{"embeddable":true,"href":"https:\/\/www.myfitness.lv\/en\/wp-json\/wp\/v2\/users\/1"}],"replies":[{"embeddable":true,"href":"https:\/\/www.myfitness.lv\/en\/wp-json\/wp\/v2\/comments?post=13331"}],"version-history":[{"count":2,"href":"https:\/\/www.myfitness.lv\/en\/wp-json\/wp\/v2\/pages\/13331\/revisions"}],"predecessor-version":[{"id":13338,"href":"https:\/\/www.myfitness.lv\/en\/wp-json\/wp\/v2\/pages\/13331\/revisions\/13338"}],"wp:attachment":[{"href":"https:\/\/www.myfitness.lv\/en\/wp-json\/wp\/v2\/media?parent=13331"}],"wp:term":[{"taxonomy":"training_feature","embeddable":true,"href":"https:\/\/www.myfitness.lv\/en\/wp-json\/wp\/v2\/training_feature?post=13331"}],"curies":[{"name":"wp","href":"https:\/\/api.w.org\/{rel}","templated":true}]}}